{"id":148,"date":"2020-07-31T08:18:27","date_gmt":"2020-07-31T08:18:27","guid":{"rendered":"https:\/\/start.mycasavi.com\/?page_id=148"},"modified":"2023-04-21T11:15:01","modified_gmt":"2023-04-21T09:15:01","slug":"grundfunktionen","status":"publish","type":"page","link":"https:\/\/training.casavi.com\/de\/grundfunktionen\/","title":{"rendered":"Grundfunktionen"},"content":{"rendered":"\n<p>Schritt 1:<\/p>\n\n\n\n<div class=\"wp-block-group is-style-cta-dark is-layout-flow wp-block-group-is-layout-flow\">\n<h2 class=\"has-text-align-center has-gray-0-color has-text-color wp-block-heading\">\u00dcbersicht und <br>Grundfunktionen<\/h2>\n<\/div>\n\n\n\n<div style=\"height:48px\" aria-hidden=\"true\" class=\"wp-block-spacer\"><\/div>\n\n\n\n<p>Machen Sie sich mit dem Grundaufbau und den Funktionen von casavi vertraut:<\/p>\n\n\n<ul class=\"wp-block-list is-style-checklist\">\n<li><strong>Verwalteransicht<\/strong>: Sehen Sie sich an, wie casavi aufgebaut ist und was es f\u00fcr Funktionen gibt<\/li>\n\n\n\n<li><strong>Kundenportal<\/strong>: Finden Sie heraus, wie Sie sich eine Vorschau vom Kundenportal anzeigen lassen k\u00f6nnen, um die Ansicht Ihrer Kunden zu \u00fcberpr\u00fcfen<\/li>\n\n\n\n<li><strong>Mitteilungen und Termine<\/strong>: Testen Sie, wie sich Mitteilungen und Termine erstellen lassen<\/li>\n\n\n\n<li><strong>Dokumente<\/strong>: Erfahren Sie, wie Sie Dokumente im Kundenportal freigeben k\u00f6nnen und worauf Sie dabei achten sollten<\/li>\n<\/ul>\n\n\n<p>Nutzen Sie unsere drei&nbsp;<strong>Schulungsvideos zu den \u201eGrundlagen\u201c<\/strong>, um sich in Aufbau und Grundfunktionen einzuarbeiten:<\/p>\n\n\n\n<div style=\"height:51px\" aria-hidden=\"true\" class=\"wp-block-spacer\"><\/div>\n\n\n\t<div class=\"lh-block-lh-videos alignwide\">\n\t\t\t\t\t<div class=\"\">\n\t\t\t<div class=\"casavi-video\">\n\t\t\t\t\t\t<a href=\"https:\/\/youtu.be\/INT4gG937Yk\" class=\"casavi-video__link\" data-title=\"01. Grundfunktionen: Die Verwalteransicht &#8211; Erster Rundgang im casavi Account\" data-description=\"&lt;p&gt;In diesem Video bekommen Sie einen kompakten Einstieg in den Aufbau von casavi und lernen die wichtigsten Funktionen im Hauptmen\u00fc kennen.&lt;\/p&gt;\n\"><\/a>\n\n\t\t\t\t\t\t\t\t\t\t<img decoding=\"async\" src=\"https:\/\/training.casavi.com\/de\/wp-content\/themes\/cascpt\/img\/video-placeholder.jpg\" alt=\"01. Grundfunktionen: Die Verwalteransicht &#8211; Erster Rundgang im casavi Account\" class=\"casavi-video-thumbnail\" width=\"960\" height=\"540\" \/>\n\t\t\t\n\t\t\t\t\t\t<div class=\"casavi-video-info__title text-icon-label\">\n\t\t\t\t<span class=\"icon-label casavi-video-info__bubble the-video-title has-primary-500-background-color has-gray-0-color\">\n\t\t\t\t\t01. Grundfunktionen: Die Verwalteransicht &#8211; Erster Rundgang im casavi Account\t\t\t\t<\/span>\n\t\t\t\t<img decoding=\"async\" src=\"https:\/\/training.casavi.com\/de\/wp-content\/themes\/cascpt\/img\/logo-mobile.png\" alt=\"casavi\" class=\"casavi-logo\" width=\"89\" height=\"80\" \/>\n\t\t\t<\/div>\n\n\t\t\t\t\t\t<div class=\"casavi-video-play-button\"><\/div>\n\n\t\t\t\t\t\t<div class=\"casavi-video-info__bubble the-video-description has-primary-900-background-color has-gray-0-color\">\n\t\t\t\t<div class=\"icon icon-information\">\n\t<svg xmlns=\"http:\/\/www.w3.org\/2000\/svg\" role=\"presentation\" viewBox=\"0 0 32 32\">\n  <path d=\"M17 22v-8h-4v2h2v6h-3v2h8v-2h-3zM16 8a1.5 1.5 0 1 0 1.5 1.5A1.5 1.5 0 0 0 16 8z\"><\/path>\n  <path d=\"M16 30a14 14 0 1 1 14-14 14 14 0 0 1-14 14Zm0-26a12 12 0 1 0 12 12A12 12 0 0 0 16 4Z\"><\/path>\n<\/svg><\/div>\n\t\t\t\t<span class=\"casavi-video-info__description-text\"><p>In diesem Video bekommen Sie einen kompakten Einstieg in den Aufbau von casavi und lernen die wichtigsten Funktionen im Hauptmen\u00fc kennen.<\/p>\n<\/span>\n\t\t\t<\/div>\n\n\t\t\t\t\t\t<div class=\"casavi-video-info__bubble the-video-youtube-flag text-icon-label has-primary-900-background-color has-gray-0-color\">\n\t\t\t\t<div class=\"icon icon-youtube\">\n\t<svg xmlns=\"http:\/\/www.w3.org\/2000\/svg\" role=\"presentation\" viewBox=\"0 0 32 32\">\n  <path d=\"M29.41 9.26a3.5 3.5 0 0 0-2.47-2.47C24.76 6.2 16 6.2 16 6.2s-8.76 0-10.94.59a3.5 3.5 0 0 0-2.47 2.47A36.13 36.13 0 0 0 2 16a36.13 36.13 0 0 0 .59 6.74 3.5 3.5 0 0 0 2.47 2.47c2.18.59 10.94.59 10.94.59s8.76 0 10.94-.59a3.5 3.5 0 0 0 2.47-2.47A36.13 36.13 0 0 0 30 16a36.13 36.13 0 0 0-.59-6.74ZM13.2 20.2v-8.4l7.27 4.2Z\"><\/path>\n<\/svg><\/div>\n\t\t\t\t<span class=\"icon-label\">\n\t\t\t\t\tYouTube Video\t\t\t\t<\/span>\n\t\t\t<\/div>\n\t\t<\/div>\n\t\t<\/div>\n<div class=\"\">\n\t\t\t<div class=\"casavi-video\">\n\t\t\t\t\t\t<a href=\"https:\/\/youtu.be\/Ia9_WlnvGY0\" class=\"casavi-video__link\" data-title=\"02. Grundfunktionen: \u00dcbersicht der Liegenschaften und Dokumentenablage\" data-description=\"&lt;p&gt;In diesem Video erfahren Sie, wie der Bereich \u201eLiegenschaften\u201c strukturiert ist und auf welchen Ebenen Sie Ihre Dokumente ablegen k\u00f6nnen.&lt;\/p&gt;\n\"><\/a>\n\n\t\t\t\t\t\t\t\t\t\t<img decoding=\"async\" src=\"https:\/\/training.casavi.com\/de\/wp-content\/themes\/cascpt\/img\/video-placeholder.jpg\" alt=\"02. Grundfunktionen: \u00dcbersicht der Liegenschaften und Dokumentenablage\" class=\"casavi-video-thumbnail\" width=\"960\" height=\"540\" \/>\n\t\t\t\n\t\t\t\t\t\t<div class=\"casavi-video-info__title text-icon-label\">\n\t\t\t\t<span class=\"icon-label casavi-video-info__bubble the-video-title has-primary-500-background-color has-gray-0-color\">\n\t\t\t\t\t02. Grundfunktionen: \u00dcbersicht der Liegenschaften und Dokumentenablage\t\t\t\t<\/span>\n\t\t\t\t<img decoding=\"async\" src=\"https:\/\/training.casavi.com\/de\/wp-content\/themes\/cascpt\/img\/logo-mobile.png\" alt=\"casavi\" class=\"casavi-logo\" width=\"89\" height=\"80\" \/>\n\t\t\t<\/div>\n\n\t\t\t\t\t\t<div class=\"casavi-video-play-button\"><\/div>\n\n\t\t\t\t\t\t<div class=\"casavi-video-info__bubble the-video-description has-primary-900-background-color has-gray-0-color\">\n\t\t\t\t<div class=\"icon icon-information\">\n\t<svg xmlns=\"http:\/\/www.w3.org\/2000\/svg\" role=\"presentation\" viewBox=\"0 0 32 32\">\n  <path d=\"M17 22v-8h-4v2h2v6h-3v2h8v-2h-3zM16 8a1.5 1.5 0 1 0 1.5 1.5A1.5 1.5 0 0 0 16 8z\"><\/path>\n  <path d=\"M16 30a14 14 0 1 1 14-14 14 14 0 0 1-14 14Zm0-26a12 12 0 1 0 12 12A12 12 0 0 0 16 4Z\"><\/path>\n<\/svg><\/div>\n\t\t\t\t<span class=\"casavi-video-info__description-text\"><p>In diesem Video erfahren Sie, wie der Bereich \u201eLiegenschaften\u201c strukturiert ist und auf welchen Ebenen Sie Ihre Dokumente ablegen k\u00f6nnen.<\/p>\n<\/span>\n\t\t\t<\/div>\n\n\t\t\t\t\t\t<div class=\"casavi-video-info__bubble the-video-youtube-flag text-icon-label has-primary-900-background-color has-gray-0-color\">\n\t\t\t\t<div class=\"icon icon-youtube\">\n\t<svg xmlns=\"http:\/\/www.w3.org\/2000\/svg\" role=\"presentation\" viewBox=\"0 0 32 32\">\n  <path d=\"M29.41 9.26a3.5 3.5 0 0 0-2.47-2.47C24.76 6.2 16 6.2 16 6.2s-8.76 0-10.94.59a3.5 3.5 0 0 0-2.47 2.47A36.13 36.13 0 0 0 2 16a36.13 36.13 0 0 0 .59 6.74 3.5 3.5 0 0 0 2.47 2.47c2.18.59 10.94.59 10.94.59s8.76 0 10.94-.59a3.5 3.5 0 0 0 2.47-2.47A36.13 36.13 0 0 0 30 16a36.13 36.13 0 0 0-.59-6.74ZM13.2 20.2v-8.4l7.27 4.2Z\"><\/path>\n<\/svg><\/div>\n\t\t\t\t<span class=\"icon-label\">\n\t\t\t\t\tYouTube Video\t\t\t\t<\/span>\n\t\t\t<\/div>\n\t\t<\/div>\n\t\t<\/div>\n<div class=\"\">\n\t\t\t<div class=\"casavi-video\">\n\t\t\t\t\t\t<a href=\"https:\/\/youtu.be\/4x24p3ObPdg\" class=\"casavi-video__link\" data-title=\"03. Grundfunktionen: Mitteilungen und Termine erstellen\" data-description=\"&lt;p&gt;In diesem Video erfahren Sie, wie Sie Mitteilungen und Termine im Kundenportal einstellen, so direkt mit Ihren Kunden kommunizieren und worauf Sie dabei achten sollten.&lt;\/p&gt;\n\"><\/a>\n\n\t\t\t\t\t\t\t\t\t\t<img decoding=\"async\" src=\"https:\/\/training.casavi.com\/de\/wp-content\/themes\/cascpt\/img\/video-placeholder.jpg\" alt=\"03. Grundfunktionen: Mitteilungen und Termine erstellen\" class=\"casavi-video-thumbnail\" width=\"960\" height=\"540\" \/>\n\t\t\t\n\t\t\t\t\t\t<div class=\"casavi-video-info__title text-icon-label\">\n\t\t\t\t<span class=\"icon-label casavi-video-info__bubble the-video-title has-primary-500-background-color has-gray-0-color\">\n\t\t\t\t\t03. Grundfunktionen: Mitteilungen und Termine erstellen\t\t\t\t<\/span>\n\t\t\t\t<img decoding=\"async\" src=\"https:\/\/training.casavi.com\/de\/wp-content\/themes\/cascpt\/img\/logo-mobile.png\" alt=\"casavi\" class=\"casavi-logo\" width=\"89\" height=\"80\" \/>\n\t\t\t<\/div>\n\n\t\t\t\t\t\t<div class=\"casavi-video-play-button\"><\/div>\n\n\t\t\t\t\t\t<div class=\"casavi-video-info__bubble the-video-description has-primary-900-background-color has-gray-0-color\">\n\t\t\t\t<div class=\"icon icon-information\">\n\t<svg xmlns=\"http:\/\/www.w3.org\/2000\/svg\" role=\"presentation\" viewBox=\"0 0 32 32\">\n  <path d=\"M17 22v-8h-4v2h2v6h-3v2h8v-2h-3zM16 8a1.5 1.5 0 1 0 1.5 1.5A1.5 1.5 0 0 0 16 8z\"><\/path>\n  <path d=\"M16 30a14 14 0 1 1 14-14 14 14 0 0 1-14 14Zm0-26a12 12 0 1 0 12 12A12 12 0 0 0 16 4Z\"><\/path>\n<\/svg><\/div>\n\t\t\t\t<span class=\"casavi-video-info__description-text\"><p>In diesem Video erfahren Sie, wie Sie Mitteilungen und Termine im Kundenportal einstellen, so direkt mit Ihren Kunden kommunizieren und worauf Sie dabei achten sollten.<\/p>\n<\/span>\n\t\t\t<\/div>\n\n\t\t\t\t\t\t<div class=\"casavi-video-info__bubble the-video-youtube-flag text-icon-label has-primary-900-background-color has-gray-0-color\">\n\t\t\t\t<div class=\"icon icon-youtube\">\n\t<svg xmlns=\"http:\/\/www.w3.org\/2000\/svg\" role=\"presentation\" viewBox=\"0 0 32 32\">\n  <path d=\"M29.41 9.26a3.5 3.5 0 0 0-2.47-2.47C24.76 6.2 16 6.2 16 6.2s-8.76 0-10.94.59a3.5 3.5 0 0 0-2.47 2.47A36.13 36.13 0 0 0 2 16a36.13 36.13 0 0 0 .59 6.74 3.5 3.5 0 0 0 2.47 2.47c2.18.59 10.94.59 10.94.59s8.76 0 10.94-.59a3.5 3.5 0 0 0 2.47-2.47A36.13 36.13 0 0 0 30 16a36.13 36.13 0 0 0-.59-6.74ZM13.2 20.2v-8.4l7.27 4.2Z\"><\/path>\n<\/svg><\/div>\n\t\t\t\t<span class=\"icon-label\">\n\t\t\t\t\tYouTube Video\t\t\t\t<\/span>\n\t\t\t<\/div>\n\t\t<\/div>\n\t\t<\/div>\n\t\t\t<\/div>\n\n\n\n<div style=\"height:63px\" aria-hidden=\"true\" class=\"wp-block-spacer\"><\/div>\n\n\n\n<div style=\"height:0px\" aria-hidden=\"true\" class=\"wp-block-spacer\"><\/div>\n\n\n\n<div class=\"wp-block-buttons is-layout-flex wp-block-buttons-is-layout-flex\">\n<div class=\"wp-block-button\"><a class=\"wp-block-button__link has-primary-500-color has-gray-100-background-color has-text-color has-background wp-element-button\" href=\"https:\/\/training.casavi.com\/de\/\">Zur\u00fcck zur Startseite<\/a><\/div>\n\n\n\n<div class=\"wp-block-button\"><a class=\"wp-block-button__link wp-element-button\" href=\"https:\/\/training.casavi.com\/de\/administration\/\">Weiter zu Schritt 2<\/a><\/div>\n<\/div>\n","protected":false},"excerpt":{"rendered":"<p>Schritt 1: \u00dcbersicht und Grundfunktionen Machen Sie sich mit dem Grundaufbau und den Funktionen von casavi vertraut: Nutzen Sie unsere drei&nbsp;Schulungsvideos zu den \u201eGrundlagen\u201c, um sich in Aufbau und Grundfunktionen einzuarbeiten:<\/p>\n","protected":false},"author":2,"featured_media":0,"parent":0,"menu_order":0,"comment_status":"closed","ping_status":"closed","template":"","meta":{"_acf_changed":false,"_show_the_title":false,"footnotes":""},"class_list":["post-148","page","type-page","status-publish","hentry"],"acf":[],"yoast_head":"<!-- This site is optimized with the Yoast SEO plugin v27.4 - https:\/\/yoast.com\/product\/yoast-seo-wordpress\/ -->\n<title>Grundfunktionen - DE - casavi Training<\/title>\n<meta name=\"robots\" content=\"noindex, follow, max-snippet:-1, max-image-preview:large, max-video-preview:-1\" \/>\n<meta property=\"og:locale\" content=\"de_DE\" \/>\n<meta property=\"og:type\" content=\"article\" \/>\n<meta property=\"og:title\" content=\"Grundfunktionen - DE - casavi Training\" \/>\n<meta property=\"og:description\" content=\"Schritt 1: \u00dcbersicht und Grundfunktionen Machen Sie sich mit dem Grundaufbau und den Funktionen von casavi vertraut: Nutzen Sie unsere drei&nbsp;Schulungsvideos zu den \u201eGrundlagen\u201c, um sich in Aufbau und Grundfunktionen einzuarbeiten:\" \/>\n<meta property=\"og:url\" content=\"https:\/\/training.casavi.com\/de\/grundfunktionen\/\" \/>\n<meta property=\"og:site_name\" content=\"DE - casavi Training\" \/>\n<meta property=\"article:modified_time\" content=\"2023-04-21T09:15:01+00:00\" \/>\n<meta name=\"twitter:card\" content=\"summary_large_image\" \/>\n<meta name=\"twitter:label1\" content=\"Gesch\u00e4tzte Lesezeit\" \/>\n\t<meta name=\"twitter:data1\" content=\"1\u00a0Minute\" \/>\n<script type=\"application\/ld+json\" class=\"yoast-schema-graph\">{\"@context\":\"https:\\\/\\\/schema.org\",\"@graph\":[{\"@type\":\"WebPage\",\"@id\":\"https:\\\/\\\/training.casavi.com\\\/de\\\/grundfunktionen\\\/\",\"url\":\"https:\\\/\\\/training.casavi.com\\\/de\\\/grundfunktionen\\\/\",\"name\":\"Grundfunktionen - DE - casavi Training\",\"isPartOf\":{\"@id\":\"https:\\\/\\\/training.casavi.com\\\/de\\\/#website\"},\"datePublished\":\"2020-07-31T08:18:27+00:00\",\"dateModified\":\"2023-04-21T09:15:01+00:00\",\"breadcrumb\":{\"@id\":\"https:\\\/\\\/training.casavi.com\\\/de\\\/grundfunktionen\\\/#breadcrumb\"},\"inLanguage\":\"de\",\"potentialAction\":[{\"@type\":\"ReadAction\",\"target\":[\"https:\\\/\\\/training.casavi.com\\\/de\\\/grundfunktionen\\\/\"]}]},{\"@type\":\"BreadcrumbList\",\"@id\":\"https:\\\/\\\/training.casavi.com\\\/de\\\/grundfunktionen\\\/#breadcrumb\",\"itemListElement\":[{\"@type\":\"ListItem\",\"position\":1,\"name\":\"Startseite\",\"item\":\"https:\\\/\\\/training.casavi.com\\\/de\\\/\"},{\"@type\":\"ListItem\",\"position\":2,\"name\":\"Grundfunktionen\"}]},{\"@type\":\"WebSite\",\"@id\":\"https:\\\/\\\/training.casavi.com\\\/de\\\/#website\",\"url\":\"https:\\\/\\\/training.casavi.com\\\/de\\\/\",\"name\":\"DE - casavi Training\",\"description\":\"\",\"potentialAction\":[{\"@type\":\"SearchAction\",\"target\":{\"@type\":\"EntryPoint\",\"urlTemplate\":\"https:\\\/\\\/training.casavi.com\\\/de\\\/?s={search_term_string}\"},\"query-input\":{\"@type\":\"PropertyValueSpecification\",\"valueRequired\":true,\"valueName\":\"search_term_string\"}}],\"inLanguage\":\"de\"}]}<\/script>\n<!-- \/ Yoast SEO plugin. -->","yoast_head_json":{"title":"Grundfunktionen - DE - casavi Training","robots":{"index":"noindex","follow":"follow","max-snippet":"max-snippet:-1","max-image-preview":"max-image-preview:large","max-video-preview":"max-video-preview:-1"},"og_locale":"de_DE","og_type":"article","og_title":"Grundfunktionen - DE - casavi Training","og_description":"Schritt 1: \u00dcbersicht und Grundfunktionen Machen Sie sich mit dem Grundaufbau und den Funktionen von casavi vertraut: Nutzen Sie unsere drei&nbsp;Schulungsvideos zu den \u201eGrundlagen\u201c, um sich in Aufbau und Grundfunktionen einzuarbeiten:","og_url":"https:\/\/training.casavi.com\/de\/grundfunktionen\/","og_site_name":"DE - casavi Training","article_modified_time":"2023-04-21T09:15:01+00:00","twitter_card":"summary_large_image","twitter_misc":{"Gesch\u00e4tzte Lesezeit":"1\u00a0Minute"},"schema":{"@context":"https:\/\/schema.org","@graph":[{"@type":"WebPage","@id":"https:\/\/training.casavi.com\/de\/grundfunktionen\/","url":"https:\/\/training.casavi.com\/de\/grundfunktionen\/","name":"Grundfunktionen - DE - casavi Training","isPartOf":{"@id":"https:\/\/training.casavi.com\/de\/#website"},"datePublished":"2020-07-31T08:18:27+00:00","dateModified":"2023-04-21T09:15:01+00:00","breadcrumb":{"@id":"https:\/\/training.casavi.com\/de\/grundfunktionen\/#breadcrumb"},"inLanguage":"de","potentialAction":[{"@type":"ReadAction","target":["https:\/\/training.casavi.com\/de\/grundfunktionen\/"]}]},{"@type":"BreadcrumbList","@id":"https:\/\/training.casavi.com\/de\/grundfunktionen\/#breadcrumb","itemListElement":[{"@type":"ListItem","position":1,"name":"Startseite","item":"https:\/\/training.casavi.com\/de\/"},{"@type":"ListItem","position":2,"name":"Grundfunktionen"}]},{"@type":"WebSite","@id":"https:\/\/training.casavi.com\/de\/#website","url":"https:\/\/training.casavi.com\/de\/","name":"DE - casavi Training","description":"","potentialAction":[{"@type":"SearchAction","target":{"@type":"EntryPoint","urlTemplate":"https:\/\/training.casavi.com\/de\/?s={search_term_string}"},"query-input":{"@type":"PropertyValueSpecification","valueRequired":true,"valueName":"search_term_string"}}],"inLanguage":"de"}]}},"_links":{"self":[{"href":"https:\/\/training.casavi.com\/de\/wp-json\/wp\/v2\/pages\/148","targetHints":{"allow":["GET"]}}],"collection":[{"href":"https:\/\/training.casavi.com\/de\/wp-json\/wp\/v2\/pages"}],"about":[{"href":"https:\/\/training.casavi.com\/de\/wp-json\/wp\/v2\/types\/page"}],"author":[{"embeddable":true,"href":"https:\/\/training.casavi.com\/de\/wp-json\/wp\/v2\/users\/2"}],"replies":[{"embeddable":true,"href":"https:\/\/training.casavi.com\/de\/wp-json\/wp\/v2\/comments?post=148"}],"version-history":[{"count":7,"href":"https:\/\/training.casavi.com\/de\/wp-json\/wp\/v2\/pages\/148\/revisions"}],"predecessor-version":[{"id":7086,"href":"https:\/\/training.casavi.com\/de\/wp-json\/wp\/v2\/pages\/148\/revisions\/7086"}],"wp:attachment":[{"href":"https:\/\/training.casavi.com\/de\/wp-json\/wp\/v2\/media?parent=148"}],"curies":[{"name":"wp","href":"https:\/\/api.w.org\/{rel}","templated":true}]}}