{"id":1494,"date":"2020-08-18T16:33:31","date_gmt":"2020-08-18T16:33:31","guid":{"rendered":"https:\/\/start.mycasavi.com\/?page_id=1494"},"modified":"2024-08-28T11:46:51","modified_gmt":"2024-08-28T09:46:51","slug":"einleitung","status":"publish","type":"page","link":"https:\/\/training.casavi.com\/de\/einleitung\/","title":{"rendered":"Einleitung"},"content":{"rendered":"\n<div class=\"wp-block-group is-style-cta-dark has-tertiary-background-color has-background is-layout-flow wp-block-group-is-layout-flow\">\n<h2 class=\"wp-block-heading has-text-align-center has-gray-0-color has-text-color\">Einleitung<\/h2>\n<\/div>\n\n\n\n<p>Auf \u201etraining.casavi.com\u201c haben Sie die M\u00f6glichkeit, sich selbstst\u00e4ndig in die Software einzuarbeiten.<\/p>\n\n\n<ul class=\"wp-block-list is-style-checklist\">\n<li>Lernen Sie sich\u00a0<strong>Schritt f\u00fcr Schritt<\/strong>\u00a0in die Software ein<\/li>\n\n\n\n<li>Sehen Sie sich zu jedem Thema das zugeh\u00f6rige\u00a0<strong>Schulungsvideo<\/strong>\u00a0an, in dem Ihnen ausf\u00fchrlich erkl\u00e4rt wird, wie man mit casavi arbeitet und worauf man achten sollte<\/li>\n\n\n\n<li>Beachten Sie die Links im Text (unterstrichener Text), die Sie zum Beispiel zum Kundenmaterial weiterleiten. Das gesammelte<strong>\u00a0Kundenmaterial<\/strong>\u00a0finden Sie \u00fcbrigens\u00a0<strong><a href=\"https:\/\/downloads.casavi.com\/de\/\" target=\"_blank\" rel=\"noreferrer noopener\">hier<\/a><\/strong><\/li>\n\n\n\n<li>Unabh\u00e4ngig davon, ob Sie Termine mit einem Onboardingmanager gebucht haben, empfehlen wir Ihnen, die einzelnen Schritte zu durchlaufen. Sie bekommen dadurch ein besseres Gef\u00fchl f\u00fcr casavi und k\u00f6nnen im Anschluss die Termine aktiver nutzen<a href=\"https:\/\/start.mycasavi.com\/wp-admin\/edit.php?post_type=page\"><\/a><\/li>\n<\/ul>\n\n\n<div class=\"wp-block-buttons is-layout-flex wp-block-buttons-is-layout-flex\">\n<div class=\"wp-block-button aligncenter\"><a class=\"wp-block-button__link wp-element-button\" href=\"https:\/\/training.casavi.com\/de\/projektplan\/\">Erstellung eines Projektplans \u2192<\/a><\/div>\n<\/div>\n\n\n\n<p class=\"has-text-align-center has-small-font-size\"><a href=\"https:\/\/training.casavi.com\/de\/\">zur\u00fcck zur Startseite<\/a><\/p>\n","protected":false},"excerpt":{"rendered":"<p>Einleitung Auf \u201etraining.casavi.com\u201c haben Sie die M\u00f6glichkeit, sich selbstst\u00e4ndig in die Software einzuarbeiten. zur\u00fcck zur Startseite<\/p>\n","protected":false},"author":2,"featured_media":0,"parent":0,"menu_order":0,"comment_status":"closed","ping_status":"closed","template":"","meta":{"_acf_changed":false,"_show_the_title":false,"footnotes":""},"class_list":["post-1494","page","type-page","status-publish","hentry"],"acf":[],"yoast_head":"<!-- This site is optimized with the Yoast SEO plugin v27.4 - https:\/\/yoast.com\/product\/yoast-seo-wordpress\/ -->\n<title>Einleitung - DE - casavi Training<\/title>\n<meta name=\"robots\" content=\"noindex, follow, max-snippet:-1, max-image-preview:large, max-video-preview:-1\" \/>\n<meta property=\"og:locale\" content=\"de_DE\" \/>\n<meta property=\"og:type\" content=\"article\" \/>\n<meta property=\"og:title\" content=\"Einleitung - DE - casavi Training\" \/>\n<meta property=\"og:description\" content=\"Einleitung Auf \u201etraining.casavi.com\u201c haben Sie die M\u00f6glichkeit, sich selbstst\u00e4ndig in die Software einzuarbeiten. zur\u00fcck zur Startseite\" \/>\n<meta property=\"og:url\" content=\"https:\/\/training.casavi.com\/de\/einleitung\/\" \/>\n<meta property=\"og:site_name\" content=\"DE - casavi Training\" \/>\n<meta property=\"article:modified_time\" content=\"2024-08-28T09:46:51+00:00\" \/>\n<meta name=\"twitter:card\" content=\"summary_large_image\" \/>\n<meta name=\"twitter:label1\" content=\"Gesch\u00e4tzte Lesezeit\" \/>\n\t<meta name=\"twitter:data1\" content=\"1\u00a0Minute\" \/>\n<script type=\"application\/ld+json\" class=\"yoast-schema-graph\">{\"@context\":\"https:\\\/\\\/schema.org\",\"@graph\":[{\"@type\":\"WebPage\",\"@id\":\"https:\\\/\\\/training.casavi.com\\\/de\\\/einleitung\\\/\",\"url\":\"https:\\\/\\\/training.casavi.com\\\/de\\\/einleitung\\\/\",\"name\":\"Einleitung - DE - casavi Training\",\"isPartOf\":{\"@id\":\"https:\\\/\\\/training.casavi.com\\\/de\\\/#website\"},\"datePublished\":\"2020-08-18T16:33:31+00:00\",\"dateModified\":\"2024-08-28T09:46:51+00:00\",\"breadcrumb\":{\"@id\":\"https:\\\/\\\/training.casavi.com\\\/de\\\/einleitung\\\/#breadcrumb\"},\"inLanguage\":\"de\",\"potentialAction\":[{\"@type\":\"ReadAction\",\"target\":[\"https:\\\/\\\/training.casavi.com\\\/de\\\/einleitung\\\/\"]}]},{\"@type\":\"BreadcrumbList\",\"@id\":\"https:\\\/\\\/training.casavi.com\\\/de\\\/einleitung\\\/#breadcrumb\",\"itemListElement\":[{\"@type\":\"ListItem\",\"position\":1,\"name\":\"Startseite\",\"item\":\"https:\\\/\\\/training.casavi.com\\\/de\\\/\"},{\"@type\":\"ListItem\",\"position\":2,\"name\":\"Einleitung\"}]},{\"@type\":\"WebSite\",\"@id\":\"https:\\\/\\\/training.casavi.com\\\/de\\\/#website\",\"url\":\"https:\\\/\\\/training.casavi.com\\\/de\\\/\",\"name\":\"DE - casavi Training\",\"description\":\"\",\"potentialAction\":[{\"@type\":\"SearchAction\",\"target\":{\"@type\":\"EntryPoint\",\"urlTemplate\":\"https:\\\/\\\/training.casavi.com\\\/de\\\/?s={search_term_string}\"},\"query-input\":{\"@type\":\"PropertyValueSpecification\",\"valueRequired\":true,\"valueName\":\"search_term_string\"}}],\"inLanguage\":\"de\"}]}<\/script>\n<!-- \/ Yoast SEO plugin. -->","yoast_head_json":{"title":"Einleitung - DE - casavi Training","robots":{"index":"noindex","follow":"follow","max-snippet":"max-snippet:-1","max-image-preview":"max-image-preview:large","max-video-preview":"max-video-preview:-1"},"og_locale":"de_DE","og_type":"article","og_title":"Einleitung - DE - casavi Training","og_description":"Einleitung Auf \u201etraining.casavi.com\u201c haben Sie die M\u00f6glichkeit, sich selbstst\u00e4ndig in die Software einzuarbeiten. zur\u00fcck zur Startseite","og_url":"https:\/\/training.casavi.com\/de\/einleitung\/","og_site_name":"DE - casavi Training","article_modified_time":"2024-08-28T09:46:51+00:00","twitter_card":"summary_large_image","twitter_misc":{"Gesch\u00e4tzte Lesezeit":"1\u00a0Minute"},"schema":{"@context":"https:\/\/schema.org","@graph":[{"@type":"WebPage","@id":"https:\/\/training.casavi.com\/de\/einleitung\/","url":"https:\/\/training.casavi.com\/de\/einleitung\/","name":"Einleitung - DE - casavi Training","isPartOf":{"@id":"https:\/\/training.casavi.com\/de\/#website"},"datePublished":"2020-08-18T16:33:31+00:00","dateModified":"2024-08-28T09:46:51+00:00","breadcrumb":{"@id":"https:\/\/training.casavi.com\/de\/einleitung\/#breadcrumb"},"inLanguage":"de","potentialAction":[{"@type":"ReadAction","target":["https:\/\/training.casavi.com\/de\/einleitung\/"]}]},{"@type":"BreadcrumbList","@id":"https:\/\/training.casavi.com\/de\/einleitung\/#breadcrumb","itemListElement":[{"@type":"ListItem","position":1,"name":"Startseite","item":"https:\/\/training.casavi.com\/de\/"},{"@type":"ListItem","position":2,"name":"Einleitung"}]},{"@type":"WebSite","@id":"https:\/\/training.casavi.com\/de\/#website","url":"https:\/\/training.casavi.com\/de\/","name":"DE - casavi Training","description":"","potentialAction":[{"@type":"SearchAction","target":{"@type":"EntryPoint","urlTemplate":"https:\/\/training.casavi.com\/de\/?s={search_term_string}"},"query-input":{"@type":"PropertyValueSpecification","valueRequired":true,"valueName":"search_term_string"}}],"inLanguage":"de"}]}},"_links":{"self":[{"href":"https:\/\/training.casavi.com\/de\/wp-json\/wp\/v2\/pages\/1494","targetHints":{"allow":["GET"]}}],"collection":[{"href":"https:\/\/training.casavi.com\/de\/wp-json\/wp\/v2\/pages"}],"about":[{"href":"https:\/\/training.casavi.com\/de\/wp-json\/wp\/v2\/types\/page"}],"author":[{"embeddable":true,"href":"https:\/\/training.casavi.com\/de\/wp-json\/wp\/v2\/users\/2"}],"replies":[{"embeddable":true,"href":"https:\/\/training.casavi.com\/de\/wp-json\/wp\/v2\/comments?post=1494"}],"version-history":[{"count":3,"href":"https:\/\/training.casavi.com\/de\/wp-json\/wp\/v2\/pages\/1494\/revisions"}],"predecessor-version":[{"id":7543,"href":"https:\/\/training.casavi.com\/de\/wp-json\/wp\/v2\/pages\/1494\/revisions\/7543"}],"wp:attachment":[{"href":"https:\/\/training.casavi.com\/de\/wp-json\/wp\/v2\/media?parent=1494"}],"curies":[{"name":"wp","href":"https:\/\/api.w.org\/{rel}","templated":true}]}}