{"id":154,"date":"2020-07-31T08:21:04","date_gmt":"2020-07-31T08:21:04","guid":{"rendered":"https:\/\/start.mycasavi.com\/?page_id=154"},"modified":"2025-07-30T17:32:55","modified_gmt":"2025-07-30T15:32:55","slug":"administration","status":"publish","type":"page","link":"https:\/\/training.casavi.com\/de\/administration\/","title":{"rendered":"Administration"},"content":{"rendered":"\n<p>Schritt 2:<\/p>\n\n\n\n<div class=\"wp-block-group is-style-cta-dark has-tertiary-background-color has-background is-layout-flow wp-block-group-is-layout-flow\">\n<h2 class=\"wp-block-heading has-gray-0-color has-text-color\">Aufbereitung des Administrationsbereichs<\/h2>\n<\/div>\n\n\n\n<div style=\"height:63px\" aria-hidden=\"true\" class=\"wp-block-spacer\"><\/div>\n\n\n\n<div class=\"wp-block-group alignwide is-style-card is-layout-constrained wp-block-group-is-layout-constrained\"><figure class=\"wp-block-image alignwide size-full\"><img decoding=\"async\" width=\"2391\" height=\"1243\" src=\"https:\/\/training.casavi.com\/de\/wp-content\/uploads\/sites\/2\/2023\/04\/Screenshot-2023-04-21-112130-300x156.png\" class=\"attachment-full size-full lazyload\" alt=\"\" data-sizes=\"auto\" data-srcset=\"https:\/\/training.casavi.com\/de\/wp-content\/uploads\/sites\/2\/2023\/04\/Screenshot-2023-04-21-112130-300x156.png 300w, https:\/\/training.casavi.com\/de\/wp-content\/uploads\/sites\/2\/2023\/04\/Screenshot-2023-04-21-112130-768x399.png 768w, https:\/\/training.casavi.com\/de\/wp-content\/uploads\/sites\/2\/2023\/04\/Screenshot-2023-04-21-112130-1024x532.png 1024w, https:\/\/training.casavi.com\/de\/wp-content\/uploads\/sites\/2\/2023\/04\/Screenshot-2023-04-21-112130-1536x799.png 1536w, https:\/\/training.casavi.com\/de\/wp-content\/uploads\/sites\/2\/2023\/04\/Screenshot-2023-04-21-112130-2048x1065.png 2048w, https:\/\/training.casavi.com\/de\/wp-content\/uploads\/sites\/2\/2023\/04\/Screenshot-2023-04-21-112130.png 2391w\" data-src=\"https:\/\/training.casavi.com\/de\/wp-content\/uploads\/sites\/2\/2023\/04\/Screenshot-2023-04-21-112130.png\"><figcaption class=\"wp-element-caption\">Navigation zum casavi Administrationsbereich<\/figcaption><\/figure><\/div>\n\n\n\n<div style=\"height:63px\" aria-hidden=\"true\" class=\"wp-block-spacer\"><\/div>\n\n\n\n<p>Administration \u201ecasavi mit erweiterten Rechten\u201c: Sehen Sie sich die einzelnen Funktionen und Einstellungen an, die Sie im Administationsbereich vornehmen k\u00f6nnen.<\/p>\n\n\n\n<p>Nehmen Sie folgende Grundeinstellungen vor:<\/p>\n\n\n<ul class=\"wp-block-list is-style-checklist\">\n<li><strong>Kontoverwaltung<\/strong>: Erg\u00e4nzen Sie Informationen zu Ihrem Unternehmen<\/li>\n\n\n\n<li><strong>Mitarbeiterverwaltung<\/strong>: Legen Sie Ihre Mitarbeiter an und weisen Sie Mitarbeiterrollen zu<\/li>\n\n\n\n<li><strong>Look &amp; Feel<\/strong>: Passen Sie das Portal Ihren Unternehmensfarben an und laden Sie Ihr Logo hoch<\/li>\n<\/ul>\n\n\n<p>\u00dcberpr\u00fcfen Sie folgende Voreinstellungen:<\/p>\n\n\n<ul class=\"wp-block-list is-style-checklist\">\n<li><strong>Dienstleistertypen<\/strong>: Definieren Sie die Dienstleistertypen, die Sie hinterlegen werden<\/li>\n\n\n\n<li><strong>Fragen &amp; Antworten\u00a0<\/strong>(FAQ): Legen Sie Artikel zu h\u00e4ufigen Anfragen an<\/li>\n\n\n\n<li><strong>Dokumententypen<\/strong>: Definieren Sie die Dokumententypen, die Sie im Portal bereitstellen werden<\/li>\n<\/ul>\n\n\n<div style=\"height:58px\" aria-hidden=\"true\" class=\"wp-block-spacer\"><\/div>\n\n\n\n<div class=\"wp-block-group is-style-card is-layout-constrained wp-block-group-is-layout-constrained\">\n<div class=\"wp-block-columns is-layout-flex wp-container-core-columns-is-layout-28f84493 wp-block-columns-is-layout-flex\">\n<div class=\"wp-block-column is-layout-flow wp-block-column-is-layout-flow\" style=\"flex-basis:100%\">\n<p>\ud83d\udc49 <strong>Tipp<\/strong>: Nutzen Sie die M\u00f6glichkeiten <strong>K\u00fcnstlicher Intelligenz, um Inhalte f\u00fcr Ihren casavi Account und Ihr Kundenportal schneller und einfacher zu erstellen<\/strong> \u2013 etwa Begr\u00fc\u00dfungstexte, FAQ-Artikel oder E-Mail-Vorlagen. Mit einfachen Eingaben (sogenannten \u201ePrompts\u201c) liefern KI-Tools in wenigen Sekunden passende Textvorschl\u00e4ge, die Sie direkt verwenden oder individuell anpassen k\u00f6nnen. So einfach geht es: <strong><a href=\"https:\/\/training.casavi.com\/de\/ki-tipps\/\">Zu den Beispielen<\/a><\/strong><\/p>\n<\/div>\n<\/div>\n<\/div>\n\n\n\n<div style=\"height:72px\" aria-hidden=\"true\" class=\"wp-block-spacer\"><\/div>\n\n\n\n<p>Nutzen Sie unsere beiden Schulungsvideos zum Thema<strong>&nbsp;\u201eAdministration\u201c<\/strong>, um sich mit den wichtigsten Anpassungsm\u00f6glichkeiten von Account und Kundenportal vertraut zu machen:<\/p>\n\n\n\t<div class=\"lh-block-lh-videos alignwide\">\n\t\t\t\t\t<div class=\"\">\n\t\t\t<div class=\"casavi-video\">\n\t\t\t\t\t\t<a href=\"https:\/\/youtu.be\/XW11TB7puno?si=rP2aZcXqEPlkz41h\" class=\"casavi-video__link\" data-title=\"01. Administration: Allgemeine Einstellungen\" data-description=\"&lt;p&gt;In diesem Video zeigen wir Ihnen, wie Sie im Administrationsbereich Ihre Accounteinstellungen konfigurieren und Ihren Account ganz nach Ihren Bed\u00fcrfnissen anpassen.&lt;\/p&gt;\n\"><\/a>\n\n\t\t\t\t\t\t\t\t\t\t<img decoding=\"async\" src=\"https:\/\/training.casavi.com\/de\/wp-content\/themes\/cascpt\/img\/video-placeholder.jpg\" alt=\"01. Administration: Allgemeine Einstellungen\" class=\"casavi-video-thumbnail\" width=\"960\" height=\"540\" \/>\n\t\t\t\n\t\t\t\t\t\t<div class=\"casavi-video-info__title text-icon-label\">\n\t\t\t\t<span class=\"icon-label casavi-video-info__bubble the-video-title has-primary-500-background-color has-gray-0-color\">\n\t\t\t\t\t01. Administration: Allgemeine Einstellungen\t\t\t\t<\/span>\n\t\t\t\t<img decoding=\"async\" src=\"https:\/\/training.casavi.com\/de\/wp-content\/themes\/cascpt\/img\/logo-mobile.png\" alt=\"casavi\" class=\"casavi-logo\" width=\"89\" height=\"80\" \/>\n\t\t\t<\/div>\n\n\t\t\t\t\t\t<div class=\"casavi-video-play-button\"><\/div>\n\n\t\t\t\t\t\t<div class=\"casavi-video-info__bubble the-video-description has-primary-900-background-color has-gray-0-color\">\n\t\t\t\t<div class=\"icon icon-information\">\n\t<svg xmlns=\"http:\/\/www.w3.org\/2000\/svg\" role=\"presentation\" viewBox=\"0 0 32 32\">\n  <path d=\"M17 22v-8h-4v2h2v6h-3v2h8v-2h-3zM16 8a1.5 1.5 0 1 0 1.5 1.5A1.5 1.5 0 0 0 16 8z\"><\/path>\n  <path d=\"M16 30a14 14 0 1 1 14-14 14 14 0 0 1-14 14Zm0-26a12 12 0 1 0 12 12A12 12 0 0 0 16 4Z\"><\/path>\n<\/svg><\/div>\n\t\t\t\t<span class=\"casavi-video-info__description-text\"><p>In diesem Video zeigen wir Ihnen, wie Sie im Administrationsbereich Ihre Accounteinstellungen konfigurieren und Ihren Account ganz nach Ihren Bed\u00fcrfnissen anpassen.<\/p>\n<\/span>\n\t\t\t<\/div>\n\n\t\t\t\t\t\t<div class=\"casavi-video-info__bubble the-video-youtube-flag text-icon-label has-primary-900-background-color has-gray-0-color\">\n\t\t\t\t<div class=\"icon icon-youtube\">\n\t<svg xmlns=\"http:\/\/www.w3.org\/2000\/svg\" role=\"presentation\" viewBox=\"0 0 32 32\">\n  <path d=\"M29.41 9.26a3.5 3.5 0 0 0-2.47-2.47C24.76 6.2 16 6.2 16 6.2s-8.76 0-10.94.59a3.5 3.5 0 0 0-2.47 2.47A36.13 36.13 0 0 0 2 16a36.13 36.13 0 0 0 .59 6.74 3.5 3.5 0 0 0 2.47 2.47c2.18.59 10.94.59 10.94.59s8.76 0 10.94-.59a3.5 3.5 0 0 0 2.47-2.47A36.13 36.13 0 0 0 30 16a36.13 36.13 0 0 0-.59-6.74ZM13.2 20.2v-8.4l7.27 4.2Z\"><\/path>\n<\/svg><\/div>\n\t\t\t\t<span class=\"icon-label\">\n\t\t\t\t\tYouTube Video\t\t\t\t<\/span>\n\t\t\t<\/div>\n\t\t<\/div>\n\t\t<\/div>\n<div class=\"\">\n\t\t\t<div class=\"casavi-video\">\n\t\t\t\t\t\t<a href=\"https:\/\/youtu.be\/eNI3zpIKRMc\" class=\"casavi-video__link\" data-title=\"02. Administration: Anpassungen f\u00fcr Ihr individuelles Kundenportal\" data-description=\"&lt;p&gt;In diesem Video zeigen wir Ihnen, wie Sie Ihr Kundenportal nach Ihren W\u00fcnschen konfigurieren und so eine ma\u00dfgeschneiderte Nutzererfahrung schaffen k\u00f6nnen.&lt;\/p&gt;\n\"><\/a>\n\n\t\t\t\t\t\t\t\t\t\t<img decoding=\"async\" src=\"https:\/\/training.casavi.com\/de\/wp-content\/themes\/cascpt\/img\/video-placeholder.jpg\" alt=\"02. Administration: Anpassungen f\u00fcr Ihr individuelles Kundenportal\" class=\"casavi-video-thumbnail\" width=\"960\" height=\"540\" \/>\n\t\t\t\n\t\t\t\t\t\t<div class=\"casavi-video-info__title text-icon-label\">\n\t\t\t\t<span class=\"icon-label casavi-video-info__bubble the-video-title has-primary-500-background-color has-gray-0-color\">\n\t\t\t\t\t02. Administration: Anpassungen f\u00fcr Ihr individuelles Kundenportal\t\t\t\t<\/span>\n\t\t\t\t<img decoding=\"async\" src=\"https:\/\/training.casavi.com\/de\/wp-content\/themes\/cascpt\/img\/logo-mobile.png\" alt=\"casavi\" class=\"casavi-logo\" width=\"89\" height=\"80\" \/>\n\t\t\t<\/div>\n\n\t\t\t\t\t\t<div class=\"casavi-video-play-button\"><\/div>\n\n\t\t\t\t\t\t<div class=\"casavi-video-info__bubble the-video-description has-primary-900-background-color has-gray-0-color\">\n\t\t\t\t<div class=\"icon icon-information\">\n\t<svg xmlns=\"http:\/\/www.w3.org\/2000\/svg\" role=\"presentation\" viewBox=\"0 0 32 32\">\n  <path d=\"M17 22v-8h-4v2h2v6h-3v2h8v-2h-3zM16 8a1.5 1.5 0 1 0 1.5 1.5A1.5 1.5 0 0 0 16 8z\"><\/path>\n  <path d=\"M16 30a14 14 0 1 1 14-14 14 14 0 0 1-14 14Zm0-26a12 12 0 1 0 12 12A12 12 0 0 0 16 4Z\"><\/path>\n<\/svg><\/div>\n\t\t\t\t<span class=\"casavi-video-info__description-text\"><p>In diesem Video zeigen wir Ihnen, wie Sie Ihr Kundenportal nach Ihren W\u00fcnschen konfigurieren und so eine ma\u00dfgeschneiderte Nutzererfahrung schaffen k\u00f6nnen.<\/p>\n<\/span>\n\t\t\t<\/div>\n\n\t\t\t\t\t\t<div class=\"casavi-video-info__bubble the-video-youtube-flag text-icon-label has-primary-900-background-color has-gray-0-color\">\n\t\t\t\t<div class=\"icon icon-youtube\">\n\t<svg xmlns=\"http:\/\/www.w3.org\/2000\/svg\" role=\"presentation\" viewBox=\"0 0 32 32\">\n  <path d=\"M29.41 9.26a3.5 3.5 0 0 0-2.47-2.47C24.76 6.2 16 6.2 16 6.2s-8.76 0-10.94.59a3.5 3.5 0 0 0-2.47 2.47A36.13 36.13 0 0 0 2 16a36.13 36.13 0 0 0 .59 6.74 3.5 3.5 0 0 0 2.47 2.47c2.18.59 10.94.59 10.94.59s8.76 0 10.94-.59a3.5 3.5 0 0 0 2.47-2.47A36.13 36.13 0 0 0 30 16a36.13 36.13 0 0 0-.59-6.74ZM13.2 20.2v-8.4l7.27 4.2Z\"><\/path>\n<\/svg><\/div>\n\t\t\t\t<span class=\"icon-label\">\n\t\t\t\t\tYouTube Video\t\t\t\t<\/span>\n\t\t\t<\/div>\n\t\t<\/div>\n\t\t<\/div>\n\t\t\t<\/div>\n\n\n\n<div style=\"height:63px\" aria-hidden=\"true\" class=\"wp-block-spacer\"><\/div>\n\n\n\n<div class=\"wp-block-buttons is-content-justification-center is-layout-flex wp-container-core-buttons-is-layout-a89b3969 wp-block-buttons-is-layout-flex\">\n<div class=\"wp-block-button\"><a class=\"wp-block-button__link wp-element-button\" href=\"https:\/\/training.casavi.com\/de\/dienstleister\/\">Zu Schritt 3 \u2192<\/a><\/div>\n<\/div>\n\n\n\n<p class=\"has-text-align-center has-small-font-size\"><mark style=\"background-color:rgba(0, 0, 0, 0)\" class=\"has-inline-color has-primary-color\"><a href=\"https:\/\/training.casavi.com\/de\">zur\u00fcck zur Startseite<\/a><\/mark><\/p>\n","protected":false},"excerpt":{"rendered":"<p>Schritt 2: Aufbereitung des Administrationsbereichs Administration \u201ecasavi mit erweiterten Rechten\u201c: Sehen Sie sich die einzelnen Funktionen und Einstellungen an, die Sie im Administationsbereich vornehmen k\u00f6nnen. Nehmen Sie folgende Grundeinstellungen vor: \u00dcberpr\u00fcfen Sie folgende Voreinstellungen: \ud83d\udc49 Tipp: Nutzen Sie die M\u00f6glichkeiten K\u00fcnstlicher Intelligenz, um Inhalte f\u00fcr Ihren casavi Account und Ihr Kundenportal schneller und einfacher zu [&hellip;]<\/p>\n","protected":false},"author":2,"featured_media":0,"parent":0,"menu_order":0,"comment_status":"closed","ping_status":"closed","template":"","meta":{"_acf_changed":false,"_show_the_title":false,"footnotes":""},"class_list":["post-154","page","type-page","status-publish","hentry"],"acf":[],"yoast_head":"<!-- This site is optimized with the Yoast SEO plugin v27.4 - https:\/\/yoast.com\/product\/yoast-seo-wordpress\/ -->\n<title>Administration - DE - casavi Training<\/title>\n<meta name=\"robots\" content=\"noindex, follow, max-snippet:-1, max-image-preview:large, max-video-preview:-1\" \/>\n<meta property=\"og:locale\" content=\"de_DE\" \/>\n<meta property=\"og:type\" content=\"article\" \/>\n<meta property=\"og:title\" content=\"Administration - DE - casavi Training\" \/>\n<meta property=\"og:description\" content=\"Schritt 2: Aufbereitung des Administrationsbereichs Administration \u201ecasavi mit erweiterten Rechten\u201c: Sehen Sie sich die einzelnen Funktionen und Einstellungen an, die Sie im Administationsbereich vornehmen k\u00f6nnen. Nehmen Sie folgende Grundeinstellungen vor: \u00dcberpr\u00fcfen Sie folgende Voreinstellungen: \ud83d\udc49 Tipp: Nutzen Sie die M\u00f6glichkeiten K\u00fcnstlicher Intelligenz, um Inhalte f\u00fcr Ihren casavi Account und Ihr Kundenportal schneller und einfacher zu [&hellip;]\" \/>\n<meta property=\"og:url\" content=\"https:\/\/training.casavi.com\/de\/administration\/\" \/>\n<meta property=\"og:site_name\" content=\"DE - casavi Training\" \/>\n<meta property=\"article:modified_time\" content=\"2025-07-30T15:32:55+00:00\" \/>\n<meta property=\"og:image\" content=\"https:\/\/training.casavi.com\/de\/wp-content\/uploads\/sites\/2\/2023\/04\/Screenshot-2023-04-21-112130.png\" \/>\n<meta name=\"twitter:card\" content=\"summary_large_image\" \/>\n<meta name=\"twitter:label1\" content=\"Gesch\u00e4tzte Lesezeit\" \/>\n\t<meta name=\"twitter:data1\" content=\"2\u00a0Minuten\" \/>\n<script type=\"application\/ld+json\" class=\"yoast-schema-graph\">{\"@context\":\"https:\\\/\\\/schema.org\",\"@graph\":[{\"@type\":\"WebPage\",\"@id\":\"https:\\\/\\\/training.casavi.com\\\/de\\\/administration\\\/\",\"url\":\"https:\\\/\\\/training.casavi.com\\\/de\\\/administration\\\/\",\"name\":\"Administration - DE - casavi Training\",\"isPartOf\":{\"@id\":\"https:\\\/\\\/training.casavi.com\\\/de\\\/#website\"},\"primaryImageOfPage\":{\"@id\":\"https:\\\/\\\/training.casavi.com\\\/de\\\/administration\\\/#primaryimage\"},\"image\":{\"@id\":\"https:\\\/\\\/training.casavi.com\\\/de\\\/administration\\\/#primaryimage\"},\"thumbnailUrl\":\"https:\\\/\\\/training.casavi.com\\\/de\\\/wp-content\\\/uploads\\\/sites\\\/2\\\/2023\\\/04\\\/Screenshot-2023-04-21-112130.png\",\"datePublished\":\"2020-07-31T08:21:04+00:00\",\"dateModified\":\"2025-07-30T15:32:55+00:00\",\"breadcrumb\":{\"@id\":\"https:\\\/\\\/training.casavi.com\\\/de\\\/administration\\\/#breadcrumb\"},\"inLanguage\":\"de\",\"potentialAction\":[{\"@type\":\"ReadAction\",\"target\":[\"https:\\\/\\\/training.casavi.com\\\/de\\\/administration\\\/\"]}]},{\"@type\":\"ImageObject\",\"inLanguage\":\"de\",\"@id\":\"https:\\\/\\\/training.casavi.com\\\/de\\\/administration\\\/#primaryimage\",\"url\":\"https:\\\/\\\/training.casavi.com\\\/de\\\/wp-content\\\/uploads\\\/sites\\\/2\\\/2023\\\/04\\\/Screenshot-2023-04-21-112130.png\",\"contentUrl\":\"https:\\\/\\\/training.casavi.com\\\/de\\\/wp-content\\\/uploads\\\/sites\\\/2\\\/2023\\\/04\\\/Screenshot-2023-04-21-112130.png\",\"width\":2391,\"height\":1243},{\"@type\":\"BreadcrumbList\",\"@id\":\"https:\\\/\\\/training.casavi.com\\\/de\\\/administration\\\/#breadcrumb\",\"itemListElement\":[{\"@type\":\"ListItem\",\"position\":1,\"name\":\"Startseite\",\"item\":\"https:\\\/\\\/training.casavi.com\\\/de\\\/\"},{\"@type\":\"ListItem\",\"position\":2,\"name\":\"Administration\"}]},{\"@type\":\"WebSite\",\"@id\":\"https:\\\/\\\/training.casavi.com\\\/de\\\/#website\",\"url\":\"https:\\\/\\\/training.casavi.com\\\/de\\\/\",\"name\":\"DE - casavi Training\",\"description\":\"\",\"potentialAction\":[{\"@type\":\"SearchAction\",\"target\":{\"@type\":\"EntryPoint\",\"urlTemplate\":\"https:\\\/\\\/training.casavi.com\\\/de\\\/?s={search_term_string}\"},\"query-input\":{\"@type\":\"PropertyValueSpecification\",\"valueRequired\":true,\"valueName\":\"search_term_string\"}}],\"inLanguage\":\"de\"}]}<\/script>\n<!-- \/ Yoast SEO plugin. -->","yoast_head_json":{"title":"Administration - DE - casavi Training","robots":{"index":"noindex","follow":"follow","max-snippet":"max-snippet:-1","max-image-preview":"max-image-preview:large","max-video-preview":"max-video-preview:-1"},"og_locale":"de_DE","og_type":"article","og_title":"Administration - DE - casavi Training","og_description":"Schritt 2: Aufbereitung des Administrationsbereichs Administration \u201ecasavi mit erweiterten Rechten\u201c: Sehen Sie sich die einzelnen Funktionen und Einstellungen an, die Sie im Administationsbereich vornehmen k\u00f6nnen. Nehmen Sie folgende Grundeinstellungen vor: \u00dcberpr\u00fcfen Sie folgende Voreinstellungen: \ud83d\udc49 Tipp: Nutzen Sie die M\u00f6glichkeiten K\u00fcnstlicher Intelligenz, um Inhalte f\u00fcr Ihren casavi Account und Ihr Kundenportal schneller und einfacher zu [&hellip;]","og_url":"https:\/\/training.casavi.com\/de\/administration\/","og_site_name":"DE - casavi Training","article_modified_time":"2025-07-30T15:32:55+00:00","og_image":[{"url":"https:\/\/training.casavi.com\/de\/wp-content\/uploads\/sites\/2\/2023\/04\/Screenshot-2023-04-21-112130.png","type":"","width":"","height":""}],"twitter_card":"summary_large_image","twitter_misc":{"Gesch\u00e4tzte Lesezeit":"2\u00a0Minuten"},"schema":{"@context":"https:\/\/schema.org","@graph":[{"@type":"WebPage","@id":"https:\/\/training.casavi.com\/de\/administration\/","url":"https:\/\/training.casavi.com\/de\/administration\/","name":"Administration - DE - casavi Training","isPartOf":{"@id":"https:\/\/training.casavi.com\/de\/#website"},"primaryImageOfPage":{"@id":"https:\/\/training.casavi.com\/de\/administration\/#primaryimage"},"image":{"@id":"https:\/\/training.casavi.com\/de\/administration\/#primaryimage"},"thumbnailUrl":"https:\/\/training.casavi.com\/de\/wp-content\/uploads\/sites\/2\/2023\/04\/Screenshot-2023-04-21-112130.png","datePublished":"2020-07-31T08:21:04+00:00","dateModified":"2025-07-30T15:32:55+00:00","breadcrumb":{"@id":"https:\/\/training.casavi.com\/de\/administration\/#breadcrumb"},"inLanguage":"de","potentialAction":[{"@type":"ReadAction","target":["https:\/\/training.casavi.com\/de\/administration\/"]}]},{"@type":"ImageObject","inLanguage":"de","@id":"https:\/\/training.casavi.com\/de\/administration\/#primaryimage","url":"https:\/\/training.casavi.com\/de\/wp-content\/uploads\/sites\/2\/2023\/04\/Screenshot-2023-04-21-112130.png","contentUrl":"https:\/\/training.casavi.com\/de\/wp-content\/uploads\/sites\/2\/2023\/04\/Screenshot-2023-04-21-112130.png","width":2391,"height":1243},{"@type":"BreadcrumbList","@id":"https:\/\/training.casavi.com\/de\/administration\/#breadcrumb","itemListElement":[{"@type":"ListItem","position":1,"name":"Startseite","item":"https:\/\/training.casavi.com\/de\/"},{"@type":"ListItem","position":2,"name":"Administration"}]},{"@type":"WebSite","@id":"https:\/\/training.casavi.com\/de\/#website","url":"https:\/\/training.casavi.com\/de\/","name":"DE - casavi Training","description":"","potentialAction":[{"@type":"SearchAction","target":{"@type":"EntryPoint","urlTemplate":"https:\/\/training.casavi.com\/de\/?s={search_term_string}"},"query-input":{"@type":"PropertyValueSpecification","valueRequired":true,"valueName":"search_term_string"}}],"inLanguage":"de"}]}},"_links":{"self":[{"href":"https:\/\/training.casavi.com\/de\/wp-json\/wp\/v2\/pages\/154","targetHints":{"allow":["GET"]}}],"collection":[{"href":"https:\/\/training.casavi.com\/de\/wp-json\/wp\/v2\/pages"}],"about":[{"href":"https:\/\/training.casavi.com\/de\/wp-json\/wp\/v2\/types\/page"}],"author":[{"embeddable":true,"href":"https:\/\/training.casavi.com\/de\/wp-json\/wp\/v2\/users\/2"}],"replies":[{"embeddable":true,"href":"https:\/\/training.casavi.com\/de\/wp-json\/wp\/v2\/comments?post=154"}],"version-history":[{"count":9,"href":"https:\/\/training.casavi.com\/de\/wp-json\/wp\/v2\/pages\/154\/revisions"}],"predecessor-version":[{"id":7777,"href":"https:\/\/training.casavi.com\/de\/wp-json\/wp\/v2\/pages\/154\/revisions\/7777"}],"wp:attachment":[{"href":"https:\/\/training.casavi.com\/de\/wp-json\/wp\/v2\/media?parent=154"}],"curies":[{"name":"wp","href":"https:\/\/api.w.org\/{rel}","templated":true}]}}