{"id":164,"date":"2020-07-31T08:23:37","date_gmt":"2020-07-31T08:23:37","guid":{"rendered":"https:\/\/start.mycasavi.com\/?page_id=164"},"modified":"2025-09-11T10:14:49","modified_gmt":"2025-09-11T08:14:49","slug":"smartpost","status":"publish","type":"page","link":"https:\/\/training.casavi.com\/de\/smartpost\/","title":{"rendered":"SmartPost"},"content":{"rendered":"\n<p>Schritt 5:<\/p>\n\n\n\n<div class=\"wp-block-group is-layout-flow wp-block-group-is-layout-flow\">\n<div class=\"wp-block-group is-style-cta-dark is-layout-flow wp-block-group-is-layout-flow\">\n<h2 class=\"wp-block-heading has-text-align-center has-gray-0-color has-text-color\">Arbeiten mit der SmartPost<\/h2>\n<\/div>\n<\/div>\n\n\n\n<div style=\"height:63px\" aria-hidden=\"true\" class=\"wp-block-spacer\"><\/div>\n\n\n\n<p>\u00dcber die SmartPost k\u00f6nnen Sie Serienbriefe aufteilen und Ihren Mieter und Eigent\u00fcmern zuordnen lassen. Zugleich ist es m\u00f6glich, diese Serienbriefe dann mit der E-Post an Ihre Mieter und Eigent\u00fcmer zu versenden.<\/p>\n\n\n\n<div style=\"height:63px\" aria-hidden=\"true\" class=\"wp-block-spacer\"><\/div>\n\n\n\n<div class=\"wp-block-group alignwide is-style-card is-layout-constrained wp-block-group-is-layout-constrained\"><figure class=\"wp-block-image alignwide size-full\"><img decoding=\"async\" width=\"2530\" height=\"1173\" src=\"https:\/\/training.casavi.com\/de\/wp-content\/uploads\/sites\/2\/2023\/04\/Screenshot-2023-04-21-122906-300x139.png\" class=\"attachment-full size-full lazyload\" alt=\"\" data-sizes=\"auto\" data-srcset=\"https:\/\/training.casavi.com\/de\/wp-content\/uploads\/sites\/2\/2023\/04\/Screenshot-2023-04-21-122906-300x139.png 300w, https:\/\/training.casavi.com\/de\/wp-content\/uploads\/sites\/2\/2023\/04\/Screenshot-2023-04-21-122906-768x356.png 768w, https:\/\/training.casavi.com\/de\/wp-content\/uploads\/sites\/2\/2023\/04\/Screenshot-2023-04-21-122906-1024x475.png 1024w, https:\/\/training.casavi.com\/de\/wp-content\/uploads\/sites\/2\/2023\/04\/Screenshot-2023-04-21-122906-1536x712.png 1536w, https:\/\/training.casavi.com\/de\/wp-content\/uploads\/sites\/2\/2023\/04\/Screenshot-2023-04-21-122906-2048x950.png 2048w, https:\/\/training.casavi.com\/de\/wp-content\/uploads\/sites\/2\/2023\/04\/Screenshot-2023-04-21-122906.png 2530w\" data-src=\"https:\/\/training.casavi.com\/de\/wp-content\/uploads\/sites\/2\/2023\/04\/Screenshot-2023-04-21-122906.png\"><\/figure><\/div>\n\n\n\n<div style=\"height:63px\" aria-hidden=\"true\" class=\"wp-block-spacer\"><\/div>\n\n\n<ul class=\"wp-block-list is-style-checklist\">\n<li>Bitte nutzen Sie die\u00a0<strong>drei Schulungsvideos zur SmartPost\u00a0<\/strong>, um Genaueres zur Nutzung zu erfahren<\/li>\n\n\n\n<li>Zus\u00e4tzlich gibt es f\u00fcr Sie eine detaillierte\u00a0<strong>Anleitung<\/strong>\u00a0zum Hochladen und Versand eines Serienbriefs in unserem <a href=\"https:\/\/verwalter.hilfe.casavi.com\/s\/smartpost?language=de\" target=\"_blank\" rel=\"noreferrer noopener\">Hilfecenter<\/a>.<\/li>\n<\/ul>\n\n\n<div style=\"height:63px\" aria-hidden=\"true\" class=\"wp-block-spacer\"><\/div>\n\n\n\n<div class=\"wp-block-group is-style-card is-layout-constrained wp-block-group-is-layout-constrained\">\n<div class=\"wp-block-columns is-layout-flex wp-container-core-columns-is-layout-28f84493 wp-block-columns-is-layout-flex\">\n<div class=\"wp-block-column is-layout-flow wp-block-column-is-layout-flow\" style=\"flex-basis:33.33%\"><figure class=\"wp-block-image aligncenter size-full is-resized\"><img decoding=\"async\" width=\"165px\" height=\"165px\" src=\"https:\/\/training.casavi.com\/de\/wp-content\/uploads\/sites\/2\/2023\/04\/20210429_casavi_icon_sparschwein-150x150.png\" class=\"attachment-full size-full lazyload\" alt=\"\" data-sizes=\"auto\" data-srcset=\"https:\/\/training.casavi.com\/de\/wp-content\/uploads\/sites\/2\/2023\/04\/20210429_casavi_icon_sparschwein-150x150.png 150w, https:\/\/training.casavi.com\/de\/wp-content\/uploads\/sites\/2\/2023\/04\/20210429_casavi_icon_sparschwein-300x300.png 300w, https:\/\/training.casavi.com\/de\/wp-content\/uploads\/sites\/2\/2023\/04\/20210429_casavi_icon_sparschwein.png 500w\" data-src=\"https:\/\/training.casavi.com\/de\/wp-content\/uploads\/sites\/2\/2023\/04\/20210429_casavi_icon_sparschwein.png\"><\/figure><\/div>\n\n\n\n<div class=\"wp-block-column is-vertically-aligned-center is-layout-flow wp-block-column-is-layout-flow\" style=\"flex-basis:66.66%\">\n<p>Zusatzinformationen und Preise zum direkten E-Post Briefversand:&nbsp;<\/p>\n\n\n<ul class=\"wp-block-list is-style-checklist\">\n<li><a href=\"https:\/\/casavi.com\/de\/smartpost-preise\/\" target=\"_blank\" rel=\"noreferrer noopener\">https:\/\/casavi.com\/de\/smartpost-preise\/<\/a>\u00a0<br>(f\u00fcr Deutschland) <\/li>\n\n\n\n<li><a href=\"https:\/\/casavi.com\/de\/smartpost-preise-at\/\" target=\"_blank\" rel=\"noreferrer noopener\">https:\/\/casavi.com\/de\/smartpost-preise-at\/<\/a>\u00a0<br>(f\u00fcr \u00d6sterreich)<\/li>\n<\/ul><\/div>\n<\/div>\n<\/div>\n\n\n\n<div style=\"height:63px\" aria-hidden=\"true\" class=\"wp-block-spacer\"><\/div>\n\n\n\n<p>Orientieren Sie sich bei der Erstellung Ihrer E-Post Serienbriefe an den&nbsp;<strong>Formatrichtlinien<\/strong>. Auch diese finden Sie in unserem Hilfecenter.<\/p>\n\n\n\n<p><strong>Alles zum Thema &#8222;Serienbriefe f\u00fcr SmartPost erstellen&#8220; finden Sie <a href=\"https:\/\/verwalter.hilfe.casavi.com\/s\/article\/4644119-serienbriefe-fur-smartpost-erstellen?language=de\" target=\"_blank\" rel=\"noreferrer noopener\">hier<\/a><\/strong>.<\/p>\n\n\n\n<div style=\"height:63px\" aria-hidden=\"true\" class=\"wp-block-spacer\"><\/div>\n\n\n\t<div class=\"lh-block-lh-videos alignwide\">\n\t\t\t\t\t<div class=\"\">\n\t\t\t<div class=\"casavi-video\">\n\t\t\t\t\t\t<a href=\"https:\/\/youtu.be\/YJ4xIFFdoqo\" class=\"casavi-video__link\" data-title=\"01. SmartPost: Serienbrief anlegen und Dokument(e) hochladen\" data-description=\"&lt;p&gt;In diesem Video erfahren Sie, wie Sie mit der SmartPost-Funktion arbeiten: Im ersten Schritt legen Sie einen Serienbrief in casavi an, im zweiten Schritt laden Sie Ihre Dokumente hoch.&lt;\/p&gt;\n\"><\/a>\n\n\t\t\t\t\t\t\t\t\t\t<img decoding=\"async\" src=\"https:\/\/training.casavi.com\/de\/wp-content\/themes\/cascpt\/img\/video-placeholder.jpg\" alt=\"01. SmartPost: Serienbrief anlegen und Dokument(e) hochladen\" class=\"casavi-video-thumbnail\" width=\"960\" height=\"540\" \/>\n\t\t\t\n\t\t\t\t\t\t<div class=\"casavi-video-info__title text-icon-label\">\n\t\t\t\t<span class=\"icon-label casavi-video-info__bubble the-video-title has-primary-500-background-color has-gray-0-color\">\n\t\t\t\t\t01. SmartPost: Serienbrief anlegen und Dokument(e) hochladen\t\t\t\t<\/span>\n\t\t\t\t<img decoding=\"async\" src=\"https:\/\/training.casavi.com\/de\/wp-content\/themes\/cascpt\/img\/logo-mobile.png\" alt=\"casavi\" class=\"casavi-logo\" width=\"89\" height=\"80\" \/>\n\t\t\t<\/div>\n\n\t\t\t\t\t\t<div class=\"casavi-video-play-button\"><\/div>\n\n\t\t\t\t\t\t<div class=\"casavi-video-info__bubble the-video-description has-primary-900-background-color has-gray-0-color\">\n\t\t\t\t<div class=\"icon icon-information\">\n\t<svg xmlns=\"http:\/\/www.w3.org\/2000\/svg\" role=\"presentation\" viewBox=\"0 0 32 32\">\n  <path d=\"M17 22v-8h-4v2h2v6h-3v2h8v-2h-3zM16 8a1.5 1.5 0 1 0 1.5 1.5A1.5 1.5 0 0 0 16 8z\"><\/path>\n  <path d=\"M16 30a14 14 0 1 1 14-14 14 14 0 0 1-14 14Zm0-26a12 12 0 1 0 12 12A12 12 0 0 0 16 4Z\"><\/path>\n<\/svg><\/div>\n\t\t\t\t<span class=\"casavi-video-info__description-text\"><p>In diesem Video erfahren Sie, wie Sie mit der SmartPost-Funktion arbeiten: Im ersten Schritt legen Sie einen Serienbrief in casavi an, im zweiten Schritt laden Sie Ihre Dokumente hoch.<\/p>\n<\/span>\n\t\t\t<\/div>\n\n\t\t\t\t\t\t<div class=\"casavi-video-info__bubble the-video-youtube-flag text-icon-label has-primary-900-background-color has-gray-0-color\">\n\t\t\t\t<div class=\"icon icon-youtube\">\n\t<svg xmlns=\"http:\/\/www.w3.org\/2000\/svg\" role=\"presentation\" viewBox=\"0 0 32 32\">\n  <path d=\"M29.41 9.26a3.5 3.5 0 0 0-2.47-2.47C24.76 6.2 16 6.2 16 6.2s-8.76 0-10.94.59a3.5 3.5 0 0 0-2.47 2.47A36.13 36.13 0 0 0 2 16a36.13 36.13 0 0 0 .59 6.74 3.5 3.5 0 0 0 2.47 2.47c2.18.59 10.94.59 10.94.59s8.76 0 10.94-.59a3.5 3.5 0 0 0 2.47-2.47A36.13 36.13 0 0 0 30 16a36.13 36.13 0 0 0-.59-6.74ZM13.2 20.2v-8.4l7.27 4.2Z\"><\/path>\n<\/svg><\/div>\n\t\t\t\t<span class=\"icon-label\">\n\t\t\t\t\tYouTube Video\t\t\t\t<\/span>\n\t\t\t<\/div>\n\t\t<\/div>\n\t\t<\/div>\n<div class=\"\">\n\t\t\t<div class=\"casavi-video\">\n\t\t\t\t\t\t<a href=\"https:\/\/youtu.be\/9zttDkeGFu4\" class=\"casavi-video__link\" data-title=\"02. SmartPost: Aufteilen und zuordnen von Serienbriefen und Freigabe der Dokumente im Kundenportal\" data-description=\"&lt;p&gt;In diesem Video erfahren Sie, wie Sie mit der SmartPost-Funktion Ihre bereits hochgeladenen Dokumente aufteilen, den Empf\u00e4ngern zuordnen und anschlie\u00dfend im Kundenportal freigeben.&lt;\/p&gt;\n\"><\/a>\n\n\t\t\t\t\t\t\t\t\t\t<img decoding=\"async\" src=\"https:\/\/training.casavi.com\/de\/wp-content\/themes\/cascpt\/img\/video-placeholder.jpg\" alt=\"02. SmartPost: Aufteilen und zuordnen von Serienbriefen und Freigabe der Dokumente im Kundenportal\" class=\"casavi-video-thumbnail\" width=\"960\" height=\"540\" \/>\n\t\t\t\n\t\t\t\t\t\t<div class=\"casavi-video-info__title text-icon-label\">\n\t\t\t\t<span class=\"icon-label casavi-video-info__bubble the-video-title has-primary-500-background-color has-gray-0-color\">\n\t\t\t\t\t02. SmartPost: Aufteilen und zuordnen von Serienbriefen und Freigabe der Dokumente im Kundenportal\t\t\t\t<\/span>\n\t\t\t\t<img decoding=\"async\" src=\"https:\/\/training.casavi.com\/de\/wp-content\/themes\/cascpt\/img\/logo-mobile.png\" alt=\"casavi\" class=\"casavi-logo\" width=\"89\" height=\"80\" \/>\n\t\t\t<\/div>\n\n\t\t\t\t\t\t<div class=\"casavi-video-play-button\"><\/div>\n\n\t\t\t\t\t\t<div class=\"casavi-video-info__bubble the-video-description has-primary-900-background-color has-gray-0-color\">\n\t\t\t\t<div class=\"icon icon-information\">\n\t<svg xmlns=\"http:\/\/www.w3.org\/2000\/svg\" role=\"presentation\" viewBox=\"0 0 32 32\">\n  <path d=\"M17 22v-8h-4v2h2v6h-3v2h8v-2h-3zM16 8a1.5 1.5 0 1 0 1.5 1.5A1.5 1.5 0 0 0 16 8z\"><\/path>\n  <path d=\"M16 30a14 14 0 1 1 14-14 14 14 0 0 1-14 14Zm0-26a12 12 0 1 0 12 12A12 12 0 0 0 16 4Z\"><\/path>\n<\/svg><\/div>\n\t\t\t\t<span class=\"casavi-video-info__description-text\"><p>In diesem Video erfahren Sie, wie Sie mit der SmartPost-Funktion Ihre bereits hochgeladenen Dokumente aufteilen, den Empf\u00e4ngern zuordnen und anschlie\u00dfend im Kundenportal freigeben.<\/p>\n<\/span>\n\t\t\t<\/div>\n\n\t\t\t\t\t\t<div class=\"casavi-video-info__bubble the-video-youtube-flag text-icon-label has-primary-900-background-color has-gray-0-color\">\n\t\t\t\t<div class=\"icon icon-youtube\">\n\t<svg xmlns=\"http:\/\/www.w3.org\/2000\/svg\" role=\"presentation\" viewBox=\"0 0 32 32\">\n  <path d=\"M29.41 9.26a3.5 3.5 0 0 0-2.47-2.47C24.76 6.2 16 6.2 16 6.2s-8.76 0-10.94.59a3.5 3.5 0 0 0-2.47 2.47A36.13 36.13 0 0 0 2 16a36.13 36.13 0 0 0 .59 6.74 3.5 3.5 0 0 0 2.47 2.47c2.18.59 10.94.59 10.94.59s8.76 0 10.94-.59a3.5 3.5 0 0 0 2.47-2.47A36.13 36.13 0 0 0 30 16a36.13 36.13 0 0 0-.59-6.74ZM13.2 20.2v-8.4l7.27 4.2Z\"><\/path>\n<\/svg><\/div>\n\t\t\t\t<span class=\"icon-label\">\n\t\t\t\t\tYouTube Video\t\t\t\t<\/span>\n\t\t\t<\/div>\n\t\t<\/div>\n\t\t<\/div>\n<div class=\"\">\n\t\t\t<div class=\"casavi-video\">\n\t\t\t\t\t\t<a href=\"https:\/\/youtu.be\/pJluGUBoCxQ\" class=\"casavi-video__link\" data-title=\"03. SmartPost: Briefversand beauftragen\" data-description=\"&lt;p&gt;In diesem Video erfahren Sie, wie Sie Serienbriefe mit der SmartPost automatisiert versenden k\u00f6nnen und worauf Sie dabei achten sollten.&lt;\/p&gt;\n\"><\/a>\n\n\t\t\t\t\t\t\t\t\t\t<img decoding=\"async\" src=\"https:\/\/training.casavi.com\/de\/wp-content\/themes\/cascpt\/img\/video-placeholder.jpg\" alt=\"03. SmartPost: Briefversand beauftragen\" class=\"casavi-video-thumbnail\" width=\"960\" height=\"540\" \/>\n\t\t\t\n\t\t\t\t\t\t<div class=\"casavi-video-info__title text-icon-label\">\n\t\t\t\t<span class=\"icon-label casavi-video-info__bubble the-video-title has-primary-500-background-color has-gray-0-color\">\n\t\t\t\t\t03. SmartPost: Briefversand beauftragen\t\t\t\t<\/span>\n\t\t\t\t<img decoding=\"async\" src=\"https:\/\/training.casavi.com\/de\/wp-content\/themes\/cascpt\/img\/logo-mobile.png\" alt=\"casavi\" class=\"casavi-logo\" width=\"89\" height=\"80\" \/>\n\t\t\t<\/div>\n\n\t\t\t\t\t\t<div class=\"casavi-video-play-button\"><\/div>\n\n\t\t\t\t\t\t<div class=\"casavi-video-info__bubble the-video-description has-primary-900-background-color has-gray-0-color\">\n\t\t\t\t<div class=\"icon icon-information\">\n\t<svg xmlns=\"http:\/\/www.w3.org\/2000\/svg\" role=\"presentation\" viewBox=\"0 0 32 32\">\n  <path d=\"M17 22v-8h-4v2h2v6h-3v2h8v-2h-3zM16 8a1.5 1.5 0 1 0 1.5 1.5A1.5 1.5 0 0 0 16 8z\"><\/path>\n  <path d=\"M16 30a14 14 0 1 1 14-14 14 14 0 0 1-14 14Zm0-26a12 12 0 1 0 12 12A12 12 0 0 0 16 4Z\"><\/path>\n<\/svg><\/div>\n\t\t\t\t<span class=\"casavi-video-info__description-text\"><p>In diesem Video erfahren Sie, wie Sie Serienbriefe mit der SmartPost automatisiert versenden k\u00f6nnen und worauf Sie dabei achten sollten.<\/p>\n<\/span>\n\t\t\t<\/div>\n\n\t\t\t\t\t\t<div class=\"casavi-video-info__bubble the-video-youtube-flag text-icon-label has-primary-900-background-color has-gray-0-color\">\n\t\t\t\t<div class=\"icon icon-youtube\">\n\t<svg xmlns=\"http:\/\/www.w3.org\/2000\/svg\" role=\"presentation\" viewBox=\"0 0 32 32\">\n  <path d=\"M29.41 9.26a3.5 3.5 0 0 0-2.47-2.47C24.76 6.2 16 6.2 16 6.2s-8.76 0-10.94.59a3.5 3.5 0 0 0-2.47 2.47A36.13 36.13 0 0 0 2 16a36.13 36.13 0 0 0 .59 6.74 3.5 3.5 0 0 0 2.47 2.47c2.18.59 10.94.59 10.94.59s8.76 0 10.94-.59a3.5 3.5 0 0 0 2.47-2.47A36.13 36.13 0 0 0 30 16a36.13 36.13 0 0 0-.59-6.74ZM13.2 20.2v-8.4l7.27 4.2Z\"><\/path>\n<\/svg><\/div>\n\t\t\t\t<span class=\"icon-label\">\n\t\t\t\t\tYouTube Video\t\t\t\t<\/span>\n\t\t\t<\/div>\n\t\t<\/div>\n\t\t<\/div>\n\t\t\t<\/div>\n\n\n\n<div style=\"height:63px\" aria-hidden=\"true\" class=\"wp-block-spacer\"><\/div>\n\n\n\n<p>* <em>Um etwaigen rechtlichen Anforderungen gerecht zu werden, bitten wir Sie, sorgf\u00e4ltig zu pr\u00fcfen, ob im Einzelfall im Portal bereitgestellte Dokumente zus\u00e4tzlich in Papierform versendet werden m\u00fcssen. Die in casavi integrierte SmartPost unterst\u00fctzt den postalischen Versand mit verschiedene Filterkriterien<\/em>.<\/p>\n\n\n\n<div style=\"height:61px\" aria-hidden=\"true\" class=\"wp-block-spacer\"><\/div>\n\n\n\n<div class=\"wp-block-buttons is-content-justification-center is-layout-flex wp-container-core-buttons-is-layout-a89b3969 wp-block-buttons-is-layout-flex\">\n<div class=\"wp-block-button\"><a class=\"wp-block-button__link wp-element-button\" href=\"https:\/\/training.casavi.com\/de\/einladungsprozess\/\">Zu Schritt 6 \u2192<\/a><\/div>\n<\/div>\n\n\n\n<p class=\"has-text-align-center has-small-font-size\"><a href=\"https:\/\/training.casavi.com\">zur\u00fcck zur Startseite<\/a><\/p>\n\n\n\n<p><\/p>\n","protected":false},"excerpt":{"rendered":"<p>Schritt 5: Arbeiten mit der SmartPost \u00dcber die SmartPost k\u00f6nnen Sie Serienbriefe aufteilen und Ihren Mieter und Eigent\u00fcmern zuordnen lassen. Zugleich ist es m\u00f6glich, diese Serienbriefe dann mit der E-Post an Ihre Mieter und Eigent\u00fcmer zu versenden. Zusatzinformationen und Preise zum direkten E-Post Briefversand:&nbsp; Orientieren Sie sich bei der Erstellung Ihrer E-Post Serienbriefe an den&nbsp;Formatrichtlinien. [&hellip;]<\/p>\n","protected":false},"author":2,"featured_media":0,"parent":0,"menu_order":0,"comment_status":"closed","ping_status":"closed","template":"","meta":{"_acf_changed":false,"_show_the_title":false,"footnotes":""},"class_list":["post-164","page","type-page","status-publish","hentry"],"acf":[],"yoast_head":"<!-- This site is optimized with the Yoast SEO plugin v27.4 - https:\/\/yoast.com\/product\/yoast-seo-wordpress\/ -->\n<title>SmartPost - DE - casavi Training<\/title>\n<meta name=\"robots\" content=\"noindex, follow, max-snippet:-1, max-image-preview:large, max-video-preview:-1\" \/>\n<meta property=\"og:locale\" content=\"de_DE\" \/>\n<meta property=\"og:type\" content=\"article\" \/>\n<meta property=\"og:title\" content=\"SmartPost - DE - casavi Training\" \/>\n<meta property=\"og:description\" content=\"Schritt 5: Arbeiten mit der SmartPost \u00dcber die SmartPost k\u00f6nnen Sie Serienbriefe aufteilen und Ihren Mieter und Eigent\u00fcmern zuordnen lassen. Zugleich ist es m\u00f6glich, diese Serienbriefe dann mit der E-Post an Ihre Mieter und Eigent\u00fcmer zu versenden. Zusatzinformationen und Preise zum direkten E-Post Briefversand:&nbsp; Orientieren Sie sich bei der Erstellung Ihrer E-Post Serienbriefe an den&nbsp;Formatrichtlinien. [&hellip;]\" \/>\n<meta property=\"og:url\" content=\"https:\/\/training.casavi.com\/de\/smartpost\/\" \/>\n<meta property=\"og:site_name\" content=\"DE - casavi Training\" \/>\n<meta property=\"article:modified_time\" content=\"2025-09-11T08:14:49+00:00\" \/>\n<meta property=\"og:image\" content=\"https:\/\/training.casavi.com\/de\/wp-content\/uploads\/sites\/2\/2023\/04\/Screenshot-2023-04-21-122906.png\" \/>\n<meta name=\"twitter:card\" content=\"summary_large_image\" \/>\n<meta name=\"twitter:label1\" content=\"Gesch\u00e4tzte Lesezeit\" \/>\n\t<meta name=\"twitter:data1\" content=\"2\u00a0Minuten\" \/>\n<script type=\"application\/ld+json\" class=\"yoast-schema-graph\">{\"@context\":\"https:\\\/\\\/schema.org\",\"@graph\":[{\"@type\":\"WebPage\",\"@id\":\"https:\\\/\\\/training.casavi.com\\\/de\\\/smartpost\\\/\",\"url\":\"https:\\\/\\\/training.casavi.com\\\/de\\\/smartpost\\\/\",\"name\":\"SmartPost - DE - casavi Training\",\"isPartOf\":{\"@id\":\"https:\\\/\\\/training.casavi.com\\\/de\\\/#website\"},\"primaryImageOfPage\":{\"@id\":\"https:\\\/\\\/training.casavi.com\\\/de\\\/smartpost\\\/#primaryimage\"},\"image\":{\"@id\":\"https:\\\/\\\/training.casavi.com\\\/de\\\/smartpost\\\/#primaryimage\"},\"thumbnailUrl\":\"https:\\\/\\\/training.casavi.com\\\/de\\\/wp-content\\\/uploads\\\/sites\\\/2\\\/2023\\\/04\\\/Screenshot-2023-04-21-122906.png\",\"datePublished\":\"2020-07-31T08:23:37+00:00\",\"dateModified\":\"2025-09-11T08:14:49+00:00\",\"breadcrumb\":{\"@id\":\"https:\\\/\\\/training.casavi.com\\\/de\\\/smartpost\\\/#breadcrumb\"},\"inLanguage\":\"de\",\"potentialAction\":[{\"@type\":\"ReadAction\",\"target\":[\"https:\\\/\\\/training.casavi.com\\\/de\\\/smartpost\\\/\"]}]},{\"@type\":\"ImageObject\",\"inLanguage\":\"de\",\"@id\":\"https:\\\/\\\/training.casavi.com\\\/de\\\/smartpost\\\/#primaryimage\",\"url\":\"https:\\\/\\\/training.casavi.com\\\/de\\\/wp-content\\\/uploads\\\/sites\\\/2\\\/2023\\\/04\\\/Screenshot-2023-04-21-122906.png\",\"contentUrl\":\"https:\\\/\\\/training.casavi.com\\\/de\\\/wp-content\\\/uploads\\\/sites\\\/2\\\/2023\\\/04\\\/Screenshot-2023-04-21-122906.png\",\"width\":2530,\"height\":1173},{\"@type\":\"BreadcrumbList\",\"@id\":\"https:\\\/\\\/training.casavi.com\\\/de\\\/smartpost\\\/#breadcrumb\",\"itemListElement\":[{\"@type\":\"ListItem\",\"position\":1,\"name\":\"Startseite\",\"item\":\"https:\\\/\\\/training.casavi.com\\\/de\\\/\"},{\"@type\":\"ListItem\",\"position\":2,\"name\":\"SmartPost\"}]},{\"@type\":\"WebSite\",\"@id\":\"https:\\\/\\\/training.casavi.com\\\/de\\\/#website\",\"url\":\"https:\\\/\\\/training.casavi.com\\\/de\\\/\",\"name\":\"DE - casavi Training\",\"description\":\"\",\"potentialAction\":[{\"@type\":\"SearchAction\",\"target\":{\"@type\":\"EntryPoint\",\"urlTemplate\":\"https:\\\/\\\/training.casavi.com\\\/de\\\/?s={search_term_string}\"},\"query-input\":{\"@type\":\"PropertyValueSpecification\",\"valueRequired\":true,\"valueName\":\"search_term_string\"}}],\"inLanguage\":\"de\"}]}<\/script>\n<!-- \/ Yoast SEO plugin. -->","yoast_head_json":{"title":"SmartPost - DE - casavi Training","robots":{"index":"noindex","follow":"follow","max-snippet":"max-snippet:-1","max-image-preview":"max-image-preview:large","max-video-preview":"max-video-preview:-1"},"og_locale":"de_DE","og_type":"article","og_title":"SmartPost - DE - casavi Training","og_description":"Schritt 5: Arbeiten mit der SmartPost \u00dcber die SmartPost k\u00f6nnen Sie Serienbriefe aufteilen und Ihren Mieter und Eigent\u00fcmern zuordnen lassen. Zugleich ist es m\u00f6glich, diese Serienbriefe dann mit der E-Post an Ihre Mieter und Eigent\u00fcmer zu versenden. Zusatzinformationen und Preise zum direkten E-Post Briefversand:&nbsp; Orientieren Sie sich bei der Erstellung Ihrer E-Post Serienbriefe an den&nbsp;Formatrichtlinien. [&hellip;]","og_url":"https:\/\/training.casavi.com\/de\/smartpost\/","og_site_name":"DE - casavi Training","article_modified_time":"2025-09-11T08:14:49+00:00","og_image":[{"url":"https:\/\/training.casavi.com\/de\/wp-content\/uploads\/sites\/2\/2023\/04\/Screenshot-2023-04-21-122906.png","type":"","width":"","height":""}],"twitter_card":"summary_large_image","twitter_misc":{"Gesch\u00e4tzte Lesezeit":"2\u00a0Minuten"},"schema":{"@context":"https:\/\/schema.org","@graph":[{"@type":"WebPage","@id":"https:\/\/training.casavi.com\/de\/smartpost\/","url":"https:\/\/training.casavi.com\/de\/smartpost\/","name":"SmartPost - DE - casavi Training","isPartOf":{"@id":"https:\/\/training.casavi.com\/de\/#website"},"primaryImageOfPage":{"@id":"https:\/\/training.casavi.com\/de\/smartpost\/#primaryimage"},"image":{"@id":"https:\/\/training.casavi.com\/de\/smartpost\/#primaryimage"},"thumbnailUrl":"https:\/\/training.casavi.com\/de\/wp-content\/uploads\/sites\/2\/2023\/04\/Screenshot-2023-04-21-122906.png","datePublished":"2020-07-31T08:23:37+00:00","dateModified":"2025-09-11T08:14:49+00:00","breadcrumb":{"@id":"https:\/\/training.casavi.com\/de\/smartpost\/#breadcrumb"},"inLanguage":"de","potentialAction":[{"@type":"ReadAction","target":["https:\/\/training.casavi.com\/de\/smartpost\/"]}]},{"@type":"ImageObject","inLanguage":"de","@id":"https:\/\/training.casavi.com\/de\/smartpost\/#primaryimage","url":"https:\/\/training.casavi.com\/de\/wp-content\/uploads\/sites\/2\/2023\/04\/Screenshot-2023-04-21-122906.png","contentUrl":"https:\/\/training.casavi.com\/de\/wp-content\/uploads\/sites\/2\/2023\/04\/Screenshot-2023-04-21-122906.png","width":2530,"height":1173},{"@type":"BreadcrumbList","@id":"https:\/\/training.casavi.com\/de\/smartpost\/#breadcrumb","itemListElement":[{"@type":"ListItem","position":1,"name":"Startseite","item":"https:\/\/training.casavi.com\/de\/"},{"@type":"ListItem","position":2,"name":"SmartPost"}]},{"@type":"WebSite","@id":"https:\/\/training.casavi.com\/de\/#website","url":"https:\/\/training.casavi.com\/de\/","name":"DE - casavi Training","description":"","potentialAction":[{"@type":"SearchAction","target":{"@type":"EntryPoint","urlTemplate":"https:\/\/training.casavi.com\/de\/?s={search_term_string}"},"query-input":{"@type":"PropertyValueSpecification","valueRequired":true,"valueName":"search_term_string"}}],"inLanguage":"de"}]}},"_links":{"self":[{"href":"https:\/\/training.casavi.com\/de\/wp-json\/wp\/v2\/pages\/164","targetHints":{"allow":["GET"]}}],"collection":[{"href":"https:\/\/training.casavi.com\/de\/wp-json\/wp\/v2\/pages"}],"about":[{"href":"https:\/\/training.casavi.com\/de\/wp-json\/wp\/v2\/types\/page"}],"author":[{"embeddable":true,"href":"https:\/\/training.casavi.com\/de\/wp-json\/wp\/v2\/users\/2"}],"replies":[{"embeddable":true,"href":"https:\/\/training.casavi.com\/de\/wp-json\/wp\/v2\/comments?post=164"}],"version-history":[{"count":12,"href":"https:\/\/training.casavi.com\/de\/wp-json\/wp\/v2\/pages\/164\/revisions"}],"predecessor-version":[{"id":7825,"href":"https:\/\/training.casavi.com\/de\/wp-json\/wp\/v2\/pages\/164\/revisions\/7825"}],"wp:attachment":[{"href":"https:\/\/training.casavi.com\/de\/wp-json\/wp\/v2\/media?parent=164"}],"curies":[{"name":"wp","href":"https:\/\/api.w.org\/{rel}","templated":true}]}}