{"id":180,"date":"2020-07-31T08:27:35","date_gmt":"2020-07-31T08:27:35","guid":{"rendered":"https:\/\/start.mycasavi.com\/?page_id=180"},"modified":"2023-09-05T17:18:42","modified_gmt":"2023-09-05T15:18:42","slug":"stammdaten","status":"publish","type":"page","link":"https:\/\/training.casavi.com\/de\/stammdaten\/","title":{"rendered":"Stammdaten"},"content":{"rendered":"\n<div class=\"wp-block-group is-style-cta-dark is-layout-constrained wp-block-group-is-layout-constrained\">\n<h2 class=\"wp-block-heading has-text-align-center has-gray-0-color has-text-color\">Stammdaten manuell importieren<\/h2>\n<\/div>\n\n\n\n<p>Wenn Sie keine Schnittstelle zu einem anderen Bestandssystem haben, k\u00f6nnen Sie Ihre Stammdaten als Excel-Datei importieren.<\/p>\n\n\n<ul class=\"wp-block-list is-style-checklist\">\n<li>Nutzen Sie die\u00a0<strong>Anleitung<\/strong>\u00a0im Hilfematerial, um die Importliste vorzubereiten<\/li>\n\n\n\n<li>Orientieren Sie sich am\u00a0<strong>Import Beispiel<\/strong>\u00a0bez\u00fcglich des Formats Ihrer Daten zur reibungslosen Migration nach casavi<\/li>\n\n\n\n<li>F\u00fcgen Sie Ihre exportierten Daten in die\u00a0<strong>Import Blankovorlage<\/strong>\u00a0ein und senden Sie uns die Datei zu:\u00a0<a href=\"mailto:onboarding@casavi.de\">onboarding@casavi.de<\/a>. Wir pr\u00fcfen Ihre Datei, \u00fcbernehmen den Erstimport f\u00fcr Sie und geben Ihnen zeitnah R\u00fcckmeldung<\/li>\n<\/ul>\n\n<ul class=\"wp-block-list is-style-checklist\">\n<li>Wie Sie zuk\u00fcnftig Ihre Stammdaten selbst aktualisieren k\u00f6nnen, finden Sie im\u00a0<strong>Zusatz<\/strong><\/li>\n\n\n\n<li>Wie Sie Liegenschaften manuell in casavi anlegen, entnehmen Sie dem\u00a0<strong>\u00dcberblick<\/strong><\/li>\n<\/ul>\n\n\n<p><strong>Das Kundenmaterial f\u00fcr den manuellen Import finden Sie&nbsp;<a href=\"https:\/\/downloads.casavi.com\/de\/download-category\/onboarding-paket\/manueller-import\/stammdatenimport\" target=\"_blank\" rel=\"noreferrer noopener\">hier<\/a><\/strong><\/p>\n\n\n\n<div style=\"height:55px\" aria-hidden=\"true\" class=\"wp-block-spacer\"><\/div>\n\n\n\n<div class=\"wp-block-buttons is-layout-flex wp-block-buttons-is-layout-flex\">\n<div class=\"wp-block-button aligncenter is-style-primary\"><a class=\"wp-block-button__link wp-element-button\" href=\"https:\/\/training.casavi.com\/de\/\">Zur\u00fcck zur Startseite<\/a><\/div>\n<\/div>\n","protected":false},"excerpt":{"rendered":"<p>Stammdaten manuell importieren Wenn Sie keine Schnittstelle zu einem anderen Bestandssystem haben, k\u00f6nnen Sie Ihre Stammdaten als Excel-Datei importieren. Das Kundenmaterial f\u00fcr den manuellen Import finden Sie&nbsp;hier<\/p>\n","protected":false},"author":2,"featured_media":0,"parent":0,"menu_order":0,"comment_status":"closed","ping_status":"closed","template":"","meta":{"_acf_changed":false,"_show_the_title":false,"footnotes":""},"class_list":["post-180","page","type-page","status-publish","hentry"],"acf":[],"yoast_head":"<!-- This site is optimized with the Yoast SEO plugin v27.4 - https:\/\/yoast.com\/product\/yoast-seo-wordpress\/ -->\n<title>Stammdaten - DE - casavi Training<\/title>\n<meta name=\"robots\" content=\"noindex, follow, max-snippet:-1, max-image-preview:large, max-video-preview:-1\" \/>\n<meta property=\"og:locale\" content=\"de_DE\" \/>\n<meta property=\"og:type\" content=\"article\" \/>\n<meta property=\"og:title\" content=\"Stammdaten - DE - casavi Training\" \/>\n<meta property=\"og:description\" content=\"Stammdaten manuell importieren Wenn Sie keine Schnittstelle zu einem anderen Bestandssystem haben, k\u00f6nnen Sie Ihre Stammdaten als Excel-Datei importieren. Das Kundenmaterial f\u00fcr den manuellen Import finden Sie&nbsp;hier\" \/>\n<meta property=\"og:url\" content=\"https:\/\/training.casavi.com\/de\/stammdaten\/\" \/>\n<meta property=\"og:site_name\" content=\"DE - casavi Training\" \/>\n<meta property=\"article:modified_time\" content=\"2023-09-05T15:18:42+00:00\" \/>\n<meta name=\"twitter:card\" content=\"summary_large_image\" \/>\n<meta name=\"twitter:label1\" content=\"Gesch\u00e4tzte Lesezeit\" \/>\n\t<meta name=\"twitter:data1\" content=\"1\u00a0Minute\" \/>\n<script type=\"application\/ld+json\" class=\"yoast-schema-graph\">{\"@context\":\"https:\\\/\\\/schema.org\",\"@graph\":[{\"@type\":\"WebPage\",\"@id\":\"https:\\\/\\\/training.casavi.com\\\/de\\\/stammdaten\\\/\",\"url\":\"https:\\\/\\\/training.casavi.com\\\/de\\\/stammdaten\\\/\",\"name\":\"Stammdaten - DE - casavi Training\",\"isPartOf\":{\"@id\":\"https:\\\/\\\/training.casavi.com\\\/de\\\/#website\"},\"datePublished\":\"2020-07-31T08:27:35+00:00\",\"dateModified\":\"2023-09-05T15:18:42+00:00\",\"breadcrumb\":{\"@id\":\"https:\\\/\\\/training.casavi.com\\\/de\\\/stammdaten\\\/#breadcrumb\"},\"inLanguage\":\"de\",\"potentialAction\":[{\"@type\":\"ReadAction\",\"target\":[\"https:\\\/\\\/training.casavi.com\\\/de\\\/stammdaten\\\/\"]}]},{\"@type\":\"BreadcrumbList\",\"@id\":\"https:\\\/\\\/training.casavi.com\\\/de\\\/stammdaten\\\/#breadcrumb\",\"itemListElement\":[{\"@type\":\"ListItem\",\"position\":1,\"name\":\"Startseite\",\"item\":\"https:\\\/\\\/training.casavi.com\\\/de\\\/\"},{\"@type\":\"ListItem\",\"position\":2,\"name\":\"Stammdaten\"}]},{\"@type\":\"WebSite\",\"@id\":\"https:\\\/\\\/training.casavi.com\\\/de\\\/#website\",\"url\":\"https:\\\/\\\/training.casavi.com\\\/de\\\/\",\"name\":\"DE - casavi Training\",\"description\":\"\",\"potentialAction\":[{\"@type\":\"SearchAction\",\"target\":{\"@type\":\"EntryPoint\",\"urlTemplate\":\"https:\\\/\\\/training.casavi.com\\\/de\\\/?s={search_term_string}\"},\"query-input\":{\"@type\":\"PropertyValueSpecification\",\"valueRequired\":true,\"valueName\":\"search_term_string\"}}],\"inLanguage\":\"de\"}]}<\/script>\n<!-- \/ Yoast SEO plugin. -->","yoast_head_json":{"title":"Stammdaten - DE - casavi Training","robots":{"index":"noindex","follow":"follow","max-snippet":"max-snippet:-1","max-image-preview":"max-image-preview:large","max-video-preview":"max-video-preview:-1"},"og_locale":"de_DE","og_type":"article","og_title":"Stammdaten - DE - casavi Training","og_description":"Stammdaten manuell importieren Wenn Sie keine Schnittstelle zu einem anderen Bestandssystem haben, k\u00f6nnen Sie Ihre Stammdaten als Excel-Datei importieren. Das Kundenmaterial f\u00fcr den manuellen Import finden Sie&nbsp;hier","og_url":"https:\/\/training.casavi.com\/de\/stammdaten\/","og_site_name":"DE - casavi Training","article_modified_time":"2023-09-05T15:18:42+00:00","twitter_card":"summary_large_image","twitter_misc":{"Gesch\u00e4tzte Lesezeit":"1\u00a0Minute"},"schema":{"@context":"https:\/\/schema.org","@graph":[{"@type":"WebPage","@id":"https:\/\/training.casavi.com\/de\/stammdaten\/","url":"https:\/\/training.casavi.com\/de\/stammdaten\/","name":"Stammdaten - DE - casavi Training","isPartOf":{"@id":"https:\/\/training.casavi.com\/de\/#website"},"datePublished":"2020-07-31T08:27:35+00:00","dateModified":"2023-09-05T15:18:42+00:00","breadcrumb":{"@id":"https:\/\/training.casavi.com\/de\/stammdaten\/#breadcrumb"},"inLanguage":"de","potentialAction":[{"@type":"ReadAction","target":["https:\/\/training.casavi.com\/de\/stammdaten\/"]}]},{"@type":"BreadcrumbList","@id":"https:\/\/training.casavi.com\/de\/stammdaten\/#breadcrumb","itemListElement":[{"@type":"ListItem","position":1,"name":"Startseite","item":"https:\/\/training.casavi.com\/de\/"},{"@type":"ListItem","position":2,"name":"Stammdaten"}]},{"@type":"WebSite","@id":"https:\/\/training.casavi.com\/de\/#website","url":"https:\/\/training.casavi.com\/de\/","name":"DE - casavi Training","description":"","potentialAction":[{"@type":"SearchAction","target":{"@type":"EntryPoint","urlTemplate":"https:\/\/training.casavi.com\/de\/?s={search_term_string}"},"query-input":{"@type":"PropertyValueSpecification","valueRequired":true,"valueName":"search_term_string"}}],"inLanguage":"de"}]}},"_links":{"self":[{"href":"https:\/\/training.casavi.com\/de\/wp-json\/wp\/v2\/pages\/180","targetHints":{"allow":["GET"]}}],"collection":[{"href":"https:\/\/training.casavi.com\/de\/wp-json\/wp\/v2\/pages"}],"about":[{"href":"https:\/\/training.casavi.com\/de\/wp-json\/wp\/v2\/types\/page"}],"author":[{"embeddable":true,"href":"https:\/\/training.casavi.com\/de\/wp-json\/wp\/v2\/users\/2"}],"replies":[{"embeddable":true,"href":"https:\/\/training.casavi.com\/de\/wp-json\/wp\/v2\/comments?post=180"}],"version-history":[{"count":7,"href":"https:\/\/training.casavi.com\/de\/wp-json\/wp\/v2\/pages\/180\/revisions"}],"predecessor-version":[{"id":7400,"href":"https:\/\/training.casavi.com\/de\/wp-json\/wp\/v2\/pages\/180\/revisions\/7400"}],"wp:attachment":[{"href":"https:\/\/training.casavi.com\/de\/wp-json\/wp\/v2\/media?parent=180"}],"curies":[{"name":"wp","href":"https:\/\/api.w.org\/{rel}","templated":true}]}}