{"id":188,"date":"2020-07-31T08:28:37","date_gmt":"2020-07-31T08:28:37","guid":{"rendered":"https:\/\/start.mycasavi.com\/?page_id=188"},"modified":"2024-12-19T16:11:49","modified_gmt":"2024-12-19T15:11:49","slug":"myapp","status":"publish","type":"page","link":"https:\/\/training.casavi.com\/de\/myapp\/","title":{"rendered":"MyApp"},"content":{"rendered":"\n<p>Add-On:<\/p>\n\n\n\n<div class=\"wp-block-group is-style-cta-dark has-tertiary-background-color has-background is-layout-flow wp-block-group-is-layout-flow\">\n<h2 class=\"wp-block-heading has-text-align-center has-gray-0-color has-text-color\">Anleitung f\u00fcr Ihre MyApp<\/h2>\n<\/div>\n\n\n\n<p>F\u00fcr die Entwicklung Ihrer pers\u00f6nlichen App ben\u00f6tigen wir einige Informationen. F\u00fcllen Sie bitte im ersten Schritt folgendes Online-Formular aus:<\/p>\n\n\n\n<div style=\"height:63px\" aria-hidden=\"true\" class=\"wp-block-spacer\"><\/div>\n\n\n\n<div class=\"wp-block-buttons is-content-justification-center is-layout-flex wp-container-core-buttons-is-layout-a89b3969 wp-block-buttons-is-layout-flex\">\n<div class=\"wp-block-button\"><a class=\"wp-block-button__link has-text-align-center wp-element-button\" href=\"https:\/\/casavi.typeform.com\/to\/skcG3f\" target=\"_blank\" rel=\"noreferrer noopener\">Formular MyApp<\/a><\/div>\n<\/div>\n\n\n\n<div style=\"height:63px\" aria-hidden=\"true\" class=\"wp-block-spacer\"><\/div>\n\n\n\n<h2 class=\"wp-block-heading has-text-align-center\">Ablauf bis zur Fertigstellung Ihrer App<\/h2>\n\n\n\n<div class=\"wp-block-group is-style-card is-layout-constrained wp-block-group-is-layout-constrained\">\n<div class=\"wp-block-columns is-layout-flex wp-container-core-columns-is-layout-28f84493 wp-block-columns-is-layout-flex\">\n<div class=\"wp-block-column is-layout-flow wp-block-column-is-layout-flow\" style=\"flex-basis:66.66%\">\n<h6 class=\"wp-block-heading\">1. EINRICHTUNG EINES APPLE DEVELOPER ACCOUNTS (ADA)<\/h6>\n\n\n\n<p>Dieser Schritt muss von Ihnen ausgef\u00fchrt werden!<\/p>\n\n\n<ul id=\"block-ff195c36-eb6f-4448-a833-e3bd294a3ba1\" class=\"wp-block-list is-style-checklist\">\n<li>Erstellung eines Accounts<\/li>\n\n\n\n<li>Kauf der ADA Mitgliedschaft<\/li>\n\n\n\n<li>casavi als Admin hinterlegen<\/li>\n\n\n\n<li>Zugang zu API-Schl\u00fcssel freischalten<\/li>\n\n\n\n<li>H\u00e4ndlerstatus hinterlegen<\/li>\n<\/ul>\n\n\n<p>&gt;&gt;&gt; Genaue Informationen dazu :&nbsp;<strong><a href=\"#ADA\">HIER KLICKEN<\/a><\/strong><\/p>\n<\/div>\n<\/div>\n<\/div>\n\n\n\n<div style=\"height:63px\" aria-hidden=\"true\" class=\"wp-block-spacer\"><\/div>\n\n\n\n<div class=\"wp-block-group is-style-card is-layout-constrained wp-block-group-is-layout-constrained\">\n<div class=\"wp-block-columns is-layout-flex wp-container-core-columns-is-layout-28f84493 wp-block-columns-is-layout-flex\">\n<div class=\"wp-block-column is-layout-flow wp-block-column-is-layout-flow\" style=\"flex-basis:66.66%\">\n<h6 class=\"wp-block-heading\">2. APP ENTWICKLUNG (2-4 WOCHEN)<\/h6>\n\n\n\n<p>Ihre personalisierte App wird entwickelt.<\/p>\n\n\n\n<p><em>Dieser Schritt l\u00e4uft parallel zur Einrichtung Ihres casavi-Accounts (Onboarding).<\/em><\/p>\n\n\n\n<p>Anschlie\u00dfend werden Sie per E-Mail benachrichtigt:<br>Ihre App ist online!<\/p>\n<\/div>\n<\/div>\n<\/div>\n\n\n\n<div style=\"height:63px\" aria-hidden=\"true\" class=\"wp-block-spacer\"><\/div>\n\n\n\n<div class=\"wp-block-group is-style-card is-layout-constrained wp-block-group-is-layout-constrained\">\n<div class=\"wp-block-columns is-layout-flex wp-container-core-columns-is-layout-28f84493 wp-block-columns-is-layout-flex\">\n<div class=\"wp-block-column is-vertically-aligned-center is-layout-flow wp-block-column-is-layout-flow\" style=\"flex-basis:66.66%\">\n<h6 class=\"wp-block-heading\">3. DOWNLOAD MyApp<\/h6>\n\n\n\n<p>Ihre Kunden k\u00f6nnen ab sofort die App im AppStore (Android &amp; iOS) kostenlos herunterladen!<\/p>\n<\/div>\n<\/div>\n<\/div>\n\n\n\n<div style=\"height:63px\" aria-hidden=\"true\" class=\"wp-block-spacer\"><\/div>\n\n\n\n<h4 class=\"wp-block-heading\" id=\"ADA\">Einrichtung eines Apple Developer Accounts (ADA)<\/h4>\n\n\n<ul class=\"wp-block-list is-style-checklist\">\n<li><strong>Folgendes wird ben\u00f6tigt:<\/strong> Kontaktperson, Apple Ger\u00e4t, (Firmen-) Homepage &amp; Kreditkarte<\/li>\n\n\n\n<li><strong>Alles liegt vor? Starten Sie jetzt:<\/strong><\/li>\n<\/ul>\n\n\n<div style=\"height:63px\" aria-hidden=\"true\" class=\"wp-block-spacer\"><\/div>\n\n\n\n<div class=\"wp-block-group is-style-cta-dark has-gray-100-color has-gray-300-background-color has-text-color has-background is-layout-constrained wp-block-group-is-layout-constrained\">\n<h3 class=\"wp-block-heading has-gray-0-color has-text-color\">1. Apple-ID erstellen<\/h3>\n\n\n<ul class=\"wp-block-list is-style-checklist\">\n<li>\u00d6ffnen Sie <a href=\"https:\/\/appleid.apple.com\/account\" data-type=\"URL\" data-id=\"https:\/\/appleid.apple.com\/account\" target=\"_blank\" rel=\"noreferrer noopener\">hier<\/a><\/li>\n\n\n\n<li>Entweder schon vorhanden oder neue erstellen<\/li>\n\n\n\n<li>Zwei-Faktor-Authentifizierung wird sofort abgefragt \/ hinterlegt (besteht aus 1x Mail + Code best\u00e4tigen und 1x Anruf\/SMS + Code best\u00e4tigen)<\/li>\n<\/ul><\/div>\n\n\n\n<div style=\"height:63px\" aria-hidden=\"true\" class=\"wp-block-spacer\"><\/div>\n\n\n\n<div class=\"wp-block-group is-style-cta-dark is-layout-constrained wp-block-group-is-layout-constrained\">\n<h3 class=\"wp-block-heading has-gray-0-color has-text-color\">2. ADA erstellen<\/h3>\n\n\n<ul class=\"wp-block-list is-style-checklist\">\n<li>\u00d6ffnen Sie <a rel=\"noreferrer noopener\" href=\"https:\/\/developer.apple.com\/programs\/\" target=\"_blank\"><strong>hier<\/strong><\/a><\/li>\n\n\n\n<li>Klicken auf <em>\u201eenroll\u201c<\/em><\/li>\n\n\n\n<li>Apple ID eingeben und Login (mit zwei-Faktor-Authentifizierung)<\/li>\n\n\n\n<li>AGB\u2018s akzeptieren<\/li>\n\n\n\n<li>klicke &#8222;continue enrollment on the web&#8220;<\/li>\n\n\n\n<li>Kontaktinformationen ausf\u00fcllen<\/li>\n\n\n\n<li>Anmeldung als &#8222;<strong>Company\/Organization<\/strong>&#8220; [D-U-N-S <a rel=\"noreferrer noopener\" href=\"https:\/\/www.upik.de\/dunsanfordern.html\" target=\"_blank\"><strong>hier<\/strong><\/a> einsehen]<\/li>\n\n\n\n<li>D-U-N-S eintragen<\/li>\n\n\n\n<li>Bestellung best\u00e4tigen<\/li>\n\n\n\n<li>Kreditkartenzahlungsdaten hinterlegen<\/li>\n<\/ul><\/div>\n\n\n\n<div style=\"height:63px\" aria-hidden=\"true\" class=\"wp-block-spacer\"><\/div>\n\n\n\n<div class=\"wp-block-group is-style-cta-dark is-layout-constrained wp-block-group-is-layout-constrained\">\n<h3 class=\"wp-block-heading has-gray-0-color has-text-color\">3. casavi als Admin hinterlegen<\/h3>\n\n\n\n<div class=\"wp-block-columns is-layout-flex wp-container-core-columns-is-layout-28f84493 wp-block-columns-is-layout-flex\">\n<div class=\"wp-block-column is-layout-flow wp-block-column-is-layout-flow\">\n<p><strong>Im ADA<\/strong><\/p>\n\n\n<ul class=\"wp-block-list is-style-checklist\">\n<li>\u00d6ffnen Sie <a rel=\"noreferrer noopener\" href=\"https:\/\/developer.apple.com\/\" target=\"_blank\">hier<\/a><\/li>\n\n\n\n<li>\u201e<em>People<\/em>\u201c auf \u201e<em>Invite People\u201c <\/em>und \u201e<em>Invite as Admin<\/em>\u201c klicken<\/li>\n<\/ul>\n\n\n<div style=\"height:63px\" aria-hidden=\"true\" class=\"wp-block-spacer\"><\/div>\n\n\n\n<p class=\"has-secondary-500-color has-text-color\"><strong>ZUGANGSDATEN:<\/strong><br><strong>Vorname: <\/strong><em>app development<\/em><br><strong>Nachname: <\/strong><em>casavi<\/em><br><strong>Rolle: <\/strong><em>Administrator<\/em><br><strong>E-Mail:&nbsp;<\/strong><em><strong> <\/strong>casavi.app.development@gmail.com<\/em><\/p>\n<\/div>\n\n\n\n<div class=\"wp-block-column is-layout-flow wp-block-column-is-layout-flow\">\n<p>(oder) <strong>Im Apple Store Connect<\/strong><\/p>\n\n\n<ul class=\"wp-block-list is-style-checklist\">\n<li>\u00d6ffnen Sie <a rel=\"noreferrer noopener\" href=\"https:\/\/appstoreconnect.apple.com\/\" target=\"_blank\">hier<\/a><\/li>\n\n\n\n<li>Benutzer und Zugriffsrechte auf \u201e+\u201c klicken<\/li>\n<\/ul><\/div>\n<\/div>\n<\/div>\n\n\n\n<div class=\"wp-block-group is-style-cta-dark is-layout-constrained wp-block-group-is-layout-constrained\">\n<h3 class=\"wp-block-heading has-gray-0-color has-text-color\">4. Zugang zu API-Schl\u00fcssel freischalten<\/h3>\n\n\n<ul class=\"wp-block-list is-style-checklist\">\n<li>Gehen Sie in Ihrem Apple-Developer Account zu &#8222;User and Access&#8220;<\/li>\n\n\n\n<li>Gehen Sie dort auf den Bereich &#8222;<em>Integration&#8220;<\/em><\/li>\n\n\n\n<li>Klicken Sie auf <em>&#8222;Zugriff anfordern&#8220;<\/em><\/li>\n\n\n\n<li>Dadurch k\u00f6nnen API-Schl\u00fcssel direkt von casavi erstellt werden, um zuk\u00fcnftige Updates Ihrer App schnell und reibungslos durchzuf\u00fchren<\/li>\n<\/ul>\n\n<figure class=\"wp-block-image size-large\"><img decoding=\"async\" width=\"1024\" height=\"146\" src=\"https:\/\/training.casavi.com\/de\/wp-content\/uploads\/sites\/2\/2023\/08\/image-7-300x43.png\" class=\"attachment-large size-large lazyload\" alt=\"\" data-sizes=\"auto\" data-srcset=\"https:\/\/training.casavi.com\/de\/wp-content\/uploads\/sites\/2\/2023\/08\/image-7-300x43.png 300w, https:\/\/training.casavi.com\/de\/wp-content\/uploads\/sites\/2\/2023\/08\/image-7-768x110.png 768w, https:\/\/training.casavi.com\/de\/wp-content\/uploads\/sites\/2\/2023\/08\/image-7-1024x146.png 1024w, https:\/\/training.casavi.com\/de\/wp-content\/uploads\/sites\/2\/2023\/08\/image-7-1440x207.png 1440w, https:\/\/training.casavi.com\/de\/wp-content\/uploads\/sites\/2\/2023\/08\/image-7.png 1449w\" data-src=\"https:\/\/training.casavi.com\/de\/wp-content\/uploads\/sites\/2\/2023\/08\/image-7-1024x146.png\"><\/figure><\/div>\n\n\n\n<div class=\"wp-block-group is-style-cta-dark is-layout-constrained wp-block-group-is-layout-constrained\">\n<h3 class=\"wp-block-heading has-gray-0-color has-text-color\">5. H\u00e4ndlerstatus hinterlegen<\/h3>\n\n\n<ul class=\"wp-block-list is-style-checklist\">\n<li>Gehen Sie in Ihrem <a href=\"https:\/\/appstoreconnect.apple.com\/login\">Apple-Developer Account<\/a> in den Bereich &#8222;<em>Gesch\u00e4ftliche<\/em>s&#8220;<\/li>\n\n\n\n<li>Klicken Sie auf den Link &#8222;<em>Compliance-Anforderungen einhalten&#8220;<\/em><\/li>\n\n\n\n<li>W\u00e4hlen Sie nun aus, dass Sie H\u00e4ndler sind und geben Ihre Kontaktdaten an<\/li>\n<\/ul><\/div>\n\n\n\n<div style=\"height:63px\" aria-hidden=\"true\" class=\"wp-block-spacer\"><\/div>\n\n\n\n<p>Zusatzinformation: Der ADA muss im n\u00e4chsten Schritt von Apple \u00fcberpr\u00fcft werden. Innerhalb von drei Tagen kontaktiert Apple telefonisch oder per E-Mail die Kontaktperson (Prokurist\/Gesch\u00e4ftsf\u00fchrung), um den Vertrag abzuschlie\u00dfen.<\/p>\n\n\n\n<p>Sobald Sie alle f\u00fcnf Schritte zur Erstellung des ADA erfolgreich abgeschlossen \u2013 und\u00a0<strong>casavi als Admin\u00a0<\/strong>hinterlegt haben, bekommen wir eine Einladung per E-Mail von Apple und k\u00f6nnen damit beginnen Ihre App zu entwickeln.<\/p>\n\n\n\n<div style=\"height:63px\" aria-hidden=\"true\" class=\"wp-block-spacer\"><\/div>\n\n\n\n<div class=\"wp-block-columns is-layout-flex wp-container-core-columns-is-layout-28f84493 wp-block-columns-is-layout-flex\">\n<div class=\"wp-block-column is-layout-flow wp-block-column-is-layout-flow\">\n<div class=\"wp-block-buttons is-layout-flex wp-block-buttons-is-layout-flex\">\n<div class=\"wp-block-button\"><a class=\"wp-block-button__link wp-element-button\" href=\"https:\/\/training.casavi.com\/de\/mydomain\/\">Anleitung MyDomain \u2192<\/a><\/div>\n<\/div>\n<\/div>\n\n\n\n<div class=\"wp-block-column is-layout-flow wp-block-column-is-layout-flow\">\n<div class=\"wp-block-buttons is-layout-flex wp-block-buttons-is-layout-flex\">\n<div class=\"wp-block-button is-style-ghost\"><a class=\"wp-block-button__link wp-element-button\" href=\"https:\/\/training.casavi.com\/de\/mywhitelabel\/\">Anleitung MyWhiteLabel \u2192<\/a><\/div>\n<\/div>\n<\/div>\n\n\n\n<div class=\"wp-block-column is-layout-flow wp-block-column-is-layout-flow\" style=\"flex-basis:10%\"><\/div>\n<\/div>\n","protected":false},"excerpt":{"rendered":"<p>Add-On: Anleitung f\u00fcr Ihre MyApp F\u00fcr die Entwicklung Ihrer pers\u00f6nlichen App ben\u00f6tigen wir einige Informationen. F\u00fcllen Sie bitte im ersten Schritt folgendes Online-Formular aus: Ablauf bis zur Fertigstellung Ihrer App 1. EINRICHTUNG EINES APPLE DEVELOPER ACCOUNTS (ADA) Dieser Schritt muss von Ihnen ausgef\u00fchrt werden! &gt;&gt;&gt; Genaue Informationen dazu :&nbsp;HIER KLICKEN 2. APP ENTWICKLUNG (2-4 WOCHEN) [&hellip;]<\/p>\n","protected":false},"author":2,"featured_media":0,"parent":0,"menu_order":0,"comment_status":"closed","ping_status":"closed","template":"","meta":{"_acf_changed":false,"_show_the_title":false,"footnotes":""},"class_list":["post-188","page","type-page","status-publish","hentry"],"acf":[],"yoast_head":"<!-- This site is optimized with the Yoast SEO plugin v27.4 - https:\/\/yoast.com\/product\/yoast-seo-wordpress\/ -->\n<title>MyApp - DE - casavi Training<\/title>\n<meta name=\"robots\" content=\"noindex, follow, max-snippet:-1, max-image-preview:large, max-video-preview:-1\" \/>\n<meta property=\"og:locale\" content=\"de_DE\" \/>\n<meta property=\"og:type\" content=\"article\" \/>\n<meta property=\"og:title\" content=\"MyApp - DE - casavi Training\" \/>\n<meta property=\"og:description\" content=\"Add-On: Anleitung f\u00fcr Ihre MyApp F\u00fcr die Entwicklung Ihrer pers\u00f6nlichen App ben\u00f6tigen wir einige Informationen. F\u00fcllen Sie bitte im ersten Schritt folgendes Online-Formular aus: Ablauf bis zur Fertigstellung Ihrer App 1. EINRICHTUNG EINES APPLE DEVELOPER ACCOUNTS (ADA) Dieser Schritt muss von Ihnen ausgef\u00fchrt werden! &gt;&gt;&gt; Genaue Informationen dazu :&nbsp;HIER KLICKEN 2. APP ENTWICKLUNG (2-4 WOCHEN) [&hellip;]\" \/>\n<meta property=\"og:url\" content=\"https:\/\/training.casavi.com\/de\/myapp\/\" \/>\n<meta property=\"og:site_name\" content=\"DE - casavi Training\" \/>\n<meta property=\"article:modified_time\" content=\"2024-12-19T15:11:49+00:00\" \/>\n<meta property=\"og:image\" content=\"https:\/\/training.casavi.com\/de\/wp-content\/uploads\/sites\/2\/2023\/08\/image-7-1024x146.png\" \/>\n<meta name=\"twitter:card\" content=\"summary_large_image\" \/>\n<meta name=\"twitter:label1\" content=\"Gesch\u00e4tzte Lesezeit\" \/>\n\t<meta name=\"twitter:data1\" content=\"3\u00a0Minuten\" \/>\n<script type=\"application\/ld+json\" class=\"yoast-schema-graph\">{\"@context\":\"https:\\\/\\\/schema.org\",\"@graph\":[{\"@type\":\"WebPage\",\"@id\":\"https:\\\/\\\/training.casavi.com\\\/de\\\/myapp\\\/\",\"url\":\"https:\\\/\\\/training.casavi.com\\\/de\\\/myapp\\\/\",\"name\":\"MyApp - DE - casavi Training\",\"isPartOf\":{\"@id\":\"https:\\\/\\\/training.casavi.com\\\/de\\\/#website\"},\"primaryImageOfPage\":{\"@id\":\"https:\\\/\\\/training.casavi.com\\\/de\\\/myapp\\\/#primaryimage\"},\"image\":{\"@id\":\"https:\\\/\\\/training.casavi.com\\\/de\\\/myapp\\\/#primaryimage\"},\"thumbnailUrl\":\"https:\\\/\\\/training.casavi.com\\\/de\\\/wp-content\\\/uploads\\\/sites\\\/2\\\/2023\\\/08\\\/image-7-1024x146.png\",\"datePublished\":\"2020-07-31T08:28:37+00:00\",\"dateModified\":\"2024-12-19T15:11:49+00:00\",\"breadcrumb\":{\"@id\":\"https:\\\/\\\/training.casavi.com\\\/de\\\/myapp\\\/#breadcrumb\"},\"inLanguage\":\"de\",\"potentialAction\":[{\"@type\":\"ReadAction\",\"target\":[\"https:\\\/\\\/training.casavi.com\\\/de\\\/myapp\\\/\"]}]},{\"@type\":\"ImageObject\",\"inLanguage\":\"de\",\"@id\":\"https:\\\/\\\/training.casavi.com\\\/de\\\/myapp\\\/#primaryimage\",\"url\":\"https:\\\/\\\/training.casavi.com\\\/de\\\/wp-content\\\/uploads\\\/sites\\\/2\\\/2023\\\/08\\\/image-7.png\",\"contentUrl\":\"https:\\\/\\\/training.casavi.com\\\/de\\\/wp-content\\\/uploads\\\/sites\\\/2\\\/2023\\\/08\\\/image-7.png\",\"width\":1449,\"height\":207},{\"@type\":\"BreadcrumbList\",\"@id\":\"https:\\\/\\\/training.casavi.com\\\/de\\\/myapp\\\/#breadcrumb\",\"itemListElement\":[{\"@type\":\"ListItem\",\"position\":1,\"name\":\"Startseite\",\"item\":\"https:\\\/\\\/training.casavi.com\\\/de\\\/\"},{\"@type\":\"ListItem\",\"position\":2,\"name\":\"MyApp\"}]},{\"@type\":\"WebSite\",\"@id\":\"https:\\\/\\\/training.casavi.com\\\/de\\\/#website\",\"url\":\"https:\\\/\\\/training.casavi.com\\\/de\\\/\",\"name\":\"DE - casavi Training\",\"description\":\"\",\"potentialAction\":[{\"@type\":\"SearchAction\",\"target\":{\"@type\":\"EntryPoint\",\"urlTemplate\":\"https:\\\/\\\/training.casavi.com\\\/de\\\/?s={search_term_string}\"},\"query-input\":{\"@type\":\"PropertyValueSpecification\",\"valueRequired\":true,\"valueName\":\"search_term_string\"}}],\"inLanguage\":\"de\"}]}<\/script>\n<!-- \/ Yoast SEO plugin. -->","yoast_head_json":{"title":"MyApp - DE - casavi Training","robots":{"index":"noindex","follow":"follow","max-snippet":"max-snippet:-1","max-image-preview":"max-image-preview:large","max-video-preview":"max-video-preview:-1"},"og_locale":"de_DE","og_type":"article","og_title":"MyApp - DE - casavi Training","og_description":"Add-On: Anleitung f\u00fcr Ihre MyApp F\u00fcr die Entwicklung Ihrer pers\u00f6nlichen App ben\u00f6tigen wir einige Informationen. F\u00fcllen Sie bitte im ersten Schritt folgendes Online-Formular aus: Ablauf bis zur Fertigstellung Ihrer App 1. EINRICHTUNG EINES APPLE DEVELOPER ACCOUNTS (ADA) Dieser Schritt muss von Ihnen ausgef\u00fchrt werden! &gt;&gt;&gt; Genaue Informationen dazu :&nbsp;HIER KLICKEN 2. APP ENTWICKLUNG (2-4 WOCHEN) [&hellip;]","og_url":"https:\/\/training.casavi.com\/de\/myapp\/","og_site_name":"DE - casavi Training","article_modified_time":"2024-12-19T15:11:49+00:00","og_image":[{"url":"https:\/\/training.casavi.com\/de\/wp-content\/uploads\/sites\/2\/2023\/08\/image-7-1024x146.png","type":"","width":"","height":""}],"twitter_card":"summary_large_image","twitter_misc":{"Gesch\u00e4tzte Lesezeit":"3\u00a0Minuten"},"schema":{"@context":"https:\/\/schema.org","@graph":[{"@type":"WebPage","@id":"https:\/\/training.casavi.com\/de\/myapp\/","url":"https:\/\/training.casavi.com\/de\/myapp\/","name":"MyApp - DE - casavi Training","isPartOf":{"@id":"https:\/\/training.casavi.com\/de\/#website"},"primaryImageOfPage":{"@id":"https:\/\/training.casavi.com\/de\/myapp\/#primaryimage"},"image":{"@id":"https:\/\/training.casavi.com\/de\/myapp\/#primaryimage"},"thumbnailUrl":"https:\/\/training.casavi.com\/de\/wp-content\/uploads\/sites\/2\/2023\/08\/image-7-1024x146.png","datePublished":"2020-07-31T08:28:37+00:00","dateModified":"2024-12-19T15:11:49+00:00","breadcrumb":{"@id":"https:\/\/training.casavi.com\/de\/myapp\/#breadcrumb"},"inLanguage":"de","potentialAction":[{"@type":"ReadAction","target":["https:\/\/training.casavi.com\/de\/myapp\/"]}]},{"@type":"ImageObject","inLanguage":"de","@id":"https:\/\/training.casavi.com\/de\/myapp\/#primaryimage","url":"https:\/\/training.casavi.com\/de\/wp-content\/uploads\/sites\/2\/2023\/08\/image-7.png","contentUrl":"https:\/\/training.casavi.com\/de\/wp-content\/uploads\/sites\/2\/2023\/08\/image-7.png","width":1449,"height":207},{"@type":"BreadcrumbList","@id":"https:\/\/training.casavi.com\/de\/myapp\/#breadcrumb","itemListElement":[{"@type":"ListItem","position":1,"name":"Startseite","item":"https:\/\/training.casavi.com\/de\/"},{"@type":"ListItem","position":2,"name":"MyApp"}]},{"@type":"WebSite","@id":"https:\/\/training.casavi.com\/de\/#website","url":"https:\/\/training.casavi.com\/de\/","name":"DE - casavi Training","description":"","potentialAction":[{"@type":"SearchAction","target":{"@type":"EntryPoint","urlTemplate":"https:\/\/training.casavi.com\/de\/?s={search_term_string}"},"query-input":{"@type":"PropertyValueSpecification","valueRequired":true,"valueName":"search_term_string"}}],"inLanguage":"de"}]}},"_links":{"self":[{"href":"https:\/\/training.casavi.com\/de\/wp-json\/wp\/v2\/pages\/188","targetHints":{"allow":["GET"]}}],"collection":[{"href":"https:\/\/training.casavi.com\/de\/wp-json\/wp\/v2\/pages"}],"about":[{"href":"https:\/\/training.casavi.com\/de\/wp-json\/wp\/v2\/types\/page"}],"author":[{"embeddable":true,"href":"https:\/\/training.casavi.com\/de\/wp-json\/wp\/v2\/users\/2"}],"replies":[{"embeddable":true,"href":"https:\/\/training.casavi.com\/de\/wp-json\/wp\/v2\/comments?post=188"}],"version-history":[{"count":15,"href":"https:\/\/training.casavi.com\/de\/wp-json\/wp\/v2\/pages\/188\/revisions"}],"predecessor-version":[{"id":7628,"href":"https:\/\/training.casavi.com\/de\/wp-json\/wp\/v2\/pages\/188\/revisions\/7628"}],"wp:attachment":[{"href":"https:\/\/training.casavi.com\/de\/wp-json\/wp\/v2\/media?parent=188"}],"curies":[{"name":"wp","href":"https:\/\/api.w.org\/{rel}","templated":true}]}}