{"id":192,"date":"2020-07-31T08:28:57","date_gmt":"2020-07-31T08:28:57","guid":{"rendered":"https:\/\/start.mycasavi.com\/?page_id=192"},"modified":"2025-03-24T14:07:14","modified_gmt":"2025-03-24T13:07:14","slug":"mydomain","status":"publish","type":"page","link":"https:\/\/training.casavi.com\/de\/mydomain\/","title":{"rendered":"MyDomain"},"content":{"rendered":"\n<p>Add-On:<\/p>\n\n\n\n<div class=\"wp-block-group is-style-cta-dark has-tertiary-background-color has-background is-layout-flow wp-block-group-is-layout-flow\">\n<h2 class=\"wp-block-heading has-text-align-center has-gray-0-color has-text-color\">Anleitung f\u00fcr Ihre MyDomain<\/h2>\n<\/div>\n\n\n\n<div class=\"wp-block-group is-style-card is-layout-constrained wp-block-group-is-layout-constrained\">\n<h4 class=\"wp-block-heading has-text-align-center\">Ihre Schritte zur individuellen Subdomain<\/h4>\n\n\n<figure class=\"wp-block-image aligncenter size-full is-resized\"><img decoding=\"async\" width=\"597px\" height=\"319px\" src=\"https:\/\/training.casavi.com\/de\/wp-content\/uploads\/sites\/2\/2023\/04\/2022-06-01-17_55_54-casavi-MyBrand-Jetzt-mehr-erfahren-e1682088402949-300x161.png\" class=\"attachment-full size-full lazyload\" alt=\"\" data-sizes=\"auto\" data-srcset=\"https:\/\/training.casavi.com\/de\/wp-content\/uploads\/sites\/2\/2023\/04\/2022-06-01-17_55_54-casavi-MyBrand-Jetzt-mehr-erfahren-e1682088402949-300x161.png 300w, https:\/\/training.casavi.com\/de\/wp-content\/uploads\/sites\/2\/2023\/04\/2022-06-01-17_55_54-casavi-MyBrand-Jetzt-mehr-erfahren-e1682088402949-768x411.png 768w, https:\/\/training.casavi.com\/de\/wp-content\/uploads\/sites\/2\/2023\/04\/2022-06-01-17_55_54-casavi-MyBrand-Jetzt-mehr-erfahren-e1682088402949.png 812w\" data-src=\"https:\/\/training.casavi.com\/de\/wp-content\/uploads\/sites\/2\/2023\/04\/2022-06-01-17_55_54-casavi-MyBrand-Jetzt-mehr-erfahren-e1682088402949.png\"><\/figure><\/div>\n\n\n\n<p>F\u00fchren Sie folgende drei Schritte aus, um casavi \u00fcber Ihre individuelle Subdomain nutzen zu k\u00f6nnen :<\/p>\n\n\n\n<div class=\"wp-block-group is-style-card is-layout-constrained wp-block-group-is-layout-constrained\">\n<div class=\"wp-block-columns is-layout-flex wp-container-core-columns-is-layout-28f84493 wp-block-columns-is-layout-flex\">\n<div class=\"wp-block-column is-layout-flow wp-block-column-is-layout-flow\" style=\"flex-basis:100%\">\n<h6 class=\"wp-block-heading\">1. NAMEN F\u00dcR IHRE DOMAIN FESTLEGEN<\/h6>\n\n\n<ul class=\"wp-block-list is-style-checklist\">\n<li>Beispiel: portal.firmenname.de<\/li>\n\n\n\n<li>Bestandteil der Subdomain: Frei zu w\u00e4hlender Begriff [Punkt] Ihre bestehende Domain [Punkt] bestehende Endung<\/li>\n<\/ul><\/div>\n<\/div>\n<\/div>\n\n\n\n<div class=\"wp-block-group is-style-card is-layout-constrained wp-block-group-is-layout-constrained\">\n<div class=\"wp-block-columns is-layout-flex wp-container-core-columns-is-layout-28f84493 wp-block-columns-is-layout-flex\">\n<div class=\"wp-block-column is-layout-flow wp-block-column-is-layout-flow\" style=\"flex-basis:66.66%\">\n<h6 class=\"wp-block-heading\">2. IHRE SUBDOMAIN EINRICHTEN<\/h6>\n\n\n<ul class=\"wp-block-list is-style-checklist\">\n<li>Bei Ihrem\u00a0<a rel=\"noreferrer noopener\" href=\"https:\/\/de.wikipedia.org\/wiki\/Webhosting\" target=\"_blank\">Hosting Anbieter<\/a><\/li>\n\n\n\n<li>Erstellen eines\u00a0<strong>DNS CNAME Eintrags<\/strong>\u00a0auf \u201e<strong>mycasavi.com.<\/strong>\u201c\u00a0<strong>(ohne Anf\u00fchrungszeichen jedoch mit Punkt am Ende)<\/strong><\/li>\n<\/ul><\/div>\n<\/div>\n<\/div>\n\n\n\n<div class=\"wp-block-group is-style-card is-layout-constrained wp-block-group-is-layout-constrained\">\n<div class=\"wp-block-columns is-layout-flex wp-container-core-columns-is-layout-28f84493 wp-block-columns-is-layout-flex\">\n<div class=\"wp-block-column is-layout-flow wp-block-column-is-layout-flow\" style=\"flex-basis:66.66%\">\n<h6 class=\"wp-block-heading\">3. INFORMIEREN SIE UNS<\/h6>\n\n\n<ul class=\"wp-block-list is-style-checklist\">\n<li>Senden Sie uns den Namen Ihrer Subdomain, per E-Mail an:\u00a0<a href=\"mailto:onboarding@casavi.de\">onboarding@casavi.de<\/a><\/li>\n<\/ul><\/div>\n<\/div>\n<\/div>\n\n\n\n<div style=\"height:63px\" aria-hidden=\"true\" class=\"wp-block-spacer\"><\/div>\n\n\n\n<p>Wir k\u00fcmmern uns im Anschluss um die Verkn\u00fcpfung mit casavi und das SSL Zertifikat, damit Sie und Ihre Kunden das Portal sicher und bequem \u00fcber die Subdomain nutzen k\u00f6nnen.<\/p>\n\n\n\n<div style=\"height:63px\" aria-hidden=\"true\" class=\"wp-block-spacer\"><\/div>\n\n\n\n<div class=\"wp-block-columns is-layout-flex wp-container-core-columns-is-layout-28f84493 wp-block-columns-is-layout-flex\">\n<div class=\"wp-block-column is-layout-flow wp-block-column-is-layout-flow\">\n<div class=\"wp-block-buttons is-layout-flex wp-block-buttons-is-layout-flex\">\n<div class=\"wp-block-button\"><a class=\"wp-block-button__link wp-element-button\" href=\"https:\/\/training.casavi.com\/de\/mywhitelabel\/\">Anleitung MyWhiteLabel \u2192<\/a><\/div>\n<\/div>\n<\/div>\n\n\n\n<div class=\"wp-block-column is-layout-flow wp-block-column-is-layout-flow\">\n<div class=\"wp-block-buttons is-layout-flex wp-block-buttons-is-layout-flex\">\n<div class=\"wp-block-button is-style-ghost\"><a class=\"wp-block-button__link wp-element-button\" href=\"https:\/\/training.casavi.com\/de\/myapp\/\">Anleitung MyApp \u2192<\/a><\/div>\n<\/div>\n<\/div>\n\n\n\n<div class=\"wp-block-column is-layout-flow wp-block-column-is-layout-flow\" style=\"flex-basis:10%\"><\/div>\n<\/div>\n","protected":false},"excerpt":{"rendered":"<p>Add-On: Anleitung f\u00fcr Ihre MyDomain Ihre Schritte zur individuellen Subdomain F\u00fchren Sie folgende drei Schritte aus, um casavi \u00fcber Ihre individuelle Subdomain nutzen zu k\u00f6nnen : 1. NAMEN F\u00dcR IHRE DOMAIN FESTLEGEN 2. IHRE SUBDOMAIN EINRICHTEN 3. INFORMIEREN SIE UNS Wir k\u00fcmmern uns im Anschluss um die Verkn\u00fcpfung mit casavi und das SSL Zertifikat, damit [&hellip;]<\/p>\n","protected":false},"author":2,"featured_media":0,"parent":0,"menu_order":0,"comment_status":"closed","ping_status":"closed","template":"","meta":{"_acf_changed":false,"_show_the_title":false,"footnotes":""},"class_list":["post-192","page","type-page","status-publish","hentry"],"acf":[],"yoast_head":"<!-- This site is optimized with the Yoast SEO plugin v27.4 - https:\/\/yoast.com\/product\/yoast-seo-wordpress\/ -->\n<title>MyDomain - DE - casavi Training<\/title>\n<meta name=\"robots\" content=\"noindex, follow, max-snippet:-1, max-image-preview:large, max-video-preview:-1\" \/>\n<meta property=\"og:locale\" content=\"de_DE\" \/>\n<meta property=\"og:type\" content=\"article\" \/>\n<meta property=\"og:title\" content=\"MyDomain - DE - casavi Training\" \/>\n<meta property=\"og:description\" content=\"Add-On: Anleitung f\u00fcr Ihre MyDomain Ihre Schritte zur individuellen Subdomain F\u00fchren Sie folgende drei Schritte aus, um casavi \u00fcber Ihre individuelle Subdomain nutzen zu k\u00f6nnen : 1. NAMEN F\u00dcR IHRE DOMAIN FESTLEGEN 2. IHRE SUBDOMAIN EINRICHTEN 3. INFORMIEREN SIE UNS Wir k\u00fcmmern uns im Anschluss um die Verkn\u00fcpfung mit casavi und das SSL Zertifikat, damit [&hellip;]\" \/>\n<meta property=\"og:url\" content=\"https:\/\/training.casavi.com\/de\/mydomain\/\" \/>\n<meta property=\"og:site_name\" content=\"DE - casavi Training\" \/>\n<meta property=\"article:modified_time\" content=\"2025-03-24T13:07:14+00:00\" \/>\n<meta property=\"og:image\" content=\"https:\/\/training.casavi.com\/de\/wp-content\/uploads\/sites\/2\/2023\/04\/2022-06-01-17_55_54-casavi-MyBrand-Jetzt-mehr-erfahren-e1682088402949.png\" \/>\n<meta name=\"twitter:card\" content=\"summary_large_image\" \/>\n<meta name=\"twitter:label1\" content=\"Gesch\u00e4tzte Lesezeit\" \/>\n\t<meta name=\"twitter:data1\" content=\"1\u00a0Minute\" \/>\n<script type=\"application\/ld+json\" class=\"yoast-schema-graph\">{\"@context\":\"https:\\\/\\\/schema.org\",\"@graph\":[{\"@type\":\"WebPage\",\"@id\":\"https:\\\/\\\/training.casavi.com\\\/de\\\/mydomain\\\/\",\"url\":\"https:\\\/\\\/training.casavi.com\\\/de\\\/mydomain\\\/\",\"name\":\"MyDomain - DE - casavi Training\",\"isPartOf\":{\"@id\":\"https:\\\/\\\/training.casavi.com\\\/de\\\/#website\"},\"primaryImageOfPage\":{\"@id\":\"https:\\\/\\\/training.casavi.com\\\/de\\\/mydomain\\\/#primaryimage\"},\"image\":{\"@id\":\"https:\\\/\\\/training.casavi.com\\\/de\\\/mydomain\\\/#primaryimage\"},\"thumbnailUrl\":\"https:\\\/\\\/training.casavi.com\\\/de\\\/wp-content\\\/uploads\\\/sites\\\/2\\\/2023\\\/04\\\/2022-06-01-17_55_54-casavi-MyBrand-Jetzt-mehr-erfahren-e1682088402949.png\",\"datePublished\":\"2020-07-31T08:28:57+00:00\",\"dateModified\":\"2025-03-24T13:07:14+00:00\",\"breadcrumb\":{\"@id\":\"https:\\\/\\\/training.casavi.com\\\/de\\\/mydomain\\\/#breadcrumb\"},\"inLanguage\":\"de\",\"potentialAction\":[{\"@type\":\"ReadAction\",\"target\":[\"https:\\\/\\\/training.casavi.com\\\/de\\\/mydomain\\\/\"]}]},{\"@type\":\"ImageObject\",\"inLanguage\":\"de\",\"@id\":\"https:\\\/\\\/training.casavi.com\\\/de\\\/mydomain\\\/#primaryimage\",\"url\":\"https:\\\/\\\/training.casavi.com\\\/de\\\/wp-content\\\/uploads\\\/sites\\\/2\\\/2023\\\/04\\\/2022-06-01-17_55_54-casavi-MyBrand-Jetzt-mehr-erfahren-e1682088402949.png\",\"contentUrl\":\"https:\\\/\\\/training.casavi.com\\\/de\\\/wp-content\\\/uploads\\\/sites\\\/2\\\/2023\\\/04\\\/2022-06-01-17_55_54-casavi-MyBrand-Jetzt-mehr-erfahren-e1682088402949.png\",\"width\":812,\"height\":435},{\"@type\":\"BreadcrumbList\",\"@id\":\"https:\\\/\\\/training.casavi.com\\\/de\\\/mydomain\\\/#breadcrumb\",\"itemListElement\":[{\"@type\":\"ListItem\",\"position\":1,\"name\":\"Startseite\",\"item\":\"https:\\\/\\\/training.casavi.com\\\/de\\\/\"},{\"@type\":\"ListItem\",\"position\":2,\"name\":\"MyDomain\"}]},{\"@type\":\"WebSite\",\"@id\":\"https:\\\/\\\/training.casavi.com\\\/de\\\/#website\",\"url\":\"https:\\\/\\\/training.casavi.com\\\/de\\\/\",\"name\":\"DE - casavi Training\",\"description\":\"\",\"potentialAction\":[{\"@type\":\"SearchAction\",\"target\":{\"@type\":\"EntryPoint\",\"urlTemplate\":\"https:\\\/\\\/training.casavi.com\\\/de\\\/?s={search_term_string}\"},\"query-input\":{\"@type\":\"PropertyValueSpecification\",\"valueRequired\":true,\"valueName\":\"search_term_string\"}}],\"inLanguage\":\"de\"}]}<\/script>\n<!-- \/ Yoast SEO plugin. -->","yoast_head_json":{"title":"MyDomain - DE - casavi Training","robots":{"index":"noindex","follow":"follow","max-snippet":"max-snippet:-1","max-image-preview":"max-image-preview:large","max-video-preview":"max-video-preview:-1"},"og_locale":"de_DE","og_type":"article","og_title":"MyDomain - DE - casavi Training","og_description":"Add-On: Anleitung f\u00fcr Ihre MyDomain Ihre Schritte zur individuellen Subdomain F\u00fchren Sie folgende drei Schritte aus, um casavi \u00fcber Ihre individuelle Subdomain nutzen zu k\u00f6nnen : 1. NAMEN F\u00dcR IHRE DOMAIN FESTLEGEN 2. IHRE SUBDOMAIN EINRICHTEN 3. INFORMIEREN SIE UNS Wir k\u00fcmmern uns im Anschluss um die Verkn\u00fcpfung mit casavi und das SSL Zertifikat, damit [&hellip;]","og_url":"https:\/\/training.casavi.com\/de\/mydomain\/","og_site_name":"DE - casavi Training","article_modified_time":"2025-03-24T13:07:14+00:00","og_image":[{"url":"https:\/\/training.casavi.com\/de\/wp-content\/uploads\/sites\/2\/2023\/04\/2022-06-01-17_55_54-casavi-MyBrand-Jetzt-mehr-erfahren-e1682088402949.png","type":"","width":"","height":""}],"twitter_card":"summary_large_image","twitter_misc":{"Gesch\u00e4tzte Lesezeit":"1\u00a0Minute"},"schema":{"@context":"https:\/\/schema.org","@graph":[{"@type":"WebPage","@id":"https:\/\/training.casavi.com\/de\/mydomain\/","url":"https:\/\/training.casavi.com\/de\/mydomain\/","name":"MyDomain - DE - casavi Training","isPartOf":{"@id":"https:\/\/training.casavi.com\/de\/#website"},"primaryImageOfPage":{"@id":"https:\/\/training.casavi.com\/de\/mydomain\/#primaryimage"},"image":{"@id":"https:\/\/training.casavi.com\/de\/mydomain\/#primaryimage"},"thumbnailUrl":"https:\/\/training.casavi.com\/de\/wp-content\/uploads\/sites\/2\/2023\/04\/2022-06-01-17_55_54-casavi-MyBrand-Jetzt-mehr-erfahren-e1682088402949.png","datePublished":"2020-07-31T08:28:57+00:00","dateModified":"2025-03-24T13:07:14+00:00","breadcrumb":{"@id":"https:\/\/training.casavi.com\/de\/mydomain\/#breadcrumb"},"inLanguage":"de","potentialAction":[{"@type":"ReadAction","target":["https:\/\/training.casavi.com\/de\/mydomain\/"]}]},{"@type":"ImageObject","inLanguage":"de","@id":"https:\/\/training.casavi.com\/de\/mydomain\/#primaryimage","url":"https:\/\/training.casavi.com\/de\/wp-content\/uploads\/sites\/2\/2023\/04\/2022-06-01-17_55_54-casavi-MyBrand-Jetzt-mehr-erfahren-e1682088402949.png","contentUrl":"https:\/\/training.casavi.com\/de\/wp-content\/uploads\/sites\/2\/2023\/04\/2022-06-01-17_55_54-casavi-MyBrand-Jetzt-mehr-erfahren-e1682088402949.png","width":812,"height":435},{"@type":"BreadcrumbList","@id":"https:\/\/training.casavi.com\/de\/mydomain\/#breadcrumb","itemListElement":[{"@type":"ListItem","position":1,"name":"Startseite","item":"https:\/\/training.casavi.com\/de\/"},{"@type":"ListItem","position":2,"name":"MyDomain"}]},{"@type":"WebSite","@id":"https:\/\/training.casavi.com\/de\/#website","url":"https:\/\/training.casavi.com\/de\/","name":"DE - casavi Training","description":"","potentialAction":[{"@type":"SearchAction","target":{"@type":"EntryPoint","urlTemplate":"https:\/\/training.casavi.com\/de\/?s={search_term_string}"},"query-input":{"@type":"PropertyValueSpecification","valueRequired":true,"valueName":"search_term_string"}}],"inLanguage":"de"}]}},"_links":{"self":[{"href":"https:\/\/training.casavi.com\/de\/wp-json\/wp\/v2\/pages\/192","targetHints":{"allow":["GET"]}}],"collection":[{"href":"https:\/\/training.casavi.com\/de\/wp-json\/wp\/v2\/pages"}],"about":[{"href":"https:\/\/training.casavi.com\/de\/wp-json\/wp\/v2\/types\/page"}],"author":[{"embeddable":true,"href":"https:\/\/training.casavi.com\/de\/wp-json\/wp\/v2\/users\/2"}],"replies":[{"embeddable":true,"href":"https:\/\/training.casavi.com\/de\/wp-json\/wp\/v2\/comments?post=192"}],"version-history":[{"count":3,"href":"https:\/\/training.casavi.com\/de\/wp-json\/wp\/v2\/pages\/192\/revisions"}],"predecessor-version":[{"id":7687,"href":"https:\/\/training.casavi.com\/de\/wp-json\/wp\/v2\/pages\/192\/revisions\/7687"}],"wp:attachment":[{"href":"https:\/\/training.casavi.com\/de\/wp-json\/wp\/v2\/media?parent=192"}],"curies":[{"name":"wp","href":"https:\/\/api.w.org\/{rel}","templated":true}]}}