{"id":4390,"date":"2021-03-03T12:17:15","date_gmt":"2021-03-03T11:17:15","guid":{"rendered":"https:\/\/start.mycasavi.com\/?page_id=4390"},"modified":"2025-09-10T12:27:43","modified_gmt":"2025-09-10T10:27:43","slug":"myboard","status":"publish","type":"page","link":"https:\/\/training.casavi.com\/de\/myboard\/","title":{"rendered":"MyBoard"},"content":{"rendered":"\n<p>Add-On:<\/p>\n\n\n\n<div class=\"wp-block-group is-style-cta-dark has-tertiary-background-color has-background is-layout-flow wp-block-group-is-layout-flow\">\n<h2 class=\"wp-block-heading has-text-align-center has-gray-0-color has-text-color\">Einrichtung des MyBoards<\/h2>\n<\/div>\n\n\n\n<p>MyBoard ist ein&nbsp;<strong>kostenpflichtiges Zusatzmodul von casavi<\/strong>.<\/p>\n\n\n\n<p>Dar\u00fcber k\u00f6nnen&nbsp;<strong>Inhalte gezielt an digitale Anzeigefl\u00e4chen<\/strong>&nbsp;(Screens, Blackboards o\u00c4.) ausgespielt und somit den Bewohnern einer Liegenschaft angezeigt werden.<\/p>\n\n\n\n<div class=\"wp-block-group is-style-card is-layout-constrained wp-block-group-is-layout-constrained\">\n<div class=\"wp-block-columns is-layout-flex wp-container-core-columns-is-layout-28f84493 wp-block-columns-is-layout-flex\">\n<div class=\"wp-block-column is-layout-flow wp-block-column-is-layout-flow\" style=\"flex-basis:33.33%\"><figure class=\"wp-block-image size-full\"><img decoding=\"async\" width=\"400\" height=\"394\" src=\"https:\/\/training.casavi.com\/de\/wp-content\/uploads\/sites\/2\/2023\/04\/Bildschirmfoto-2020-08-14-um-12.02.20-300x296.png\" class=\"attachment-full size-full lazyload\" alt=\"\" data-sizes=\"auto\" data-srcset=\"https:\/\/training.casavi.com\/de\/wp-content\/uploads\/sites\/2\/2023\/04\/Bildschirmfoto-2020-08-14-um-12.02.20-300x296.png 300w, https:\/\/training.casavi.com\/de\/wp-content\/uploads\/sites\/2\/2023\/04\/Bildschirmfoto-2020-08-14-um-12.02.20.png 400w\" data-src=\"https:\/\/training.casavi.com\/de\/wp-content\/uploads\/sites\/2\/2023\/04\/Bildschirmfoto-2020-08-14-um-12.02.20.png\"><\/figure><\/div>\n\n\n\n<div class=\"wp-block-column is-layout-flow wp-block-column-is-layout-flow\" style=\"flex-basis:66.66%\">\n<p><strong>Folgende Kacheln stehen aktuell zur Verf\u00fcgung<\/strong>:<\/p>\n\n\n<ul class=\"wp-block-list is-style-checklist\">\n<li>Liegenschaftsbild<\/li>\n\n\n\n<li>Mitteilungen<\/li>\n\n\n\n<li>Kundenlogo aus den Look &amp; Feel<\/li>\n\n\n\n<li>Termine<\/li>\n\n\n\n<li>Wichtige Kontakte<\/li>\n<\/ul><\/div>\n<\/div>\n<\/div>\n\n\n\n<p>F\u00fcr den Fall, dass bei Ihnen noch keine Hardware vorhanden ist, kommen Sie gerne auf uns zu. Kontaktieren Sie uns unter\u00a0<a href=\"mailto:onboarding@casavi.de\">upgrade@casavi.de<\/a>\u00a0oder sehen Sie sich\u00a0<a href=\"https:\/\/casavi.com\/de\/software\/partnerloesungen\/#smartbuilding\" target=\"_blank\" rel=\"noreferrer noopener\">hier<\/a>\u00a0auf unserer Seite zu den Partnerl\u00f6sungen um.<\/p>\n\n\n\n<h4 class=\"wp-block-heading\">Wie Sie MyBoard aktivieren<\/h4>\n\n\n\n<p><strong>1.<\/strong> In Ihrem Kundenaccount ist im Bereich \u201eAdministration\u201c der Men\u00fcpunkt \u201eMyBoard\u201c verf\u00fcgbar:<\/p>\n\n\n\n<div class=\"wp-block-group is-style-card is-layout-constrained wp-block-group-is-layout-constrained\"><figure class=\"wp-block-image size-full\"><img decoding=\"async\" width=\"1024\" height=\"393\" src=\"https:\/\/training.casavi.com\/de\/wp-content\/uploads\/sites\/2\/2023\/04\/image2019-6-14_11-42-46-2-1024x393-1-300x115.png\" class=\"attachment-full size-full lazyload\" alt=\"\" data-sizes=\"auto\" data-srcset=\"https:\/\/training.casavi.com\/de\/wp-content\/uploads\/sites\/2\/2023\/04\/image2019-6-14_11-42-46-2-1024x393-1-300x115.png 300w, https:\/\/training.casavi.com\/de\/wp-content\/uploads\/sites\/2\/2023\/04\/image2019-6-14_11-42-46-2-1024x393-1-768x295.png 768w, https:\/\/training.casavi.com\/de\/wp-content\/uploads\/sites\/2\/2023\/04\/image2019-6-14_11-42-46-2-1024x393-1.png 1024w\" data-src=\"https:\/\/training.casavi.com\/de\/wp-content\/uploads\/sites\/2\/2023\/04\/image2019-6-14_11-42-46-2-1024x393-1.png\"><\/figure><\/div>\n\n\n\n<p><strong>2.<\/strong> \u00dcber \u201eNeues MyBoard\u201c legen Sie dann f\u00fcr die entsprechende Liegenschaft (bzw. einen spezifischen Geb\u00e4udeteil) ein Board an:<\/p>\n\n\n\n<div class=\"wp-block-group is-style-card is-layout-constrained wp-block-group-is-layout-constrained\"><figure class=\"wp-block-image size-full is-resized\"><img decoding=\"async\" width=\"751px\" height=\"215px\" src=\"https:\/\/training.casavi.com\/de\/wp-content\/uploads\/sites\/2\/2023\/04\/image2019-6-14_11-44-48-300x86.png\" class=\"attachment-full size-full lazyload\" alt=\"\" data-sizes=\"auto\" data-srcset=\"https:\/\/training.casavi.com\/de\/wp-content\/uploads\/sites\/2\/2023\/04\/image2019-6-14_11-44-48-300x86.png 300w, https:\/\/training.casavi.com\/de\/wp-content\/uploads\/sites\/2\/2023\/04\/image2019-6-14_11-44-48-768x220.png 768w, https:\/\/training.casavi.com\/de\/wp-content\/uploads\/sites\/2\/2023\/04\/image2019-6-14_11-44-48.png 831w\" data-src=\"https:\/\/training.casavi.com\/de\/wp-content\/uploads\/sites\/2\/2023\/04\/image2019-6-14_11-44-48.png\"><\/figure><\/div>\n\n\n\n<p><strong>3.<\/strong> Danach k\u00f6nnen Sie die Zeilen und Spalten anpassen und mit Drag&amp;Drop einzelne Kacheln positionieren.<br><br><strong>Folgende Kacheln stehen zur Verf\u00fcgung:<\/strong><\/p>\n\n\n<ul class=\"wp-block-list is-style-checklist\">\n<li>Liegenschaftsbild<\/li>\n\n\n\n<li>Mitteilungen<\/li>\n\n\n\n<li>Kundenlogo aus dem Look&amp;Feel f\u00fcr das Kundenportal<\/li>\n\n\n\n<li>Termine, wird nur angezeigt wenn Termine anstehen<\/li>\n\n\n\n<li>Wichtige Kontakte<\/li>\n<\/ul>\n\n\n<div class=\"wp-block-group is-style-card is-layout-constrained wp-block-group-is-layout-constrained\"><figure class=\"wp-block-image size-full\"><img decoding=\"async\" width=\"815\" height=\"739\" src=\"https:\/\/training.casavi.com\/de\/wp-content\/uploads\/sites\/2\/2023\/04\/image2019-6-14_11-47-25-300x272.png\" class=\"attachment-full size-full lazyload\" alt=\"\" data-sizes=\"auto\" data-srcset=\"https:\/\/training.casavi.com\/de\/wp-content\/uploads\/sites\/2\/2023\/04\/image2019-6-14_11-47-25-300x272.png 300w, https:\/\/training.casavi.com\/de\/wp-content\/uploads\/sites\/2\/2023\/04\/image2019-6-14_11-47-25-768x696.png 768w, https:\/\/training.casavi.com\/de\/wp-content\/uploads\/sites\/2\/2023\/04\/image2019-6-14_11-47-25.png 815w\" data-src=\"https:\/\/training.casavi.com\/de\/wp-content\/uploads\/sites\/2\/2023\/04\/image2019-6-14_11-47-25.png\"><\/figure><\/div>\n\n\n\n<p><strong>4.<\/strong> Wenn Sie fertig sind und gespeichert haben, erhalten Sie einen Link zum MyBoard und k\u00f6nnen dar\u00fcber die Einstellungen noch einmal pr\u00fcfen:<\/p>\n\n\n\n<div class=\"wp-block-group is-style-card is-layout-constrained wp-block-group-is-layout-constrained\"><figure class=\"wp-block-image size-full\"><img decoding=\"async\" width=\"843\" height=\"290\" src=\"https:\/\/training.casavi.com\/de\/wp-content\/uploads\/sites\/2\/2023\/04\/image2019-6-14_11-57-40-300x103.png\" class=\"attachment-full size-full lazyload\" alt=\"\" data-sizes=\"auto\" data-srcset=\"https:\/\/training.casavi.com\/de\/wp-content\/uploads\/sites\/2\/2023\/04\/image2019-6-14_11-57-40-300x103.png 300w, https:\/\/training.casavi.com\/de\/wp-content\/uploads\/sites\/2\/2023\/04\/image2019-6-14_11-57-40-768x264.png 768w, https:\/\/training.casavi.com\/de\/wp-content\/uploads\/sites\/2\/2023\/04\/image2019-6-14_11-57-40.png 843w\" data-src=\"https:\/\/training.casavi.com\/de\/wp-content\/uploads\/sites\/2\/2023\/04\/image2019-6-14_11-57-40.png\"><\/figure><\/div>\n\n\n\n<p><strong>Einzelne Mitteilungen und Termine k\u00f6nnen Sie dann mit Klick auf die Checkbox \u201cAnzeige auf MyBoard freigeschalten\u201d f\u00fcr den digitalen Hausaushang freischalten<\/strong>&nbsp;und so pro Mitteilung und Termin individuell entscheiden, ob diese nur im Portal oder auch auf dem digitalen Hausaushang angezeigt werden sollen.<\/p>\n\n\n\n<p><strong>5.<\/strong> Den generierten Link kopieren Sie und schicken ihn Ihrem entsprechenden Hardwareanbieter.<\/p>\n\n\n\n<p><strong>6.<\/strong> Grunds\u00e4tzlich gibt es auch die M\u00f6glichkeit einen Computerbildschirm zu nutzen und den Link dort im Browser einzugeben.<\/p>\n\n\n\n<p><strong>Wichtig:<\/strong>&nbsp;Die Inhalte des Infoboards aktualisieren sich alle 10 Minuten automatisch. Sollte beim Laden der neuen Inhalte ein Fehler auftreten, bleiben die alten Inhalte erhalten.<\/p>\n\n\n\n<div style=\"height:63px\" aria-hidden=\"true\" class=\"wp-block-spacer\"><\/div>\n\n\n\n<div class=\"wp-block-buttons is-content-justification-center is-layout-flex wp-container-core-buttons-is-layout-a89b3969 wp-block-buttons-is-layout-flex\">\n<div class=\"wp-block-button\"><a class=\"wp-block-button__link wp-element-button\" href=\"https:\/\/training.casavi.com\/de\/\">Zur\u00fcck zur Startseite \u2192<\/a><\/div>\n<\/div>\n","protected":false},"excerpt":{"rendered":"<p>Add-On: Einrichtung des MyBoards MyBoard ist ein&nbsp;kostenpflichtiges Zusatzmodul von casavi. Dar\u00fcber k\u00f6nnen&nbsp;Inhalte gezielt an digitale Anzeigefl\u00e4chen&nbsp;(Screens, Blackboards o\u00c4.) ausgespielt und somit den Bewohnern einer Liegenschaft angezeigt werden. Folgende Kacheln stehen aktuell zur Verf\u00fcgung: F\u00fcr den Fall, dass bei Ihnen noch keine Hardware vorhanden ist, kommen Sie gerne auf uns zu. Kontaktieren Sie uns unter\u00a0upgrade@casavi.de\u00a0oder sehen [&hellip;]<\/p>\n","protected":false},"author":2,"featured_media":0,"parent":0,"menu_order":0,"comment_status":"closed","ping_status":"closed","template":"","meta":{"_acf_changed":false,"_show_the_title":false,"footnotes":""},"class_list":["post-4390","page","type-page","status-publish","hentry"],"acf":[],"yoast_head":"<!-- This site is optimized with the Yoast SEO plugin v27.4 - https:\/\/yoast.com\/product\/yoast-seo-wordpress\/ -->\n<title>MyBoard - DE - casavi Training<\/title>\n<meta name=\"robots\" content=\"noindex, follow, max-snippet:-1, max-image-preview:large, max-video-preview:-1\" \/>\n<meta property=\"og:locale\" content=\"de_DE\" \/>\n<meta property=\"og:type\" content=\"article\" \/>\n<meta property=\"og:title\" content=\"MyBoard - DE - casavi Training\" \/>\n<meta property=\"og:description\" content=\"Add-On: Einrichtung des MyBoards MyBoard ist ein&nbsp;kostenpflichtiges Zusatzmodul von casavi. Dar\u00fcber k\u00f6nnen&nbsp;Inhalte gezielt an digitale Anzeigefl\u00e4chen&nbsp;(Screens, Blackboards o\u00c4.) ausgespielt und somit den Bewohnern einer Liegenschaft angezeigt werden. Folgende Kacheln stehen aktuell zur Verf\u00fcgung: F\u00fcr den Fall, dass bei Ihnen noch keine Hardware vorhanden ist, kommen Sie gerne auf uns zu. Kontaktieren Sie uns unter\u00a0upgrade@casavi.de\u00a0oder sehen [&hellip;]\" \/>\n<meta property=\"og:url\" content=\"https:\/\/training.casavi.com\/de\/myboard\/\" \/>\n<meta property=\"og:site_name\" content=\"DE - casavi Training\" \/>\n<meta property=\"article:modified_time\" content=\"2025-09-10T10:27:43+00:00\" \/>\n<meta property=\"og:image\" content=\"https:\/\/training.casavi.com\/de\/wp-content\/uploads\/sites\/2\/2023\/04\/Bildschirmfoto-2020-08-14-um-12.02.20.png\" \/>\n<meta name=\"twitter:card\" content=\"summary_large_image\" \/>\n<meta name=\"twitter:label1\" content=\"Gesch\u00e4tzte Lesezeit\" \/>\n\t<meta name=\"twitter:data1\" content=\"3\u00a0Minuten\" \/>\n<script type=\"application\/ld+json\" class=\"yoast-schema-graph\">{\"@context\":\"https:\\\/\\\/schema.org\",\"@graph\":[{\"@type\":\"WebPage\",\"@id\":\"https:\\\/\\\/training.casavi.com\\\/de\\\/myboard\\\/\",\"url\":\"https:\\\/\\\/training.casavi.com\\\/de\\\/myboard\\\/\",\"name\":\"MyBoard - DE - casavi Training\",\"isPartOf\":{\"@id\":\"https:\\\/\\\/training.casavi.com\\\/de\\\/#website\"},\"primaryImageOfPage\":{\"@id\":\"https:\\\/\\\/training.casavi.com\\\/de\\\/myboard\\\/#primaryimage\"},\"image\":{\"@id\":\"https:\\\/\\\/training.casavi.com\\\/de\\\/myboard\\\/#primaryimage\"},\"thumbnailUrl\":\"https:\\\/\\\/training.casavi.com\\\/de\\\/wp-content\\\/uploads\\\/sites\\\/2\\\/2023\\\/04\\\/Bildschirmfoto-2020-08-14-um-12.02.20.png\",\"datePublished\":\"2021-03-03T11:17:15+00:00\",\"dateModified\":\"2025-09-10T10:27:43+00:00\",\"breadcrumb\":{\"@id\":\"https:\\\/\\\/training.casavi.com\\\/de\\\/myboard\\\/#breadcrumb\"},\"inLanguage\":\"de\",\"potentialAction\":[{\"@type\":\"ReadAction\",\"target\":[\"https:\\\/\\\/training.casavi.com\\\/de\\\/myboard\\\/\"]}]},{\"@type\":\"ImageObject\",\"inLanguage\":\"de\",\"@id\":\"https:\\\/\\\/training.casavi.com\\\/de\\\/myboard\\\/#primaryimage\",\"url\":\"https:\\\/\\\/training.casavi.com\\\/de\\\/wp-content\\\/uploads\\\/sites\\\/2\\\/2023\\\/04\\\/Bildschirmfoto-2020-08-14-um-12.02.20.png\",\"contentUrl\":\"https:\\\/\\\/training.casavi.com\\\/de\\\/wp-content\\\/uploads\\\/sites\\\/2\\\/2023\\\/04\\\/Bildschirmfoto-2020-08-14-um-12.02.20.png\",\"width\":400,\"height\":394},{\"@type\":\"BreadcrumbList\",\"@id\":\"https:\\\/\\\/training.casavi.com\\\/de\\\/myboard\\\/#breadcrumb\",\"itemListElement\":[{\"@type\":\"ListItem\",\"position\":1,\"name\":\"Startseite\",\"item\":\"https:\\\/\\\/training.casavi.com\\\/de\\\/\"},{\"@type\":\"ListItem\",\"position\":2,\"name\":\"MyBoard\"}]},{\"@type\":\"WebSite\",\"@id\":\"https:\\\/\\\/training.casavi.com\\\/de\\\/#website\",\"url\":\"https:\\\/\\\/training.casavi.com\\\/de\\\/\",\"name\":\"DE - casavi Training\",\"description\":\"\",\"potentialAction\":[{\"@type\":\"SearchAction\",\"target\":{\"@type\":\"EntryPoint\",\"urlTemplate\":\"https:\\\/\\\/training.casavi.com\\\/de\\\/?s={search_term_string}\"},\"query-input\":{\"@type\":\"PropertyValueSpecification\",\"valueRequired\":true,\"valueName\":\"search_term_string\"}}],\"inLanguage\":\"de\"}]}<\/script>\n<!-- \/ Yoast SEO plugin. -->","yoast_head_json":{"title":"MyBoard - DE - casavi Training","robots":{"index":"noindex","follow":"follow","max-snippet":"max-snippet:-1","max-image-preview":"max-image-preview:large","max-video-preview":"max-video-preview:-1"},"og_locale":"de_DE","og_type":"article","og_title":"MyBoard - DE - casavi Training","og_description":"Add-On: Einrichtung des MyBoards MyBoard ist ein&nbsp;kostenpflichtiges Zusatzmodul von casavi. Dar\u00fcber k\u00f6nnen&nbsp;Inhalte gezielt an digitale Anzeigefl\u00e4chen&nbsp;(Screens, Blackboards o\u00c4.) ausgespielt und somit den Bewohnern einer Liegenschaft angezeigt werden. Folgende Kacheln stehen aktuell zur Verf\u00fcgung: F\u00fcr den Fall, dass bei Ihnen noch keine Hardware vorhanden ist, kommen Sie gerne auf uns zu. Kontaktieren Sie uns unter\u00a0upgrade@casavi.de\u00a0oder sehen [&hellip;]","og_url":"https:\/\/training.casavi.com\/de\/myboard\/","og_site_name":"DE - casavi Training","article_modified_time":"2025-09-10T10:27:43+00:00","og_image":[{"url":"https:\/\/training.casavi.com\/de\/wp-content\/uploads\/sites\/2\/2023\/04\/Bildschirmfoto-2020-08-14-um-12.02.20.png","type":"","width":"","height":""}],"twitter_card":"summary_large_image","twitter_misc":{"Gesch\u00e4tzte Lesezeit":"3\u00a0Minuten"},"schema":{"@context":"https:\/\/schema.org","@graph":[{"@type":"WebPage","@id":"https:\/\/training.casavi.com\/de\/myboard\/","url":"https:\/\/training.casavi.com\/de\/myboard\/","name":"MyBoard - DE - casavi Training","isPartOf":{"@id":"https:\/\/training.casavi.com\/de\/#website"},"primaryImageOfPage":{"@id":"https:\/\/training.casavi.com\/de\/myboard\/#primaryimage"},"image":{"@id":"https:\/\/training.casavi.com\/de\/myboard\/#primaryimage"},"thumbnailUrl":"https:\/\/training.casavi.com\/de\/wp-content\/uploads\/sites\/2\/2023\/04\/Bildschirmfoto-2020-08-14-um-12.02.20.png","datePublished":"2021-03-03T11:17:15+00:00","dateModified":"2025-09-10T10:27:43+00:00","breadcrumb":{"@id":"https:\/\/training.casavi.com\/de\/myboard\/#breadcrumb"},"inLanguage":"de","potentialAction":[{"@type":"ReadAction","target":["https:\/\/training.casavi.com\/de\/myboard\/"]}]},{"@type":"ImageObject","inLanguage":"de","@id":"https:\/\/training.casavi.com\/de\/myboard\/#primaryimage","url":"https:\/\/training.casavi.com\/de\/wp-content\/uploads\/sites\/2\/2023\/04\/Bildschirmfoto-2020-08-14-um-12.02.20.png","contentUrl":"https:\/\/training.casavi.com\/de\/wp-content\/uploads\/sites\/2\/2023\/04\/Bildschirmfoto-2020-08-14-um-12.02.20.png","width":400,"height":394},{"@type":"BreadcrumbList","@id":"https:\/\/training.casavi.com\/de\/myboard\/#breadcrumb","itemListElement":[{"@type":"ListItem","position":1,"name":"Startseite","item":"https:\/\/training.casavi.com\/de\/"},{"@type":"ListItem","position":2,"name":"MyBoard"}]},{"@type":"WebSite","@id":"https:\/\/training.casavi.com\/de\/#website","url":"https:\/\/training.casavi.com\/de\/","name":"DE - casavi Training","description":"","potentialAction":[{"@type":"SearchAction","target":{"@type":"EntryPoint","urlTemplate":"https:\/\/training.casavi.com\/de\/?s={search_term_string}"},"query-input":{"@type":"PropertyValueSpecification","valueRequired":true,"valueName":"search_term_string"}}],"inLanguage":"de"}]}},"_links":{"self":[{"href":"https:\/\/training.casavi.com\/de\/wp-json\/wp\/v2\/pages\/4390","targetHints":{"allow":["GET"]}}],"collection":[{"href":"https:\/\/training.casavi.com\/de\/wp-json\/wp\/v2\/pages"}],"about":[{"href":"https:\/\/training.casavi.com\/de\/wp-json\/wp\/v2\/types\/page"}],"author":[{"embeddable":true,"href":"https:\/\/training.casavi.com\/de\/wp-json\/wp\/v2\/users\/2"}],"replies":[{"embeddable":true,"href":"https:\/\/training.casavi.com\/de\/wp-json\/wp\/v2\/comments?post=4390"}],"version-history":[{"count":4,"href":"https:\/\/training.casavi.com\/de\/wp-json\/wp\/v2\/pages\/4390\/revisions"}],"predecessor-version":[{"id":7818,"href":"https:\/\/training.casavi.com\/de\/wp-json\/wp\/v2\/pages\/4390\/revisions\/7818"}],"wp:attachment":[{"href":"https:\/\/training.casavi.com\/de\/wp-json\/wp\/v2\/media?parent=4390"}],"curies":[{"name":"wp","href":"https:\/\/api.w.org\/{rel}","templated":true}]}}