{"id":5472,"date":"2021-06-01T09:49:30","date_gmt":"2021-06-01T07:49:30","guid":{"rendered":"https:\/\/start.mycasavi.com\/?page_id=5472"},"modified":"2025-06-03T09:01:34","modified_gmt":"2025-06-03T07:01:34","slug":"relay","status":"publish","type":"page","link":"https:\/\/training.casavi.com\/de\/relay\/","title":{"rendered":"Relay"},"content":{"rendered":"\n<div class=\"wp-block-group is-style-card is-layout-constrained wp-block-group-is-layout-constrained\"><figure class=\"wp-block-image aligncenter size-full is-resized\"><img decoding=\"async\" width=\"270px\" height=\"105px\" src=\"https:\/\/training.casavi.com\/de\/wp-content\/uploads\/sites\/2\/2023\/04\/relay-logo-1-1024x397-1-300x116.png\" class=\"attachment-full size-full lazyload\" alt=\"\" data-sizes=\"auto\" data-srcset=\"https:\/\/training.casavi.com\/de\/wp-content\/uploads\/sites\/2\/2023\/04\/relay-logo-1-1024x397-1-300x116.png 300w, https:\/\/training.casavi.com\/de\/wp-content\/uploads\/sites\/2\/2023\/04\/relay-logo-1-1024x397-1-768x298.png 768w, https:\/\/training.casavi.com\/de\/wp-content\/uploads\/sites\/2\/2023\/04\/relay-logo-1-1024x397-1.png 1024w\" data-src=\"https:\/\/training.casavi.com\/de\/wp-content\/uploads\/sites\/2\/2023\/04\/relay-logo-1-1024x397-1.png\"><\/figure>\n\n\n<h2 class=\"wp-block-heading has-text-align-center\">Die Dienstleisterplattform von casavi<\/h2>\n<\/div>\n\n\n\n<div style=\"height:63px\" aria-hidden=\"true\" class=\"wp-block-spacer\"><\/div>\n\n\n\n<p>Sie m\u00f6chten all Ihre Auftr\u00e4ge transparent mit allen beteiligten Dienstleistern und Unternehmen bearbeiten? Dann sind Sie hier genau richtig.<\/p>\n\n\n\n<div style=\"height:63px\" aria-hidden=\"true\" class=\"wp-block-spacer\"><\/div>\n\n\n\n<h2 class=\"wp-block-heading\">Was ist relay genau und welche Vorteile habe ich davon?<\/h2>\n\n\n<ul class=\"wp-block-list is-style-checklist\">\n<li>relay ist eine Plattform f\u00fcr die<em>\u00a0digitale Zusammenarbeit mit Ihren Dienstleistern<\/em>.<\/li>\n\n\n\n<li>Sie k\u00f6nnen mit allen Ihren Dienstleistern direkt \u00fcber casavi kommunizieren und Auftr\u00e4ge vergeben \u2013 in den gleichen Vorg\u00e4ngen der SmartTask, in denen Sie aktuell bereits arbeiten.<\/li>\n\n\n\n<li>Ihre Dienstleister k\u00f6nnen in relay standardisiert Auftr\u00e4ge annehmen und Anfragen schneller bearbeiten. Sie erhalten stets R\u00fcckmeldung in Ihrem SmartTask Vorgang dazu.<\/li>\n\n\n\n<li>relay ist komplett\u00a0<em>kostenlos<\/em>\u00a0f\u00fcr Sie als Verwalter.<\/li>\n\n\n\n<li>Sie k\u00f6nnen mehreren Ihrer relay Dienstleister \u00fcber die SmartTask Angebotsanfragen schicken, diese vergleichen und das beste Angebot ausw\u00e4hlen, um es dann weiter als Auftrag zu bearbeiten.<\/li>\n<\/ul>\n\n\n<div style=\"height:47px\" aria-hidden=\"true\" class=\"wp-block-spacer\"><\/div>\n\n\n\n<div class=\"wp-block-group is-layout-constrained wp-block-group-is-layout-constrained\">\n<figure class=\"wp-block-embed is-type-video is-provider-youtube wp-block-embed-youtube wp-embed-aspect-16-9 wp-has-aspect-ratio\"><div class=\"wp-block-embed__wrapper\">\n <div class=\"brlbs-cmpnt-container brlbs-cmpnt-content-blocker brlbs-cmpnt-with-individual-styles\" data-borlabs-cookie-content-blocker-id=\"youtube-content-blocker\" data-borlabs-cookie-content=\"PGlmcmFtZSB0aXRsZT0iUmVsYXkgLSBEaWUgUGxhdHRmb3JtIGbDvHIgZGlnaXRhbGUgWnVzYW1tZW5hcmJlaXQgcnVuZCB1bSBkaWUgSW1tb2JpbGllIiB3aWR0aD0iNTAwIiBoZWlnaHQ9IjI4MSIgc3JjPSJodHRwczovL3d3dy55b3V0dWJlLW5vY29va2llLmNvbS9lbWJlZC9SMkRwb3lLazVKWT9mZWF0dXJlPW9lbWJlZCIgZnJhbWVib3JkZXI9IjAiIGFsbG93PSJhY2NlbGVyb21ldGVyOyBhdXRvcGxheTsgY2xpcGJvYXJkLXdyaXRlOyBlbmNyeXB0ZWQtbWVkaWE7IGd5cm9zY29wZTsgcGljdHVyZS1pbi1waWN0dXJlOyB3ZWItc2hhcmUiIHJlZmVycmVycG9saWN5PSJzdHJpY3Qtb3JpZ2luLXdoZW4tY3Jvc3Mtb3JpZ2luIiBhbGxvd2Z1bGxzY3JlZW4+PC9pZnJhbWU+\"><div class=\"brlbs-cmpnt-cb-preset-c brlbs-cmpnt-cb-youtube\"> <div class=\"brlbs-cmpnt-cb-thumbnail\" style=\"background-image: url('https:\/\/training.casavi.com\/de\/wp-content\/uploads\/borlabs-cookie\/2\/yt_R2DpoyKk5JY_hqdefault.jpg')\"><\/div> <div class=\"brlbs-cmpnt-cb-main\"> <div class=\"brlbs-cmpnt-cb-play-button\"><\/div> <div class=\"brlbs-cmpnt-cb-content\"> <p class=\"brlbs-cmpnt-cb-description\">Sie sehen gerade einen Platzhalterinhalt von <strong>YouTube<\/strong>. Um auf den eigentlichen Inhalt zuzugreifen, klicken Sie auf die Schaltfl\u00e4che unten. Bitte beachten Sie, dass dabei Daten an Drittanbieter weitergegeben werden.<\/p> <a class=\"brlbs-cmpnt-cb-provider-toggle\" href=\"#\" data-borlabs-cookie-show-provider-information role=\"button\">Mehr Informationen<\/a> <\/div> <div class=\"brlbs-cmpnt-cb-buttons\"> <a class=\"brlbs-cmpnt-cb-btn\" href=\"#\" data-borlabs-cookie-unblock role=\"button\">Inhalt entsperren<\/a> <a class=\"brlbs-cmpnt-cb-btn\" href=\"#\" data-borlabs-cookie-accept-service role=\"button\" style=\"display: inherit\">Erforderlichen Service akzeptieren und Inhalte entsperren<\/a> <\/div> <\/div> <\/div><\/div>\n<\/div><\/figure>\n<\/div>\n\n\n\n<div style=\"height:63px\" aria-hidden=\"true\" class=\"wp-block-spacer\"><\/div>\n\n\n\n<h2 class=\"wp-block-heading\">Wie starte ich mit relay?<\/h2>\n\n\n\n<p>Um sich mit Ihren Dienstleistern \u00fcber relay zu vernetzen, m\u00fcssen Sie diese zun\u00e4chst dazu einladen. Ab sofort k\u00f6nnen Sie dies mit nur wenigen Klicks tun.<\/p>\n\n\n\n<p>Und so einfach geht\u2019s:<\/p>\n\n\n<ol class=\"wp-block-list\">\n<li>Navigieren Sie in Ihre\u00a0<strong>\u201eKontakte\u201c<\/strong><\/li>\n\n\n\n<li>Mit Klick auf die neue Schaltfl\u00e4che\u00a0<strong>\u201eJetzt zu relay einladen\u201c<\/strong>\u00a0k\u00f6nnen Sie Ihre gew\u00fcnschten Dienstleister ausw\u00e4hlen<\/li>\n\n\n\n<li>Klicken Sie auf\u00a0<strong>\u201cAbsenden\u201d<\/strong>, um die Einladung Ihrer Dienstleister durchzuf\u00fchren.<br><\/li>\n<\/ol>\n\n\n<p>Sollten die gew\u00fcnschten Dienstleister nicht aufgelistet sein, m\u00fcssen Sie zuvor noch die Dienstleisterkategorie im Kontakt hinzuf\u00fcgen.<\/p>\n\n\n<ol style=\"list-style-type:1\" class=\"wp-block-list\">\n<li>Loggen Sie sich in casavi ein und navigieren Sie zum Bereich Kontakte.<\/li>\n\n\n\n<li>Um den Kontakt zu relay einzuladen, m\u00fcssen Sie eine Dienstleisterkategorie ausw\u00e4hlen. Bearbeiten Sie dazu den Kontakt und w\u00e4hlen die geeignete Kategorie z.B.: &#8222;Handwerker&#8220; aus.<\/li>\n<\/ol>\n\n\n<div style=\"height:44px\" aria-hidden=\"true\" class=\"wp-block-spacer\"><\/div>\n\n\n\n<figure class=\"wp-block-embed is-type-video is-provider-youtube wp-block-embed-youtube wp-embed-aspect-16-9 wp-has-aspect-ratio\"><div class=\"wp-block-embed__wrapper\">\n <div class=\"brlbs-cmpnt-container brlbs-cmpnt-content-blocker brlbs-cmpnt-with-individual-styles\" data-borlabs-cookie-content-blocker-id=\"youtube-content-blocker\" data-borlabs-cookie-content=\"PGlmcmFtZSB0aXRsZT0iRGFzIFp1c2FtbWVuc3BpZWwgY2FzYXZpICsgcmVsYXkiIHdpZHRoPSI1MDAiIGhlaWdodD0iMjgxIiBzcmM9Imh0dHBzOi8vd3d3LnlvdXR1YmUtbm9jb29raWUuY29tL2VtYmVkL1FrOUVXemZTb1hZP2ZlYXR1cmU9b2VtYmVkIiBmcmFtZWJvcmRlcj0iMCIgYWxsb3c9ImFjY2VsZXJvbWV0ZXI7IGF1dG9wbGF5OyBjbGlwYm9hcmQtd3JpdGU7IGVuY3J5cHRlZC1tZWRpYTsgZ3lyb3Njb3BlOyBwaWN0dXJlLWluLXBpY3R1cmU7IHdlYi1zaGFyZSIgcmVmZXJyZXJwb2xpY3k9InN0cmljdC1vcmlnaW4td2hlbi1jcm9zcy1vcmlnaW4iIGFsbG93ZnVsbHNjcmVlbj48L2lmcmFtZT4=\"><div class=\"brlbs-cmpnt-cb-preset-c brlbs-cmpnt-cb-youtube\"> <div class=\"brlbs-cmpnt-cb-thumbnail\" style=\"background-image: url('https:\/\/training.casavi.com\/de\/wp-content\/uploads\/borlabs-cookie\/2\/yt_Qk9EWzfSoXY_hqdefault.jpg')\"><\/div> <div class=\"brlbs-cmpnt-cb-main\"> <div class=\"brlbs-cmpnt-cb-play-button\"><\/div> <div class=\"brlbs-cmpnt-cb-content\"> <p class=\"brlbs-cmpnt-cb-description\">Sie sehen gerade einen Platzhalterinhalt von <strong>YouTube<\/strong>. Um auf den eigentlichen Inhalt zuzugreifen, klicken Sie auf die Schaltfl\u00e4che unten. Bitte beachten Sie, dass dabei Daten an Drittanbieter weitergegeben werden.<\/p> <a class=\"brlbs-cmpnt-cb-provider-toggle\" href=\"#\" data-borlabs-cookie-show-provider-information role=\"button\">Mehr Informationen<\/a> <\/div> <div class=\"brlbs-cmpnt-cb-buttons\"> <a class=\"brlbs-cmpnt-cb-btn\" href=\"#\" data-borlabs-cookie-unblock role=\"button\">Inhalt entsperren<\/a> <a class=\"brlbs-cmpnt-cb-btn\" href=\"#\" data-borlabs-cookie-accept-service role=\"button\" style=\"display: inherit\">Erforderlichen Service akzeptieren und Inhalte entsperren<\/a> <\/div> <\/div> <\/div><\/div>\n<\/div><\/figure>\n\n\n\n<div style=\"height:45px\" aria-hidden=\"true\" class=\"wp-block-spacer\"><\/div>\n\n\n\n<p>Die Dienstleister werden nun per E-Mail benachrichtigt und haben die M\u00f6glichkeit sich bei relay anzumelden. Sie k\u00f6nnen Ihre Dienstleister auch einfach automatisch \u00fcber Ihre Auftragsmails zu relay einladen, indem Sie <a href=\"https:\/\/mycasavi.com\/manage\/configure\/relay\/\" target=\"_blank\" rel=\"noreferrer noopener\">hier<\/a> den Schalter aktivieren. Wichtig ist auch hier, dass Sie die Dienstleisterkategorie hinterlegt haben.<br>Eine detaillierte Schritt-f\u00fcr-Schritt-Anleitung finden Sie auch im casavi&nbsp;<a href=\"https:\/\/hilfe.mycasavi.com\/de-form\/articles\/3347249-2-4-wie-lade-ich-neue-dienstleister-uber-casavi-zu-relay-ein\" target=\"_blank\" rel=\"noreferrer noopener\">Hilfebereich<\/a>.<\/p>\n\n\n\n<div style=\"height:63px\" aria-hidden=\"true\" class=\"wp-block-spacer\"><\/div>\n\n\n\n<div class=\"wp-block-columns is-layout-flex wp-container-core-columns-is-layout-28f84493 wp-block-columns-is-layout-flex\">\n<div class=\"wp-block-column is-layout-flow wp-block-column-is-layout-flow\">\n<div class=\"wp-block-buttons is-layout-flex wp-block-buttons-is-layout-flex\">\n<div class=\"wp-block-button is-style-ghost\"><a class=\"wp-block-button__link wp-element-button\" href=\"https:\/\/mycasavi.com\/manage\/contacts\" target=\"_blank\" rel=\"noreferrer noopener\">Jetzt Dienstleister einladen<\/a><\/div>\n<\/div>\n<\/div>\n\n\n\n<div class=\"wp-block-column is-layout-flow wp-block-column-is-layout-flow\">\n<div class=\"wp-block-buttons is-layout-flex wp-block-buttons-is-layout-flex\">\n<div class=\"wp-block-button\"><a class=\"wp-block-button__link wp-element-button\" href=\"https:\/\/training.casavi.com\/de\/\">Zur\u00fcck zur Startseite \u2192<\/a><\/div>\n<\/div>\n<\/div>\n\n\n\n<div class=\"wp-block-column is-layout-flow wp-block-column-is-layout-flow\" style=\"flex-basis:15%\"><\/div>\n<\/div>\n","protected":false},"excerpt":{"rendered":"<p>Die Dienstleisterplattform von casavi Sie m\u00f6chten all Ihre Auftr\u00e4ge transparent mit allen beteiligten Dienstleistern und Unternehmen bearbeiten? Dann sind Sie hier genau richtig. Was ist relay genau und welche Vorteile habe ich davon? Wie starte ich mit relay? Um sich mit Ihren Dienstleistern \u00fcber relay zu vernetzen, m\u00fcssen Sie diese zun\u00e4chst dazu einladen. Ab sofort [&hellip;]<\/p>\n","protected":false},"author":2,"featured_media":0,"parent":0,"menu_order":0,"comment_status":"closed","ping_status":"closed","template":"","meta":{"_acf_changed":false,"_show_the_title":false,"footnotes":""},"class_list":["post-5472","page","type-page","status-publish","hentry"],"acf":[],"yoast_head":"<!-- This site is optimized with the Yoast SEO plugin v27.4 - https:\/\/yoast.com\/product\/yoast-seo-wordpress\/ -->\n<title>Relay - DE - casavi Training<\/title>\n<meta name=\"robots\" content=\"noindex, follow, max-snippet:-1, max-image-preview:large, max-video-preview:-1\" \/>\n<meta property=\"og:locale\" content=\"de_DE\" \/>\n<meta property=\"og:type\" content=\"article\" \/>\n<meta property=\"og:title\" content=\"Relay - DE - casavi Training\" \/>\n<meta property=\"og:description\" content=\"Die Dienstleisterplattform von casavi Sie m\u00f6chten all Ihre Auftr\u00e4ge transparent mit allen beteiligten Dienstleistern und Unternehmen bearbeiten? Dann sind Sie hier genau richtig. Was ist relay genau und welche Vorteile habe ich davon? Wie starte ich mit relay? Um sich mit Ihren Dienstleistern \u00fcber relay zu vernetzen, m\u00fcssen Sie diese zun\u00e4chst dazu einladen. Ab sofort [&hellip;]\" \/>\n<meta property=\"og:url\" content=\"https:\/\/training.casavi.com\/de\/relay\/\" \/>\n<meta property=\"og:site_name\" content=\"DE - casavi Training\" \/>\n<meta property=\"article:modified_time\" content=\"2025-06-03T07:01:34+00:00\" \/>\n<meta property=\"og:image\" content=\"https:\/\/training.casavi.com\/de\/wp-content\/uploads\/sites\/2\/2023\/04\/relay-logo-1-1024x397-1.png\" \/>\n<meta name=\"twitter:card\" content=\"summary_large_image\" \/>\n<meta name=\"twitter:label1\" content=\"Gesch\u00e4tzte Lesezeit\" \/>\n\t<meta name=\"twitter:data1\" content=\"2\u00a0Minuten\" \/>\n<script type=\"application\/ld+json\" class=\"yoast-schema-graph\">{\"@context\":\"https:\\\/\\\/schema.org\",\"@graph\":[{\"@type\":\"WebPage\",\"@id\":\"https:\\\/\\\/training.casavi.com\\\/de\\\/relay\\\/\",\"url\":\"https:\\\/\\\/training.casavi.com\\\/de\\\/relay\\\/\",\"name\":\"Relay - DE - casavi Training\",\"isPartOf\":{\"@id\":\"https:\\\/\\\/training.casavi.com\\\/de\\\/#website\"},\"primaryImageOfPage\":{\"@id\":\"https:\\\/\\\/training.casavi.com\\\/de\\\/relay\\\/#primaryimage\"},\"image\":{\"@id\":\"https:\\\/\\\/training.casavi.com\\\/de\\\/relay\\\/#primaryimage\"},\"thumbnailUrl\":\"https:\\\/\\\/training.casavi.com\\\/de\\\/wp-content\\\/uploads\\\/sites\\\/2\\\/2023\\\/04\\\/relay-logo-1-1024x397-1.png\",\"datePublished\":\"2021-06-01T07:49:30+00:00\",\"dateModified\":\"2025-06-03T07:01:34+00:00\",\"breadcrumb\":{\"@id\":\"https:\\\/\\\/training.casavi.com\\\/de\\\/relay\\\/#breadcrumb\"},\"inLanguage\":\"de\",\"potentialAction\":[{\"@type\":\"ReadAction\",\"target\":[\"https:\\\/\\\/training.casavi.com\\\/de\\\/relay\\\/\"]}]},{\"@type\":\"ImageObject\",\"inLanguage\":\"de\",\"@id\":\"https:\\\/\\\/training.casavi.com\\\/de\\\/relay\\\/#primaryimage\",\"url\":\"https:\\\/\\\/training.casavi.com\\\/de\\\/wp-content\\\/uploads\\\/sites\\\/2\\\/2023\\\/04\\\/relay-logo-1-1024x397-1.png\",\"contentUrl\":\"https:\\\/\\\/training.casavi.com\\\/de\\\/wp-content\\\/uploads\\\/sites\\\/2\\\/2023\\\/04\\\/relay-logo-1-1024x397-1.png\",\"width\":1024,\"height\":397},{\"@type\":\"BreadcrumbList\",\"@id\":\"https:\\\/\\\/training.casavi.com\\\/de\\\/relay\\\/#breadcrumb\",\"itemListElement\":[{\"@type\":\"ListItem\",\"position\":1,\"name\":\"Startseite\",\"item\":\"https:\\\/\\\/training.casavi.com\\\/de\\\/\"},{\"@type\":\"ListItem\",\"position\":2,\"name\":\"Relay\"}]},{\"@type\":\"WebSite\",\"@id\":\"https:\\\/\\\/training.casavi.com\\\/de\\\/#website\",\"url\":\"https:\\\/\\\/training.casavi.com\\\/de\\\/\",\"name\":\"DE - casavi Training\",\"description\":\"\",\"potentialAction\":[{\"@type\":\"SearchAction\",\"target\":{\"@type\":\"EntryPoint\",\"urlTemplate\":\"https:\\\/\\\/training.casavi.com\\\/de\\\/?s={search_term_string}\"},\"query-input\":{\"@type\":\"PropertyValueSpecification\",\"valueRequired\":true,\"valueName\":\"search_term_string\"}}],\"inLanguage\":\"de\"}]}<\/script>\n<!-- \/ Yoast SEO plugin. -->","yoast_head_json":{"title":"Relay - DE - casavi Training","robots":{"index":"noindex","follow":"follow","max-snippet":"max-snippet:-1","max-image-preview":"max-image-preview:large","max-video-preview":"max-video-preview:-1"},"og_locale":"de_DE","og_type":"article","og_title":"Relay - DE - casavi Training","og_description":"Die Dienstleisterplattform von casavi Sie m\u00f6chten all Ihre Auftr\u00e4ge transparent mit allen beteiligten Dienstleistern und Unternehmen bearbeiten? Dann sind Sie hier genau richtig. Was ist relay genau und welche Vorteile habe ich davon? Wie starte ich mit relay? Um sich mit Ihren Dienstleistern \u00fcber relay zu vernetzen, m\u00fcssen Sie diese zun\u00e4chst dazu einladen. Ab sofort [&hellip;]","og_url":"https:\/\/training.casavi.com\/de\/relay\/","og_site_name":"DE - casavi Training","article_modified_time":"2025-06-03T07:01:34+00:00","og_image":[{"url":"https:\/\/training.casavi.com\/de\/wp-content\/uploads\/sites\/2\/2023\/04\/relay-logo-1-1024x397-1.png","type":"","width":"","height":""}],"twitter_card":"summary_large_image","twitter_misc":{"Gesch\u00e4tzte Lesezeit":"2\u00a0Minuten"},"schema":{"@context":"https:\/\/schema.org","@graph":[{"@type":"WebPage","@id":"https:\/\/training.casavi.com\/de\/relay\/","url":"https:\/\/training.casavi.com\/de\/relay\/","name":"Relay - DE - casavi Training","isPartOf":{"@id":"https:\/\/training.casavi.com\/de\/#website"},"primaryImageOfPage":{"@id":"https:\/\/training.casavi.com\/de\/relay\/#primaryimage"},"image":{"@id":"https:\/\/training.casavi.com\/de\/relay\/#primaryimage"},"thumbnailUrl":"https:\/\/training.casavi.com\/de\/wp-content\/uploads\/sites\/2\/2023\/04\/relay-logo-1-1024x397-1.png","datePublished":"2021-06-01T07:49:30+00:00","dateModified":"2025-06-03T07:01:34+00:00","breadcrumb":{"@id":"https:\/\/training.casavi.com\/de\/relay\/#breadcrumb"},"inLanguage":"de","potentialAction":[{"@type":"ReadAction","target":["https:\/\/training.casavi.com\/de\/relay\/"]}]},{"@type":"ImageObject","inLanguage":"de","@id":"https:\/\/training.casavi.com\/de\/relay\/#primaryimage","url":"https:\/\/training.casavi.com\/de\/wp-content\/uploads\/sites\/2\/2023\/04\/relay-logo-1-1024x397-1.png","contentUrl":"https:\/\/training.casavi.com\/de\/wp-content\/uploads\/sites\/2\/2023\/04\/relay-logo-1-1024x397-1.png","width":1024,"height":397},{"@type":"BreadcrumbList","@id":"https:\/\/training.casavi.com\/de\/relay\/#breadcrumb","itemListElement":[{"@type":"ListItem","position":1,"name":"Startseite","item":"https:\/\/training.casavi.com\/de\/"},{"@type":"ListItem","position":2,"name":"Relay"}]},{"@type":"WebSite","@id":"https:\/\/training.casavi.com\/de\/#website","url":"https:\/\/training.casavi.com\/de\/","name":"DE - casavi Training","description":"","potentialAction":[{"@type":"SearchAction","target":{"@type":"EntryPoint","urlTemplate":"https:\/\/training.casavi.com\/de\/?s={search_term_string}"},"query-input":{"@type":"PropertyValueSpecification","valueRequired":true,"valueName":"search_term_string"}}],"inLanguage":"de"}]}},"_links":{"self":[{"href":"https:\/\/training.casavi.com\/de\/wp-json\/wp\/v2\/pages\/5472","targetHints":{"allow":["GET"]}}],"collection":[{"href":"https:\/\/training.casavi.com\/de\/wp-json\/wp\/v2\/pages"}],"about":[{"href":"https:\/\/training.casavi.com\/de\/wp-json\/wp\/v2\/types\/page"}],"author":[{"embeddable":true,"href":"https:\/\/training.casavi.com\/de\/wp-json\/wp\/v2\/users\/2"}],"replies":[{"embeddable":true,"href":"https:\/\/training.casavi.com\/de\/wp-json\/wp\/v2\/comments?post=5472"}],"version-history":[{"count":13,"href":"https:\/\/training.casavi.com\/de\/wp-json\/wp\/v2\/pages\/5472\/revisions"}],"predecessor-version":[{"id":7732,"href":"https:\/\/training.casavi.com\/de\/wp-json\/wp\/v2\/pages\/5472\/revisions\/7732"}],"wp:attachment":[{"href":"https:\/\/training.casavi.com\/de\/wp-json\/wp\/v2\/media?parent=5472"}],"curies":[{"name":"wp","href":"https:\/\/api.w.org\/{rel}","templated":true}]}}