{"id":6328,"date":"2022-06-02T08:52:02","date_gmt":"2022-06-02T06:52:02","guid":{"rendered":"https:\/\/start.mycasavi.com\/?page_id=6328"},"modified":"2023-04-21T16:10:04","modified_gmt":"2023-04-21T14:10:04","slug":"mybrand-premium","status":"publish","type":"page","link":"https:\/\/training.casavi.com\/de\/mybrand-premium\/","title":{"rendered":"MyBrand Premium"},"content":{"rendered":"\n<p>Add-on:<\/p>\n\n\n\n<div class=\"wp-block-group is-style-cta-dark is-layout-constrained wp-block-group-is-layout-constrained\">\n<h2 class=\"wp-block-heading has-text-align-center has-gray-0-color has-text-color\">Anleitung MyBrand Premium<\/h2>\n<\/div>\n\n\n\n<div style=\"height:63px\" aria-hidden=\"true\" class=\"wp-block-spacer\"><\/div>\n\n\n\n<p>Stellen Sie Ihren Kunden Ihre Serviceplattform\u00a0gestaltet in dem\u00a0<strong>Corporate Design Ihrer Marke<\/strong>\u00a0auf Ihrer Wunschdomain zur Verf\u00fcgung und begeistern Sie Immobilienbewohner und -Eigent\u00fcmer mit Ihrer eigenen App.<\/p>\n\n\n\n<div style=\"height:63px\" aria-hidden=\"true\" class=\"wp-block-spacer\"><\/div>\n\n\n\n<div class=\"wp-block-group is-style-card has-gray-100-background-color has-background is-layout-constrained wp-block-group-is-layout-constrained\">\n<div class=\"wp-block-columns is-layout-flex wp-container-core-columns-is-layout-28f84493 wp-block-columns-is-layout-flex\">\n<div class=\"wp-block-column is-layout-flow wp-block-column-is-layout-flow\" style=\"flex-basis:33.33%\"><figure class=\"wp-block-image size-full\"><img decoding=\"async\" width=\"406\" height=\"765\" src=\"https:\/\/training.casavi.com\/de\/wp-content\/uploads\/sites\/2\/2023\/04\/2022-06-01-17_55_01--159x300.png\" class=\"attachment-full size-full lazyload\" alt=\"\" data-sizes=\"auto\" data-srcset=\"https:\/\/training.casavi.com\/de\/wp-content\/uploads\/sites\/2\/2023\/04\/2022-06-01-17_55_01--159x300.png 159w, https:\/\/training.casavi.com\/de\/wp-content\/uploads\/sites\/2\/2023\/04\/2022-06-01-17_55_01-.png 406w\" data-src=\"https:\/\/training.casavi.com\/de\/wp-content\/uploads\/sites\/2\/2023\/04\/2022-06-01-17_55_01-.png\"><\/figure><\/div>\n\n\n\n<div class=\"wp-block-column is-vertically-aligned-center is-layout-flow wp-block-column-is-layout-flow\" style=\"flex-basis:66.66%\"><figure class=\"wp-block-image size-full\"><img decoding=\"async\" width=\"812\" height=\"435\" src=\"https:\/\/training.casavi.com\/de\/wp-content\/uploads\/sites\/2\/2023\/04\/2022-06-01-17_55_54-casavi-MyBrand-Jetzt-mehr-erfahren-e1682088402949-300x161.png\" class=\"attachment-full size-full lazyload\" alt=\"\" data-sizes=\"auto\" data-srcset=\"https:\/\/training.casavi.com\/de\/wp-content\/uploads\/sites\/2\/2023\/04\/2022-06-01-17_55_54-casavi-MyBrand-Jetzt-mehr-erfahren-e1682088402949-300x161.png 300w, https:\/\/training.casavi.com\/de\/wp-content\/uploads\/sites\/2\/2023\/04\/2022-06-01-17_55_54-casavi-MyBrand-Jetzt-mehr-erfahren-e1682088402949-768x411.png 768w, https:\/\/training.casavi.com\/de\/wp-content\/uploads\/sites\/2\/2023\/04\/2022-06-01-17_55_54-casavi-MyBrand-Jetzt-mehr-erfahren-e1682088402949.png 812w\" data-src=\"https:\/\/training.casavi.com\/de\/wp-content\/uploads\/sites\/2\/2023\/04\/2022-06-01-17_55_54-casavi-MyBrand-Jetzt-mehr-erfahren-e1682088402949.png\"><\/figure><\/div>\n<\/div>\n<\/div>\n\n\n\n<div style=\"height:63px\" aria-hidden=\"true\" class=\"wp-block-spacer\"><\/div>\n\n\n\n<p><strong>Das MyBrand Premium Paket beinhaltet Ihre eigene App, Domain &amp; WhiteLabel L\u00f6sung<\/strong>. Damit wir schnellstm\u00f6glich die gew\u00fcnschten Anpassungen vornehmen k\u00f6nnen, m\u00fcssen zun\u00e4chst Sie aktiv werden. Bitte folgen Sie bei allen drei Themen, der entsprechenden Anleitung:<\/p>\n\n\n\n<div style=\"height:63px\" aria-hidden=\"true\" class=\"wp-block-spacer\"><\/div>\n\n\n\n<div class=\"wp-block-columns is-layout-flex wp-container-core-columns-is-layout-28f84493 wp-block-columns-is-layout-flex\">\n<div class=\"wp-block-column is-layout-flow wp-block-column-is-layout-flow\" style=\"flex-basis:25%\">\n<p>Anleitungen f\u00fcr:<\/p>\n<\/div>\n\n\n\n<div class=\"wp-block-column is-layout-flow wp-block-column-is-layout-flow\" style=\"flex-basis:80%\">\n<div class=\"wp-block-buttons is-content-justification-center is-layout-flex wp-container-core-buttons-is-layout-b02886af wp-block-buttons-is-layout-flex\">\n<div class=\"wp-block-button\"><a class=\"wp-block-button__link wp-element-button\" href=\"https:\/\/training.casavi.com\/de\/myapp\/\">MyApp \u2192<\/a><\/div>\n\n\n\n<div class=\"wp-block-button\"><a class=\"wp-block-button__link wp-element-button\" href=\"https:\/\/training.casavi.com\/de\/mydomain\/\">MyDomain \u2192<\/a><\/div>\n\n\n\n<div class=\"wp-block-button\"><a class=\"wp-block-button__link wp-element-button\" href=\"https:\/\/training.casavi.com\/de\/mywhitelabel\/\">MyWhiteLabel \u2192<\/a><\/div>\n<\/div>\n<\/div>\n<\/div>\n\n\n\n<div style=\"height:63px\" aria-hidden=\"true\" class=\"wp-block-spacer\"><\/div>\n\n\n\n<p class=\"has-text-align-center has-small-font-size\"><a href=\"https:\/\/training.casavi.com\/de\/\">Zur\u00fcck zur Startseite<\/a><\/p>\n","protected":false},"excerpt":{"rendered":"<p>Add-on: Anleitung MyBrand Premium Stellen Sie Ihren Kunden Ihre Serviceplattform\u00a0gestaltet in dem\u00a0Corporate Design Ihrer Marke\u00a0auf Ihrer Wunschdomain zur Verf\u00fcgung und begeistern Sie Immobilienbewohner und -Eigent\u00fcmer mit Ihrer eigenen App. Das MyBrand Premium Paket beinhaltet Ihre eigene App, Domain &amp; WhiteLabel L\u00f6sung. Damit wir schnellstm\u00f6glich die gew\u00fcnschten Anpassungen vornehmen k\u00f6nnen, m\u00fcssen zun\u00e4chst Sie aktiv werden. Bitte [&hellip;]<\/p>\n","protected":false},"author":2,"featured_media":0,"parent":0,"menu_order":0,"comment_status":"closed","ping_status":"closed","template":"","meta":{"_acf_changed":false,"_show_the_title":false,"footnotes":""},"class_list":["post-6328","page","type-page","status-publish","hentry"],"acf":[],"yoast_head":"<!-- This site is optimized with the Yoast SEO plugin v27.4 - https:\/\/yoast.com\/product\/yoast-seo-wordpress\/ -->\n<title>MyBrand Premium - DE - casavi Training<\/title>\n<meta name=\"robots\" content=\"noindex, follow, max-snippet:-1, max-image-preview:large, max-video-preview:-1\" \/>\n<meta property=\"og:locale\" content=\"de_DE\" \/>\n<meta property=\"og:type\" content=\"article\" \/>\n<meta property=\"og:title\" content=\"MyBrand Premium - DE - casavi Training\" \/>\n<meta property=\"og:description\" content=\"Add-on: Anleitung MyBrand Premium Stellen Sie Ihren Kunden Ihre Serviceplattform\u00a0gestaltet in dem\u00a0Corporate Design Ihrer Marke\u00a0auf Ihrer Wunschdomain zur Verf\u00fcgung und begeistern Sie Immobilienbewohner und -Eigent\u00fcmer mit Ihrer eigenen App. Das MyBrand Premium Paket beinhaltet Ihre eigene App, Domain &amp; WhiteLabel L\u00f6sung. Damit wir schnellstm\u00f6glich die gew\u00fcnschten Anpassungen vornehmen k\u00f6nnen, m\u00fcssen zun\u00e4chst Sie aktiv werden. Bitte [&hellip;]\" \/>\n<meta property=\"og:url\" content=\"https:\/\/training.casavi.com\/de\/mybrand-premium\/\" \/>\n<meta property=\"og:site_name\" content=\"DE - casavi Training\" \/>\n<meta property=\"article:modified_time\" content=\"2023-04-21T14:10:04+00:00\" \/>\n<meta property=\"og:image\" content=\"https:\/\/training.casavi.com\/de\/wp-content\/uploads\/sites\/2\/2023\/04\/2022-06-01-17_55_01-.png\" \/>\n<meta name=\"twitter:card\" content=\"summary_large_image\" \/>\n<meta name=\"twitter:label1\" content=\"Gesch\u00e4tzte Lesezeit\" \/>\n\t<meta name=\"twitter:data1\" content=\"1\u00a0Minute\" \/>\n<script type=\"application\/ld+json\" class=\"yoast-schema-graph\">{\"@context\":\"https:\\\/\\\/schema.org\",\"@graph\":[{\"@type\":\"WebPage\",\"@id\":\"https:\\\/\\\/training.casavi.com\\\/de\\\/mybrand-premium\\\/\",\"url\":\"https:\\\/\\\/training.casavi.com\\\/de\\\/mybrand-premium\\\/\",\"name\":\"MyBrand Premium - DE - casavi Training\",\"isPartOf\":{\"@id\":\"https:\\\/\\\/training.casavi.com\\\/de\\\/#website\"},\"primaryImageOfPage\":{\"@id\":\"https:\\\/\\\/training.casavi.com\\\/de\\\/mybrand-premium\\\/#primaryimage\"},\"image\":{\"@id\":\"https:\\\/\\\/training.casavi.com\\\/de\\\/mybrand-premium\\\/#primaryimage\"},\"thumbnailUrl\":\"https:\\\/\\\/training.casavi.com\\\/de\\\/wp-content\\\/uploads\\\/sites\\\/2\\\/2023\\\/04\\\/2022-06-01-17_55_01-.png\",\"datePublished\":\"2022-06-02T06:52:02+00:00\",\"dateModified\":\"2023-04-21T14:10:04+00:00\",\"breadcrumb\":{\"@id\":\"https:\\\/\\\/training.casavi.com\\\/de\\\/mybrand-premium\\\/#breadcrumb\"},\"inLanguage\":\"de\",\"potentialAction\":[{\"@type\":\"ReadAction\",\"target\":[\"https:\\\/\\\/training.casavi.com\\\/de\\\/mybrand-premium\\\/\"]}]},{\"@type\":\"ImageObject\",\"inLanguage\":\"de\",\"@id\":\"https:\\\/\\\/training.casavi.com\\\/de\\\/mybrand-premium\\\/#primaryimage\",\"url\":\"https:\\\/\\\/training.casavi.com\\\/de\\\/wp-content\\\/uploads\\\/sites\\\/2\\\/2023\\\/04\\\/2022-06-01-17_55_01-.png\",\"contentUrl\":\"https:\\\/\\\/training.casavi.com\\\/de\\\/wp-content\\\/uploads\\\/sites\\\/2\\\/2023\\\/04\\\/2022-06-01-17_55_01-.png\",\"width\":406,\"height\":765},{\"@type\":\"BreadcrumbList\",\"@id\":\"https:\\\/\\\/training.casavi.com\\\/de\\\/mybrand-premium\\\/#breadcrumb\",\"itemListElement\":[{\"@type\":\"ListItem\",\"position\":1,\"name\":\"Startseite\",\"item\":\"https:\\\/\\\/training.casavi.com\\\/de\\\/\"},{\"@type\":\"ListItem\",\"position\":2,\"name\":\"MyBrand Premium\"}]},{\"@type\":\"WebSite\",\"@id\":\"https:\\\/\\\/training.casavi.com\\\/de\\\/#website\",\"url\":\"https:\\\/\\\/training.casavi.com\\\/de\\\/\",\"name\":\"DE - casavi Training\",\"description\":\"\",\"potentialAction\":[{\"@type\":\"SearchAction\",\"target\":{\"@type\":\"EntryPoint\",\"urlTemplate\":\"https:\\\/\\\/training.casavi.com\\\/de\\\/?s={search_term_string}\"},\"query-input\":{\"@type\":\"PropertyValueSpecification\",\"valueRequired\":true,\"valueName\":\"search_term_string\"}}],\"inLanguage\":\"de\"}]}<\/script>\n<!-- \/ Yoast SEO plugin. -->","yoast_head_json":{"title":"MyBrand Premium - DE - casavi Training","robots":{"index":"noindex","follow":"follow","max-snippet":"max-snippet:-1","max-image-preview":"max-image-preview:large","max-video-preview":"max-video-preview:-1"},"og_locale":"de_DE","og_type":"article","og_title":"MyBrand Premium - DE - casavi Training","og_description":"Add-on: Anleitung MyBrand Premium Stellen Sie Ihren Kunden Ihre Serviceplattform\u00a0gestaltet in dem\u00a0Corporate Design Ihrer Marke\u00a0auf Ihrer Wunschdomain zur Verf\u00fcgung und begeistern Sie Immobilienbewohner und -Eigent\u00fcmer mit Ihrer eigenen App. Das MyBrand Premium Paket beinhaltet Ihre eigene App, Domain &amp; WhiteLabel L\u00f6sung. Damit wir schnellstm\u00f6glich die gew\u00fcnschten Anpassungen vornehmen k\u00f6nnen, m\u00fcssen zun\u00e4chst Sie aktiv werden. Bitte [&hellip;]","og_url":"https:\/\/training.casavi.com\/de\/mybrand-premium\/","og_site_name":"DE - casavi Training","article_modified_time":"2023-04-21T14:10:04+00:00","og_image":[{"url":"https:\/\/training.casavi.com\/de\/wp-content\/uploads\/sites\/2\/2023\/04\/2022-06-01-17_55_01-.png","type":"","width":"","height":""}],"twitter_card":"summary_large_image","twitter_misc":{"Gesch\u00e4tzte Lesezeit":"1\u00a0Minute"},"schema":{"@context":"https:\/\/schema.org","@graph":[{"@type":"WebPage","@id":"https:\/\/training.casavi.com\/de\/mybrand-premium\/","url":"https:\/\/training.casavi.com\/de\/mybrand-premium\/","name":"MyBrand Premium - DE - casavi Training","isPartOf":{"@id":"https:\/\/training.casavi.com\/de\/#website"},"primaryImageOfPage":{"@id":"https:\/\/training.casavi.com\/de\/mybrand-premium\/#primaryimage"},"image":{"@id":"https:\/\/training.casavi.com\/de\/mybrand-premium\/#primaryimage"},"thumbnailUrl":"https:\/\/training.casavi.com\/de\/wp-content\/uploads\/sites\/2\/2023\/04\/2022-06-01-17_55_01-.png","datePublished":"2022-06-02T06:52:02+00:00","dateModified":"2023-04-21T14:10:04+00:00","breadcrumb":{"@id":"https:\/\/training.casavi.com\/de\/mybrand-premium\/#breadcrumb"},"inLanguage":"de","potentialAction":[{"@type":"ReadAction","target":["https:\/\/training.casavi.com\/de\/mybrand-premium\/"]}]},{"@type":"ImageObject","inLanguage":"de","@id":"https:\/\/training.casavi.com\/de\/mybrand-premium\/#primaryimage","url":"https:\/\/training.casavi.com\/de\/wp-content\/uploads\/sites\/2\/2023\/04\/2022-06-01-17_55_01-.png","contentUrl":"https:\/\/training.casavi.com\/de\/wp-content\/uploads\/sites\/2\/2023\/04\/2022-06-01-17_55_01-.png","width":406,"height":765},{"@type":"BreadcrumbList","@id":"https:\/\/training.casavi.com\/de\/mybrand-premium\/#breadcrumb","itemListElement":[{"@type":"ListItem","position":1,"name":"Startseite","item":"https:\/\/training.casavi.com\/de\/"},{"@type":"ListItem","position":2,"name":"MyBrand Premium"}]},{"@type":"WebSite","@id":"https:\/\/training.casavi.com\/de\/#website","url":"https:\/\/training.casavi.com\/de\/","name":"DE - casavi Training","description":"","potentialAction":[{"@type":"SearchAction","target":{"@type":"EntryPoint","urlTemplate":"https:\/\/training.casavi.com\/de\/?s={search_term_string}"},"query-input":{"@type":"PropertyValueSpecification","valueRequired":true,"valueName":"search_term_string"}}],"inLanguage":"de"}]}},"_links":{"self":[{"href":"https:\/\/training.casavi.com\/de\/wp-json\/wp\/v2\/pages\/6328","targetHints":{"allow":["GET"]}}],"collection":[{"href":"https:\/\/training.casavi.com\/de\/wp-json\/wp\/v2\/pages"}],"about":[{"href":"https:\/\/training.casavi.com\/de\/wp-json\/wp\/v2\/types\/page"}],"author":[{"embeddable":true,"href":"https:\/\/training.casavi.com\/de\/wp-json\/wp\/v2\/users\/2"}],"replies":[{"embeddable":true,"href":"https:\/\/training.casavi.com\/de\/wp-json\/wp\/v2\/comments?post=6328"}],"version-history":[{"count":2,"href":"https:\/\/training.casavi.com\/de\/wp-json\/wp\/v2\/pages\/6328\/revisions"}],"predecessor-version":[{"id":7166,"href":"https:\/\/training.casavi.com\/de\/wp-json\/wp\/v2\/pages\/6328\/revisions\/7166"}],"wp:attachment":[{"href":"https:\/\/training.casavi.com\/de\/wp-json\/wp\/v2\/media?parent=6328"}],"curies":[{"name":"wp","href":"https:\/\/api.w.org\/{rel}","templated":true}]}}