{"id":6400,"date":"2022-06-01T17:48:20","date_gmt":"2022-06-01T15:48:20","guid":{"rendered":"https:\/\/start.mycasavi.com\/?page_id=6400"},"modified":"2023-04-21T16:40:50","modified_gmt":"2023-04-21T14:40:50","slug":"mywhitelabel","status":"publish","type":"page","link":"https:\/\/training.casavi.com\/de\/mywhitelabel\/","title":{"rendered":"MyWhiteLabel"},"content":{"rendered":"\n<p>Add-On:<\/p>\n\n\n\n<div class=\"wp-block-group is-style-cta-dark has-tertiary-background-color has-background is-layout-flow wp-block-group-is-layout-flow\">\n<h2 class=\"wp-block-heading has-text-align-center has-gray-0-color has-text-color\">Anleitung f\u00fcr Ihr MyWhiteLabel<\/h2>\n<\/div>\n\n\n\n<p>Zur Einrichtung Ihres MyWhiteLabels ben\u00f6tigen wir einige Informationen und Ihr Logo.<br><strong>Bitte f\u00fcllen Sie daf\u00fcr folgendes Formular f\u00fcr uns aus:<\/strong><\/p>\n\n\n\n<div style=\"height:63px\" aria-hidden=\"true\" class=\"wp-block-spacer\"><\/div>\n\n\n\n<div class=\"wp-block-buttons is-content-justification-center is-layout-flex wp-container-core-buttons-is-layout-a89b3969 wp-block-buttons-is-layout-flex\">\n<div class=\"wp-block-button\"><a class=\"wp-block-button__link has-text-align-center wp-element-button\" href=\"https:\/\/casavi.typeform.com\/to\/edqmh3jU\">Formular MyWhiteLabel<\/a><\/div>\n<\/div>\n\n\n\n<div style=\"height:63px\" aria-hidden=\"true\" class=\"wp-block-spacer\"><\/div>\n\n\n\n<p>Anhand Ihrer Informationen passen wir Ihr WhiteLabel entsprechend an.<\/p>\n\n\n\n<div style=\"height:63px\" aria-hidden=\"true\" class=\"wp-block-spacer\"><\/div>\n\n\n\n<div class=\"wp-block-columns is-layout-flex wp-container-core-columns-is-layout-28f84493 wp-block-columns-is-layout-flex\">\n<div class=\"wp-block-column is-layout-flow wp-block-column-is-layout-flow\">\n<div class=\"wp-block-buttons is-layout-flex wp-block-buttons-is-layout-flex\">\n<div class=\"wp-block-button\"><a class=\"wp-block-button__link wp-element-button\" href=\"https:\/\/training.casavi.com\/de\/mydomain\/\">Anleitung MyDomain \u2192<\/a><\/div>\n<\/div>\n<\/div>\n\n\n\n<div class=\"wp-block-column is-layout-flow wp-block-column-is-layout-flow\">\n<div class=\"wp-block-buttons is-layout-flex wp-block-buttons-is-layout-flex\">\n<div class=\"wp-block-button\"><a class=\"wp-block-button__link wp-element-button\" href=\"https:\/\/training.casavi.com\/de\/myapp\/\">Anleitung MyApp \u2192<\/a><\/div>\n<\/div>\n<\/div>\n\n\n\n<div class=\"wp-block-column is-layout-flow wp-block-column-is-layout-flow\" style=\"flex-basis:10%\"><\/div>\n<\/div>\n\n\n\n<p class=\"has-text-align-center has-small-font-size\"><a href=\"https:\/\/training.casavi.com\/de\/\">Zur\u00fcck zur Startseite<\/a><\/p>\n","protected":false},"excerpt":{"rendered":"<p>Add-On: Anleitung f\u00fcr Ihr MyWhiteLabel Zur Einrichtung Ihres MyWhiteLabels ben\u00f6tigen wir einige Informationen und Ihr Logo.Bitte f\u00fcllen Sie daf\u00fcr folgendes Formular f\u00fcr uns aus: Anhand Ihrer Informationen passen wir Ihr WhiteLabel entsprechend an. Zur\u00fcck zur Startseite<\/p>\n","protected":false},"author":2,"featured_media":0,"parent":0,"menu_order":0,"comment_status":"closed","ping_status":"closed","template":"","meta":{"_acf_changed":false,"_show_the_title":false,"footnotes":""},"class_list":["post-6400","page","type-page","status-publish","hentry"],"acf":[],"yoast_head":"<!-- This site is optimized with the Yoast SEO plugin v27.4 - https:\/\/yoast.com\/product\/yoast-seo-wordpress\/ -->\n<title>MyWhiteLabel - DE - casavi Training<\/title>\n<meta name=\"robots\" content=\"noindex, follow, max-snippet:-1, max-image-preview:large, max-video-preview:-1\" \/>\n<meta property=\"og:locale\" content=\"de_DE\" \/>\n<meta property=\"og:type\" content=\"article\" \/>\n<meta property=\"og:title\" content=\"MyWhiteLabel - DE - casavi Training\" \/>\n<meta property=\"og:description\" content=\"Add-On: Anleitung f\u00fcr Ihr MyWhiteLabel Zur Einrichtung Ihres MyWhiteLabels ben\u00f6tigen wir einige Informationen und Ihr Logo.Bitte f\u00fcllen Sie daf\u00fcr folgendes Formular f\u00fcr uns aus: Anhand Ihrer Informationen passen wir Ihr WhiteLabel entsprechend an. Zur\u00fcck zur Startseite\" \/>\n<meta property=\"og:url\" content=\"https:\/\/training.casavi.com\/de\/mywhitelabel\/\" \/>\n<meta property=\"og:site_name\" content=\"DE - casavi Training\" \/>\n<meta property=\"article:modified_time\" content=\"2023-04-21T14:40:50+00:00\" \/>\n<meta name=\"twitter:card\" content=\"summary_large_image\" \/>\n<meta name=\"twitter:label1\" content=\"Gesch\u00e4tzte Lesezeit\" \/>\n\t<meta name=\"twitter:data1\" content=\"1\u00a0Minute\" \/>\n<script type=\"application\/ld+json\" class=\"yoast-schema-graph\">{\"@context\":\"https:\\\/\\\/schema.org\",\"@graph\":[{\"@type\":\"WebPage\",\"@id\":\"https:\\\/\\\/training.casavi.com\\\/de\\\/mywhitelabel\\\/\",\"url\":\"https:\\\/\\\/training.casavi.com\\\/de\\\/mywhitelabel\\\/\",\"name\":\"MyWhiteLabel - DE - casavi Training\",\"isPartOf\":{\"@id\":\"https:\\\/\\\/training.casavi.com\\\/de\\\/#website\"},\"datePublished\":\"2022-06-01T15:48:20+00:00\",\"dateModified\":\"2023-04-21T14:40:50+00:00\",\"breadcrumb\":{\"@id\":\"https:\\\/\\\/training.casavi.com\\\/de\\\/mywhitelabel\\\/#breadcrumb\"},\"inLanguage\":\"de\",\"potentialAction\":[{\"@type\":\"ReadAction\",\"target\":[\"https:\\\/\\\/training.casavi.com\\\/de\\\/mywhitelabel\\\/\"]}]},{\"@type\":\"BreadcrumbList\",\"@id\":\"https:\\\/\\\/training.casavi.com\\\/de\\\/mywhitelabel\\\/#breadcrumb\",\"itemListElement\":[{\"@type\":\"ListItem\",\"position\":1,\"name\":\"Startseite\",\"item\":\"https:\\\/\\\/training.casavi.com\\\/de\\\/\"},{\"@type\":\"ListItem\",\"position\":2,\"name\":\"MyWhiteLabel\"}]},{\"@type\":\"WebSite\",\"@id\":\"https:\\\/\\\/training.casavi.com\\\/de\\\/#website\",\"url\":\"https:\\\/\\\/training.casavi.com\\\/de\\\/\",\"name\":\"DE - casavi Training\",\"description\":\"\",\"potentialAction\":[{\"@type\":\"SearchAction\",\"target\":{\"@type\":\"EntryPoint\",\"urlTemplate\":\"https:\\\/\\\/training.casavi.com\\\/de\\\/?s={search_term_string}\"},\"query-input\":{\"@type\":\"PropertyValueSpecification\",\"valueRequired\":true,\"valueName\":\"search_term_string\"}}],\"inLanguage\":\"de\"}]}<\/script>\n<!-- \/ Yoast SEO plugin. -->","yoast_head_json":{"title":"MyWhiteLabel - DE - casavi Training","robots":{"index":"noindex","follow":"follow","max-snippet":"max-snippet:-1","max-image-preview":"max-image-preview:large","max-video-preview":"max-video-preview:-1"},"og_locale":"de_DE","og_type":"article","og_title":"MyWhiteLabel - DE - casavi Training","og_description":"Add-On: Anleitung f\u00fcr Ihr MyWhiteLabel Zur Einrichtung Ihres MyWhiteLabels ben\u00f6tigen wir einige Informationen und Ihr Logo.Bitte f\u00fcllen Sie daf\u00fcr folgendes Formular f\u00fcr uns aus: Anhand Ihrer Informationen passen wir Ihr WhiteLabel entsprechend an. Zur\u00fcck zur Startseite","og_url":"https:\/\/training.casavi.com\/de\/mywhitelabel\/","og_site_name":"DE - casavi Training","article_modified_time":"2023-04-21T14:40:50+00:00","twitter_card":"summary_large_image","twitter_misc":{"Gesch\u00e4tzte Lesezeit":"1\u00a0Minute"},"schema":{"@context":"https:\/\/schema.org","@graph":[{"@type":"WebPage","@id":"https:\/\/training.casavi.com\/de\/mywhitelabel\/","url":"https:\/\/training.casavi.com\/de\/mywhitelabel\/","name":"MyWhiteLabel - DE - casavi Training","isPartOf":{"@id":"https:\/\/training.casavi.com\/de\/#website"},"datePublished":"2022-06-01T15:48:20+00:00","dateModified":"2023-04-21T14:40:50+00:00","breadcrumb":{"@id":"https:\/\/training.casavi.com\/de\/mywhitelabel\/#breadcrumb"},"inLanguage":"de","potentialAction":[{"@type":"ReadAction","target":["https:\/\/training.casavi.com\/de\/mywhitelabel\/"]}]},{"@type":"BreadcrumbList","@id":"https:\/\/training.casavi.com\/de\/mywhitelabel\/#breadcrumb","itemListElement":[{"@type":"ListItem","position":1,"name":"Startseite","item":"https:\/\/training.casavi.com\/de\/"},{"@type":"ListItem","position":2,"name":"MyWhiteLabel"}]},{"@type":"WebSite","@id":"https:\/\/training.casavi.com\/de\/#website","url":"https:\/\/training.casavi.com\/de\/","name":"DE - casavi Training","description":"","potentialAction":[{"@type":"SearchAction","target":{"@type":"EntryPoint","urlTemplate":"https:\/\/training.casavi.com\/de\/?s={search_term_string}"},"query-input":{"@type":"PropertyValueSpecification","valueRequired":true,"valueName":"search_term_string"}}],"inLanguage":"de"}]}},"_links":{"self":[{"href":"https:\/\/training.casavi.com\/de\/wp-json\/wp\/v2\/pages\/6400","targetHints":{"allow":["GET"]}}],"collection":[{"href":"https:\/\/training.casavi.com\/de\/wp-json\/wp\/v2\/pages"}],"about":[{"href":"https:\/\/training.casavi.com\/de\/wp-json\/wp\/v2\/types\/page"}],"author":[{"embeddable":true,"href":"https:\/\/training.casavi.com\/de\/wp-json\/wp\/v2\/users\/2"}],"replies":[{"embeddable":true,"href":"https:\/\/training.casavi.com\/de\/wp-json\/wp\/v2\/comments?post=6400"}],"version-history":[{"count":1,"href":"https:\/\/training.casavi.com\/de\/wp-json\/wp\/v2\/pages\/6400\/revisions"}],"predecessor-version":[{"id":7174,"href":"https:\/\/training.casavi.com\/de\/wp-json\/wp\/v2\/pages\/6400\/revisions\/7174"}],"wp:attachment":[{"href":"https:\/\/training.casavi.com\/de\/wp-json\/wp\/v2\/media?parent=6400"}],"curies":[{"name":"wp","href":"https:\/\/api.w.org\/{rel}","templated":true}]}}