{"id":6610,"date":"2022-06-15T14:46:44","date_gmt":"2022-06-15T12:46:44","guid":{"rendered":"https:\/\/start.mycasavi.com\/?page_id=6610"},"modified":"2023-04-21T13:40:43","modified_gmt":"2023-04-21T11:40:43","slug":"partnerloesungen","status":"publish","type":"page","link":"https:\/\/training.casavi.com\/de\/partnerloesungen\/","title":{"rendered":"Partnerl\u00f6sungen"},"content":{"rendered":"\n<p>Add-on:<\/p>\n\n\n\n<div class=\"wp-block-group is-style-cta-dark has-tertiary-background-color has-background is-layout-flow wp-block-group-is-layout-flow\">\n<h2 class=\"has-text-align-center has-gray-0-color has-text-color wp-block-heading\">Unsere Partnerl\u00f6sungen<\/h2>\n<\/div>\n\n\n\n<div style=\"height:63px\" aria-hidden=\"true\" class=\"wp-block-spacer\"><\/div>\n\n\n\n<p>In enger Kooperation mit unseren Partnern, bieten wir Ihnen mit casavi die\u00a0<strong>einfache Integration<\/strong>\u00a0von verschiedenen Soft- und Hardware-L\u00f6sungen. Somit haben Sie die M\u00f6glichkeit, casavi modular in Bereichen wie z.B. Wohnungs\u00fcbergabe, digitaler Hausaushang, Schadenmanagement oder Dienstleistung zu erweitern.<\/p>\n\n\n\n<div style=\"height:63px\" aria-hidden=\"true\" class=\"wp-block-spacer\"><\/div>\n\n\n\n<div class=\"wp-block-group is-style-card is-layout-constrained wp-block-group-is-layout-constrained\"><figure class=\"wp-block-image size-full\"><img decoding=\"async\" width=\"945\" height=\"531\" src=\"https:\/\/training.casavi.com\/de\/wp-content\/uploads\/sites\/2\/2023\/04\/image-7-300x169.png\" class=\"attachment-full size-full lazyload\" alt=\"\" data-sizes=\"auto\" data-srcset=\"https:\/\/training.casavi.com\/de\/wp-content\/uploads\/sites\/2\/2023\/04\/image-7-300x169.png 300w, https:\/\/training.casavi.com\/de\/wp-content\/uploads\/sites\/2\/2023\/04\/image-7-480x270.png 480w, https:\/\/training.casavi.com\/de\/wp-content\/uploads\/sites\/2\/2023\/04\/image-7-768x432.png 768w, https:\/\/training.casavi.com\/de\/wp-content\/uploads\/sites\/2\/2023\/04\/image-7.png 945w\" data-src=\"https:\/\/training.casavi.com\/de\/wp-content\/uploads\/sites\/2\/2023\/04\/image-7.png\"><figcaption class=\"wp-element-caption\">casavi Partner-\u00d6kosystem<\/figcaption><\/figure><\/div>\n\n\n\n<div style=\"height:0px\" aria-hidden=\"true\" class=\"wp-block-spacer\"><\/div>\n\n\n\n<div style=\"height:63px\" aria-hidden=\"true\" class=\"wp-block-spacer\"><\/div>\n\n\n\n<p>F\u00fcr mehr Informationen oder Fragen zu den einzelnen Partner, schauen Sie auf unsere Website und kontaktieren Sie am besten die Partner direkt \u00fcber das jeweilige Kontaktformular.<\/p>\n\n\n\n<div style=\"height:63px\" aria-hidden=\"true\" class=\"wp-block-spacer\"><\/div>\n\n\n\n<div class=\"wp-block-columns is-layout-flex wp-container-core-columns-is-layout-28f84493 wp-block-columns-is-layout-flex\">\n<div class=\"wp-block-column is-layout-flow wp-block-column-is-layout-flow\">\n<div class=\"wp-block-buttons is-layout-flex wp-block-buttons-is-layout-flex\">\n<div class=\"wp-block-button is-style-ghost\"><a class=\"wp-block-button__link wp-element-button\" href=\"https:\/\/casavi.com\/de\/funktionen\/partnerloesungen\/\" target=\"_blank\" rel=\"noreferrer noopener\">Zu unseren Partnerl\u00f6sungen<\/a><\/div>\n<\/div>\n<\/div>\n\n\n\n<div class=\"wp-block-column is-layout-flow wp-block-column-is-layout-flow\">\n<div class=\"wp-block-buttons is-layout-flex wp-block-buttons-is-layout-flex\">\n<div class=\"wp-block-button\"><a class=\"wp-block-button__link wp-element-button\" href=\"https:\/\/training.casavi.com\/de\/\">Zur\u00fcck zur Startseite \u2192<\/a><\/div>\n<\/div>\n<\/div>\n\n\n\n<div class=\"wp-block-column is-layout-flow wp-block-column-is-layout-flow\" style=\"flex-basis:10%\"><\/div>\n<\/div>\n","protected":false},"excerpt":{"rendered":"<p>Add-on: Unsere Partnerl\u00f6sungen In enger Kooperation mit unseren Partnern, bieten wir Ihnen mit casavi die\u00a0einfache Integration\u00a0von verschiedenen Soft- und Hardware-L\u00f6sungen. Somit haben Sie die M\u00f6glichkeit, casavi modular in Bereichen wie z.B. Wohnungs\u00fcbergabe, digitaler Hausaushang, Schadenmanagement oder Dienstleistung zu erweitern. F\u00fcr mehr Informationen oder Fragen zu den einzelnen Partner, schauen Sie auf unsere Website und kontaktieren [&hellip;]<\/p>\n","protected":false},"author":2,"featured_media":0,"parent":0,"menu_order":0,"comment_status":"closed","ping_status":"closed","template":"","meta":{"_acf_changed":false,"_show_the_title":false,"footnotes":""},"class_list":["post-6610","page","type-page","status-publish","hentry"],"acf":[],"yoast_head":"<!-- This site is optimized with the Yoast SEO plugin v27.4 - https:\/\/yoast.com\/product\/yoast-seo-wordpress\/ -->\n<title>Partnerl\u00f6sungen - DE - casavi Training<\/title>\n<meta name=\"robots\" content=\"noindex, follow, max-snippet:-1, max-image-preview:large, max-video-preview:-1\" \/>\n<meta property=\"og:locale\" content=\"de_DE\" \/>\n<meta property=\"og:type\" content=\"article\" \/>\n<meta property=\"og:title\" content=\"Partnerl\u00f6sungen - DE - casavi Training\" \/>\n<meta property=\"og:description\" content=\"Add-on: Unsere Partnerl\u00f6sungen In enger Kooperation mit unseren Partnern, bieten wir Ihnen mit casavi die\u00a0einfache Integration\u00a0von verschiedenen Soft- und Hardware-L\u00f6sungen. Somit haben Sie die M\u00f6glichkeit, casavi modular in Bereichen wie z.B. Wohnungs\u00fcbergabe, digitaler Hausaushang, Schadenmanagement oder Dienstleistung zu erweitern. F\u00fcr mehr Informationen oder Fragen zu den einzelnen Partner, schauen Sie auf unsere Website und kontaktieren [&hellip;]\" \/>\n<meta property=\"og:url\" content=\"https:\/\/training.casavi.com\/de\/partnerloesungen\/\" \/>\n<meta property=\"og:site_name\" content=\"DE - casavi Training\" \/>\n<meta property=\"article:modified_time\" content=\"2023-04-21T11:40:43+00:00\" \/>\n<meta property=\"og:image\" content=\"https:\/\/training.casavi.com\/de\/wp-content\/uploads\/sites\/2\/2023\/04\/image-7.png\" \/>\n<meta name=\"twitter:card\" content=\"summary_large_image\" \/>\n<meta name=\"twitter:label1\" content=\"Gesch\u00e4tzte Lesezeit\" \/>\n\t<meta name=\"twitter:data1\" content=\"1\u00a0Minute\" \/>\n<script type=\"application\/ld+json\" class=\"yoast-schema-graph\">{\"@context\":\"https:\\\/\\\/schema.org\",\"@graph\":[{\"@type\":\"WebPage\",\"@id\":\"https:\\\/\\\/training.casavi.com\\\/de\\\/partnerloesungen\\\/\",\"url\":\"https:\\\/\\\/training.casavi.com\\\/de\\\/partnerloesungen\\\/\",\"name\":\"Partnerl\u00f6sungen - DE - casavi Training\",\"isPartOf\":{\"@id\":\"https:\\\/\\\/training.casavi.com\\\/de\\\/#website\"},\"primaryImageOfPage\":{\"@id\":\"https:\\\/\\\/training.casavi.com\\\/de\\\/partnerloesungen\\\/#primaryimage\"},\"image\":{\"@id\":\"https:\\\/\\\/training.casavi.com\\\/de\\\/partnerloesungen\\\/#primaryimage\"},\"thumbnailUrl\":\"https:\\\/\\\/training.casavi.com\\\/de\\\/wp-content\\\/uploads\\\/sites\\\/2\\\/2023\\\/04\\\/image-7.png\",\"datePublished\":\"2022-06-15T12:46:44+00:00\",\"dateModified\":\"2023-04-21T11:40:43+00:00\",\"breadcrumb\":{\"@id\":\"https:\\\/\\\/training.casavi.com\\\/de\\\/partnerloesungen\\\/#breadcrumb\"},\"inLanguage\":\"de\",\"potentialAction\":[{\"@type\":\"ReadAction\",\"target\":[\"https:\\\/\\\/training.casavi.com\\\/de\\\/partnerloesungen\\\/\"]}]},{\"@type\":\"ImageObject\",\"inLanguage\":\"de\",\"@id\":\"https:\\\/\\\/training.casavi.com\\\/de\\\/partnerloesungen\\\/#primaryimage\",\"url\":\"https:\\\/\\\/training.casavi.com\\\/de\\\/wp-content\\\/uploads\\\/sites\\\/2\\\/2023\\\/04\\\/image-7.png\",\"contentUrl\":\"https:\\\/\\\/training.casavi.com\\\/de\\\/wp-content\\\/uploads\\\/sites\\\/2\\\/2023\\\/04\\\/image-7.png\",\"width\":945,\"height\":531},{\"@type\":\"BreadcrumbList\",\"@id\":\"https:\\\/\\\/training.casavi.com\\\/de\\\/partnerloesungen\\\/#breadcrumb\",\"itemListElement\":[{\"@type\":\"ListItem\",\"position\":1,\"name\":\"Startseite\",\"item\":\"https:\\\/\\\/training.casavi.com\\\/de\\\/\"},{\"@type\":\"ListItem\",\"position\":2,\"name\":\"Partnerl\u00f6sungen\"}]},{\"@type\":\"WebSite\",\"@id\":\"https:\\\/\\\/training.casavi.com\\\/de\\\/#website\",\"url\":\"https:\\\/\\\/training.casavi.com\\\/de\\\/\",\"name\":\"DE - casavi Training\",\"description\":\"\",\"potentialAction\":[{\"@type\":\"SearchAction\",\"target\":{\"@type\":\"EntryPoint\",\"urlTemplate\":\"https:\\\/\\\/training.casavi.com\\\/de\\\/?s={search_term_string}\"},\"query-input\":{\"@type\":\"PropertyValueSpecification\",\"valueRequired\":true,\"valueName\":\"search_term_string\"}}],\"inLanguage\":\"de\"}]}<\/script>\n<!-- \/ Yoast SEO plugin. -->","yoast_head_json":{"title":"Partnerl\u00f6sungen - DE - casavi Training","robots":{"index":"noindex","follow":"follow","max-snippet":"max-snippet:-1","max-image-preview":"max-image-preview:large","max-video-preview":"max-video-preview:-1"},"og_locale":"de_DE","og_type":"article","og_title":"Partnerl\u00f6sungen - DE - casavi Training","og_description":"Add-on: Unsere Partnerl\u00f6sungen In enger Kooperation mit unseren Partnern, bieten wir Ihnen mit casavi die\u00a0einfache Integration\u00a0von verschiedenen Soft- und Hardware-L\u00f6sungen. Somit haben Sie die M\u00f6glichkeit, casavi modular in Bereichen wie z.B. Wohnungs\u00fcbergabe, digitaler Hausaushang, Schadenmanagement oder Dienstleistung zu erweitern. F\u00fcr mehr Informationen oder Fragen zu den einzelnen Partner, schauen Sie auf unsere Website und kontaktieren [&hellip;]","og_url":"https:\/\/training.casavi.com\/de\/partnerloesungen\/","og_site_name":"DE - casavi Training","article_modified_time":"2023-04-21T11:40:43+00:00","og_image":[{"url":"https:\/\/training.casavi.com\/de\/wp-content\/uploads\/sites\/2\/2023\/04\/image-7.png","type":"","width":"","height":""}],"twitter_card":"summary_large_image","twitter_misc":{"Gesch\u00e4tzte Lesezeit":"1\u00a0Minute"},"schema":{"@context":"https:\/\/schema.org","@graph":[{"@type":"WebPage","@id":"https:\/\/training.casavi.com\/de\/partnerloesungen\/","url":"https:\/\/training.casavi.com\/de\/partnerloesungen\/","name":"Partnerl\u00f6sungen - DE - casavi Training","isPartOf":{"@id":"https:\/\/training.casavi.com\/de\/#website"},"primaryImageOfPage":{"@id":"https:\/\/training.casavi.com\/de\/partnerloesungen\/#primaryimage"},"image":{"@id":"https:\/\/training.casavi.com\/de\/partnerloesungen\/#primaryimage"},"thumbnailUrl":"https:\/\/training.casavi.com\/de\/wp-content\/uploads\/sites\/2\/2023\/04\/image-7.png","datePublished":"2022-06-15T12:46:44+00:00","dateModified":"2023-04-21T11:40:43+00:00","breadcrumb":{"@id":"https:\/\/training.casavi.com\/de\/partnerloesungen\/#breadcrumb"},"inLanguage":"de","potentialAction":[{"@type":"ReadAction","target":["https:\/\/training.casavi.com\/de\/partnerloesungen\/"]}]},{"@type":"ImageObject","inLanguage":"de","@id":"https:\/\/training.casavi.com\/de\/partnerloesungen\/#primaryimage","url":"https:\/\/training.casavi.com\/de\/wp-content\/uploads\/sites\/2\/2023\/04\/image-7.png","contentUrl":"https:\/\/training.casavi.com\/de\/wp-content\/uploads\/sites\/2\/2023\/04\/image-7.png","width":945,"height":531},{"@type":"BreadcrumbList","@id":"https:\/\/training.casavi.com\/de\/partnerloesungen\/#breadcrumb","itemListElement":[{"@type":"ListItem","position":1,"name":"Startseite","item":"https:\/\/training.casavi.com\/de\/"},{"@type":"ListItem","position":2,"name":"Partnerl\u00f6sungen"}]},{"@type":"WebSite","@id":"https:\/\/training.casavi.com\/de\/#website","url":"https:\/\/training.casavi.com\/de\/","name":"DE - casavi Training","description":"","potentialAction":[{"@type":"SearchAction","target":{"@type":"EntryPoint","urlTemplate":"https:\/\/training.casavi.com\/de\/?s={search_term_string}"},"query-input":{"@type":"PropertyValueSpecification","valueRequired":true,"valueName":"search_term_string"}}],"inLanguage":"de"}]}},"_links":{"self":[{"href":"https:\/\/training.casavi.com\/de\/wp-json\/wp\/v2\/pages\/6610","targetHints":{"allow":["GET"]}}],"collection":[{"href":"https:\/\/training.casavi.com\/de\/wp-json\/wp\/v2\/pages"}],"about":[{"href":"https:\/\/training.casavi.com\/de\/wp-json\/wp\/v2\/types\/page"}],"author":[{"embeddable":true,"href":"https:\/\/training.casavi.com\/de\/wp-json\/wp\/v2\/users\/2"}],"replies":[{"embeddable":true,"href":"https:\/\/training.casavi.com\/de\/wp-json\/wp\/v2\/comments?post=6610"}],"version-history":[{"count":2,"href":"https:\/\/training.casavi.com\/de\/wp-json\/wp\/v2\/pages\/6610\/revisions"}],"predecessor-version":[{"id":7149,"href":"https:\/\/training.casavi.com\/de\/wp-json\/wp\/v2\/pages\/6610\/revisions\/7149"}],"wp:attachment":[{"href":"https:\/\/training.casavi.com\/de\/wp-json\/wp\/v2\/media?parent=6610"}],"curies":[{"name":"wp","href":"https:\/\/api.w.org\/{rel}","templated":true}]}}