{"id":7386,"date":"2023-08-31T14:24:36","date_gmt":"2023-08-31T12:24:36","guid":{"rendered":"https:\/\/training.casavi.com\/de\/?page_id=7386"},"modified":"2023-08-31T16:27:54","modified_gmt":"2023-08-31T14:27:54","slug":"smarttask-pro","status":"publish","type":"page","link":"https:\/\/training.casavi.com\/de\/smarttask-pro\/","title":{"rendered":"SmartTask Pro"},"content":{"rendered":"\n<p>Add-On:<\/p>\n\n\n\n<div class=\"wp-block-group is-style-cta-dark has-tertiary-background-color has-background is-layout-flow wp-block-group-is-layout-flow\">\n<h2 class=\"wp-block-heading has-text-align-center has-gray-0-color has-text-color\">SmartTask Pro<\/h2>\n<\/div>\n\n\n\n<p>Die SmartTask Pro ist bietet Ihnen Zusatzfeatures, damit Sie Ihre Arbeit noch intensiver mit casavi vernetzen und sich mehr Zeit bei der Bearbeitung von Kundenanfragen sparen k\u00f6nnen.<\/p>\n\n\n\n<p><\/p>\n\n\n\n<p>Mit SmartTask Pro erweitern Sie Ihr casavi Vorgangsmanagement um Funktionen wie&nbsp;<\/p>\n\n\n<ul class=\"wp-block-list\">\n<li>eine\u00a0<strong>pers\u00f6nliche E-Mail Inbox<\/strong>,<\/li>\n\n\n\n<li>einer einfachen\u00a0<strong>Zusammenf\u00fchrung von Vorg\u00e4ngen<\/strong>\u00a0und<\/li>\n\n\n\n<li>einer\u00a0<strong>automatischen\u00a0Zeiterfassung<\/strong>.<\/li>\n<\/ul>\n\n\n<div style=\"height:40px\" aria-hidden=\"true\" class=\"wp-block-spacer\"><\/div>\n\n\n\n<p>Mehr Informationen zu den Zusatzfunktionen finden Sie im folgenden Schulungsvideo:<\/p>\n\n\n\n<div class=\"wp-block-group is-layout-constrained wp-block-group-is-layout-constrained\"><div class=\"lh-block-lh-video alignwide\">\n\t\t\t<div class=\"casavi-video\">\n\t\t\t\t\t\t<a href=\"https:\/\/youtu.be\/8Wogy9bM8bc?si=qFj24VhbBtCstvNL\" class=\"casavi-video__link\" data-title=\"01. SmartTask Pro Funktionen\" data-description=\"&lt;p&gt;In diesem Video erfahren Sie, wie SmartTask Pro Ihr Vorgangsmanagement um kostenpflichtige Zusatzfunktionen erweitert, darunter die Verkn\u00fcpfung Ihrer pers\u00f6nlichen E-Mail-Inbox mit der SmartTask, die intelligente Zusammenf\u00fchrung verwandter Vorg\u00e4nge und eine automatische Zeiterfassung. So steigern Sie Effizienz und Komfort in Ihrem t\u00e4glichen Workflow.&lt;\/p&gt;\n\"><\/a>\n\n\t\t\t\t\t\t\t\t\t\t<img decoding=\"async\" src=\"https:\/\/training.casavi.com\/de\/wp-content\/themes\/cascpt\/img\/video-placeholder.jpg\" alt=\"01. SmartTask Pro Funktionen\" class=\"casavi-video-thumbnail\" width=\"960\" height=\"540\" \/>\n\t\t\t\n\t\t\t\t\t\t<div class=\"casavi-video-info__title text-icon-label\">\n\t\t\t\t<span class=\"icon-label casavi-video-info__bubble the-video-title has-primary-500-background-color has-gray-0-color\">\n\t\t\t\t\t01. SmartTask Pro Funktionen\t\t\t\t<\/span>\n\t\t\t\t<img decoding=\"async\" src=\"https:\/\/training.casavi.com\/de\/wp-content\/themes\/cascpt\/img\/logo-mobile.png\" alt=\"casavi\" class=\"casavi-logo\" width=\"89\" height=\"80\" \/>\n\t\t\t<\/div>\n\n\t\t\t\t\t\t<div class=\"casavi-video-play-button\"><\/div>\n\n\t\t\t\t\t\t<div class=\"casavi-video-info__bubble the-video-description has-primary-900-background-color has-gray-0-color\">\n\t\t\t\t<div class=\"icon icon-information\">\n\t<svg xmlns=\"http:\/\/www.w3.org\/2000\/svg\" role=\"presentation\" viewBox=\"0 0 32 32\">\n  <path d=\"M17 22v-8h-4v2h2v6h-3v2h8v-2h-3zM16 8a1.5 1.5 0 1 0 1.5 1.5A1.5 1.5 0 0 0 16 8z\"><\/path>\n  <path d=\"M16 30a14 14 0 1 1 14-14 14 14 0 0 1-14 14Zm0-26a12 12 0 1 0 12 12A12 12 0 0 0 16 4Z\"><\/path>\n<\/svg><\/div>\n\t\t\t\t<span class=\"casavi-video-info__description-text\"><p>In diesem Video erfahren Sie, wie SmartTask Pro Ihr Vorgangsmanagement um kostenpflichtige Zusatzfunktionen erweitert, darunter die Verkn\u00fcpfung Ihrer pers\u00f6nlichen E-Mail-Inbox mit der SmartTask, die intelligente Zusammenf\u00fchrung verwandter Vorg\u00e4nge und eine automatische Zeiterfassung. So steigern Sie Effizienz und Komfort in Ihrem t\u00e4glichen Workflow.<\/p>\n<\/span>\n\t\t\t<\/div>\n\n\t\t\t\t\t\t<div class=\"casavi-video-info__bubble the-video-youtube-flag text-icon-label has-primary-900-background-color has-gray-0-color\">\n\t\t\t\t<div class=\"icon icon-youtube\">\n\t<svg xmlns=\"http:\/\/www.w3.org\/2000\/svg\" role=\"presentation\" viewBox=\"0 0 32 32\">\n  <path d=\"M29.41 9.26a3.5 3.5 0 0 0-2.47-2.47C24.76 6.2 16 6.2 16 6.2s-8.76 0-10.94.59a3.5 3.5 0 0 0-2.47 2.47A36.13 36.13 0 0 0 2 16a36.13 36.13 0 0 0 .59 6.74 3.5 3.5 0 0 0 2.47 2.47c2.18.59 10.94.59 10.94.59s8.76 0 10.94-.59a3.5 3.5 0 0 0 2.47-2.47A36.13 36.13 0 0 0 30 16a36.13 36.13 0 0 0-.59-6.74ZM13.2 20.2v-8.4l7.27 4.2Z\"><\/path>\n<\/svg><\/div>\n\t\t\t\t<span class=\"icon-label\">\n\t\t\t\t\tYouTube Video\t\t\t\t<\/span>\n\t\t\t<\/div>\n\t\t<\/div>\n\t\t<\/div>\n<\/div>\n\n\n\n<p>F\u00fcr diese Funktion\u200ben&nbsp;ist ein Upgrade auf SmartTask Pro erforderlich. Bei Interesse melden Sie sich einfach bei Ihrem pers\u00f6nlichen casavi Ansprechpartner oder buchen Sie die Funktion direkt \u00fcber folgende Seite:<\/p>\n\n\n\n<div class=\"wp-block-buttons is-content-justification-center is-layout-flex wp-container-core-buttons-is-layout-a89b3969 wp-block-buttons-is-layout-flex\">\n<div class=\"wp-block-button is-style-ghost\"><a class=\"wp-block-button__link has-gray-0-color has-primary-900-background-color has-text-color has-background wp-element-button\" href=\"https:\/\/casavi.com\/de\/funktionen\/vorgangsmanagement\/pro\/\" style=\"border-radius:0px\" target=\"_blank\" rel=\"noreferrer noopener\">SmartTask Pro buchen \u2192<\/a><\/div>\n<\/div>\n\n\n\n<div style=\"height:63px\" aria-hidden=\"true\" class=\"wp-block-spacer\"><\/div>\n\n\n\n<div class=\"wp-block-buttons is-content-justification-center is-layout-flex wp-container-core-buttons-is-layout-a89b3969 wp-block-buttons-is-layout-flex\">\n<div class=\"wp-block-button\"><a class=\"wp-block-button__link wp-element-button\" href=\"https:\/\/training.casavi.com\/de\/\">Zur\u00fcck zur Startseite \u2192<\/a><\/div>\n<\/div>\n","protected":false},"excerpt":{"rendered":"<p>Add-On: SmartTask Pro Die SmartTask Pro ist bietet Ihnen Zusatzfeatures, damit Sie Ihre Arbeit noch intensiver mit casavi vernetzen und sich mehr Zeit bei der Bearbeitung von Kundenanfragen sparen k\u00f6nnen. Mit SmartTask Pro erweitern Sie Ihr casavi Vorgangsmanagement um Funktionen wie&nbsp; Mehr Informationen zu den Zusatzfunktionen finden Sie im folgenden Schulungsvideo: F\u00fcr diese Funktion\u200ben&nbsp;ist ein [&hellip;]<\/p>\n","protected":false},"author":3,"featured_media":0,"parent":0,"menu_order":0,"comment_status":"closed","ping_status":"closed","template":"","meta":{"_acf_changed":false,"_show_the_title":false,"footnotes":""},"class_list":["post-7386","page","type-page","status-publish","hentry"],"acf":[],"yoast_head":"<!-- This site is optimized with the Yoast SEO plugin v27.4 - https:\/\/yoast.com\/product\/yoast-seo-wordpress\/ -->\n<title>SmartTask Pro - DE - casavi Training<\/title>\n<meta name=\"robots\" content=\"noindex, follow, max-snippet:-1, max-image-preview:large, max-video-preview:-1\" \/>\n<meta property=\"og:locale\" content=\"de_DE\" \/>\n<meta property=\"og:type\" content=\"article\" \/>\n<meta property=\"og:title\" content=\"SmartTask Pro - DE - casavi Training\" \/>\n<meta property=\"og:description\" content=\"Add-On: SmartTask Pro Die SmartTask Pro ist bietet Ihnen Zusatzfeatures, damit Sie Ihre Arbeit noch intensiver mit casavi vernetzen und sich mehr Zeit bei der Bearbeitung von Kundenanfragen sparen k\u00f6nnen. Mit SmartTask Pro erweitern Sie Ihr casavi Vorgangsmanagement um Funktionen wie&nbsp; Mehr Informationen zu den Zusatzfunktionen finden Sie im folgenden Schulungsvideo: F\u00fcr diese Funktion\u200ben&nbsp;ist ein [&hellip;]\" \/>\n<meta property=\"og:url\" content=\"https:\/\/training.casavi.com\/de\/smarttask-pro\/\" \/>\n<meta property=\"og:site_name\" content=\"DE - casavi Training\" \/>\n<meta property=\"article:modified_time\" content=\"2023-08-31T14:27:54+00:00\" \/>\n<meta name=\"twitter:card\" content=\"summary_large_image\" \/>\n<meta name=\"twitter:label1\" content=\"Gesch\u00e4tzte Lesezeit\" \/>\n\t<meta name=\"twitter:data1\" content=\"1\u00a0Minute\" \/>\n<script type=\"application\/ld+json\" class=\"yoast-schema-graph\">{\"@context\":\"https:\\\/\\\/schema.org\",\"@graph\":[{\"@type\":\"WebPage\",\"@id\":\"https:\\\/\\\/training.casavi.com\\\/de\\\/smarttask-pro\\\/\",\"url\":\"https:\\\/\\\/training.casavi.com\\\/de\\\/smarttask-pro\\\/\",\"name\":\"SmartTask Pro - DE - casavi Training\",\"isPartOf\":{\"@id\":\"https:\\\/\\\/training.casavi.com\\\/de\\\/#website\"},\"datePublished\":\"2023-08-31T12:24:36+00:00\",\"dateModified\":\"2023-08-31T14:27:54+00:00\",\"breadcrumb\":{\"@id\":\"https:\\\/\\\/training.casavi.com\\\/de\\\/smarttask-pro\\\/#breadcrumb\"},\"inLanguage\":\"de\",\"potentialAction\":[{\"@type\":\"ReadAction\",\"target\":[\"https:\\\/\\\/training.casavi.com\\\/de\\\/smarttask-pro\\\/\"]}]},{\"@type\":\"BreadcrumbList\",\"@id\":\"https:\\\/\\\/training.casavi.com\\\/de\\\/smarttask-pro\\\/#breadcrumb\",\"itemListElement\":[{\"@type\":\"ListItem\",\"position\":1,\"name\":\"Startseite\",\"item\":\"https:\\\/\\\/training.casavi.com\\\/de\\\/\"},{\"@type\":\"ListItem\",\"position\":2,\"name\":\"SmartTask Pro\"}]},{\"@type\":\"WebSite\",\"@id\":\"https:\\\/\\\/training.casavi.com\\\/de\\\/#website\",\"url\":\"https:\\\/\\\/training.casavi.com\\\/de\\\/\",\"name\":\"DE - casavi Training\",\"description\":\"\",\"potentialAction\":[{\"@type\":\"SearchAction\",\"target\":{\"@type\":\"EntryPoint\",\"urlTemplate\":\"https:\\\/\\\/training.casavi.com\\\/de\\\/?s={search_term_string}\"},\"query-input\":{\"@type\":\"PropertyValueSpecification\",\"valueRequired\":true,\"valueName\":\"search_term_string\"}}],\"inLanguage\":\"de\"}]}<\/script>\n<!-- \/ Yoast SEO plugin. -->","yoast_head_json":{"title":"SmartTask Pro - DE - casavi Training","robots":{"index":"noindex","follow":"follow","max-snippet":"max-snippet:-1","max-image-preview":"max-image-preview:large","max-video-preview":"max-video-preview:-1"},"og_locale":"de_DE","og_type":"article","og_title":"SmartTask Pro - DE - casavi Training","og_description":"Add-On: SmartTask Pro Die SmartTask Pro ist bietet Ihnen Zusatzfeatures, damit Sie Ihre Arbeit noch intensiver mit casavi vernetzen und sich mehr Zeit bei der Bearbeitung von Kundenanfragen sparen k\u00f6nnen. Mit SmartTask Pro erweitern Sie Ihr casavi Vorgangsmanagement um Funktionen wie&nbsp; Mehr Informationen zu den Zusatzfunktionen finden Sie im folgenden Schulungsvideo: F\u00fcr diese Funktion\u200ben&nbsp;ist ein [&hellip;]","og_url":"https:\/\/training.casavi.com\/de\/smarttask-pro\/","og_site_name":"DE - casavi Training","article_modified_time":"2023-08-31T14:27:54+00:00","twitter_card":"summary_large_image","twitter_misc":{"Gesch\u00e4tzte Lesezeit":"1\u00a0Minute"},"schema":{"@context":"https:\/\/schema.org","@graph":[{"@type":"WebPage","@id":"https:\/\/training.casavi.com\/de\/smarttask-pro\/","url":"https:\/\/training.casavi.com\/de\/smarttask-pro\/","name":"SmartTask Pro - DE - casavi Training","isPartOf":{"@id":"https:\/\/training.casavi.com\/de\/#website"},"datePublished":"2023-08-31T12:24:36+00:00","dateModified":"2023-08-31T14:27:54+00:00","breadcrumb":{"@id":"https:\/\/training.casavi.com\/de\/smarttask-pro\/#breadcrumb"},"inLanguage":"de","potentialAction":[{"@type":"ReadAction","target":["https:\/\/training.casavi.com\/de\/smarttask-pro\/"]}]},{"@type":"BreadcrumbList","@id":"https:\/\/training.casavi.com\/de\/smarttask-pro\/#breadcrumb","itemListElement":[{"@type":"ListItem","position":1,"name":"Startseite","item":"https:\/\/training.casavi.com\/de\/"},{"@type":"ListItem","position":2,"name":"SmartTask Pro"}]},{"@type":"WebSite","@id":"https:\/\/training.casavi.com\/de\/#website","url":"https:\/\/training.casavi.com\/de\/","name":"DE - casavi Training","description":"","potentialAction":[{"@type":"SearchAction","target":{"@type":"EntryPoint","urlTemplate":"https:\/\/training.casavi.com\/de\/?s={search_term_string}"},"query-input":{"@type":"PropertyValueSpecification","valueRequired":true,"valueName":"search_term_string"}}],"inLanguage":"de"}]}},"_links":{"self":[{"href":"https:\/\/training.casavi.com\/de\/wp-json\/wp\/v2\/pages\/7386","targetHints":{"allow":["GET"]}}],"collection":[{"href":"https:\/\/training.casavi.com\/de\/wp-json\/wp\/v2\/pages"}],"about":[{"href":"https:\/\/training.casavi.com\/de\/wp-json\/wp\/v2\/types\/page"}],"author":[{"embeddable":true,"href":"https:\/\/training.casavi.com\/de\/wp-json\/wp\/v2\/users\/3"}],"replies":[{"embeddable":true,"href":"https:\/\/training.casavi.com\/de\/wp-json\/wp\/v2\/comments?post=7386"}],"version-history":[{"count":7,"href":"https:\/\/training.casavi.com\/de\/wp-json\/wp\/v2\/pages\/7386\/revisions"}],"predecessor-version":[{"id":7396,"href":"https:\/\/training.casavi.com\/de\/wp-json\/wp\/v2\/pages\/7386\/revisions\/7396"}],"wp:attachment":[{"href":"https:\/\/training.casavi.com\/de\/wp-json\/wp\/v2\/media?parent=7386"}],"curies":[{"name":"wp","href":"https:\/\/api.w.org\/{rel}","templated":true}]}}