{"id":7535,"date":"2024-08-28T11:13:02","date_gmt":"2024-08-28T09:13:02","guid":{"rendered":"https:\/\/training.casavi.com\/de\/?page_id=7535"},"modified":"2025-08-01T10:41:21","modified_gmt":"2025-08-01T08:41:21","slug":"projektplan","status":"publish","type":"page","link":"https:\/\/training.casavi.com\/de\/projektplan\/","title":{"rendered":"Projektplan"},"content":{"rendered":"\n<div class=\"wp-block-group is-style-cta-dark has-tertiary-background-color has-background is-layout-flow wp-block-group-is-layout-flow\">\n<h2 class=\"wp-block-heading has-text-align-center has-gray-0-color has-text-color\">Projektplan zur Einf\u00fchrung von casavi<\/h2>\n<\/div>\n\n\n<figure class=\"wp-block-image size-large\"><img decoding=\"async\" width=\"1024\" height=\"559\" src=\"https:\/\/training.casavi.com\/de\/wp-content\/uploads\/sites\/2\/2025\/07\/Gemini_Generated_Image_ste75zste75zste7-300x164.jpg\" class=\"attachment-large size-large lazyload\" alt=\"\" data-sizes=\"auto\" data-srcset=\"https:\/\/training.casavi.com\/de\/wp-content\/uploads\/sites\/2\/2025\/07\/Gemini_Generated_Image_ste75zste75zste7-300x164.jpg 300w, https:\/\/training.casavi.com\/de\/wp-content\/uploads\/sites\/2\/2025\/07\/Gemini_Generated_Image_ste75zste75zste7-768x419.jpg 768w, https:\/\/training.casavi.com\/de\/wp-content\/uploads\/sites\/2\/2025\/07\/Gemini_Generated_Image_ste75zste75zste7-1024x559.jpg 1024w, https:\/\/training.casavi.com\/de\/wp-content\/uploads\/sites\/2\/2025\/07\/Gemini_Generated_Image_ste75zste75zste7-1536x838.jpg 1536w, https:\/\/training.casavi.com\/de\/wp-content\/uploads\/sites\/2\/2025\/07\/Gemini_Generated_Image_ste75zste75zste7-2048x1117.jpg 2048w\" data-src=\"https:\/\/training.casavi.com\/de\/wp-content\/uploads\/sites\/2\/2025\/07\/Gemini_Generated_Image_ste75zste75zste7-1024x559.jpg\"><\/figure>\n\n\n<p>Um eine reibungslose und schnelle Einf\u00fchrung sicherzustellen, empfiehlt es sich, im Vorfeld einige \u00dcberlegungen zur Gestaltung des Einf\u00fchrungsprozesses anzustellen.<br><\/p>\n\n\n\n<p>Basierend auf unserer Erfahrung aus der Zusammenarbeit mit \u00fcber 1.400 Kunden<br>empfehlen wir folgende Checkliste als Vorbereitung.<\/p>\n\n\n\n<div class=\"wp-block-group is-style-card is-layout-constrained wp-block-group-is-layout-constrained\">\n<div class=\"wp-block-columns is-layout-flex wp-container-core-columns-is-layout-28f84493 wp-block-columns-is-layout-flex\">\n<div class=\"wp-block-column is-layout-flow wp-block-column-is-layout-flow\" style=\"flex-basis:100%\">\n<h4 class=\"wp-block-heading\"><strong>\u2705 <strong>Projektteam<\/strong><\/strong><\/h4>\n\n\n\n<p>Stellen Sie ein Team aus 2-4 Personen zusammen, die sich um die Einf\u00fchrung der Software k\u00fcmmern.<\/p>\n<\/div>\n<\/div>\n<\/div>\n\n\n\n<div class=\"wp-block-group is-style-card is-layout-constrained wp-block-group-is-layout-constrained\">\n<div class=\"wp-block-columns is-layout-flex wp-container-core-columns-is-layout-28f84493 wp-block-columns-is-layout-flex\">\n<div class=\"wp-block-column is-layout-flow wp-block-column-is-layout-flow\" style=\"flex-basis:100%\">\n<h4 class=\"wp-block-heading\"><strong>\u2705 <strong><strong>Interne casavi Vorstellung<\/strong><\/strong><\/strong><\/h4>\n\n\n\n<p>Pr\u00e4sentieren Sie Ihren Mitarbeitern die Vorteile der neuen L\u00f6sung.<\/p>\n<\/div>\n<\/div>\n<\/div>\n\n\n\n<div class=\"wp-block-group is-style-card is-layout-constrained wp-block-group-is-layout-constrained\">\n<div class=\"wp-block-columns is-layout-flex wp-container-core-columns-is-layout-28f84493 wp-block-columns-is-layout-flex\">\n<div class=\"wp-block-column is-layout-flow wp-block-column-is-layout-flow\" style=\"flex-basis:100%\">\n<h4 class=\"wp-block-heading\"><strong>\u2705 <strong><strong><strong>Projektplan<\/strong><\/strong><\/strong><\/strong><\/h4>\n\n\n\n<p>Setzen Sie einen groben Zeitplan mit Meilensteinen f\u00fcr die Einf\u00fchrung fest. Hierzu ist es sinnvoll, folgende Aspekte zu ber\u00fccksichtigen:<\/p>\n\n\n\n<p><strong>IST\/SOLL-Analyse der zentralen internen Prozesse<\/strong>:<br>\u25fd\ufe0f Wie laufen Prozesse aktuell ab?<br>\u25fd\ufe0f Wo l\u00e4uft es gut und wo l\u00e4uft es noch nicht gut?<br>\u25fd\ufe0f Was kann mit casavi optimiert werden?<br><br><strong>Schulungskonzept f\u00fcr Mitarbeitende, z.B<\/strong>:<br>\u25fd\ufe0f Schulungsvideos in Dosierungen<br>\u25fd\ufe0f Q&amp;A Sessions<br>\u25fd\ufe0f Regelm\u00e4\u00dfige Check-ins<\/p>\n<\/div>\n<\/div>\n<\/div>\n\n\n\n<div class=\"wp-block-group is-style-card is-layout-constrained wp-block-group-is-layout-constrained\">\n<div class=\"wp-block-columns is-layout-flex wp-container-core-columns-is-layout-28f84493 wp-block-columns-is-layout-flex\">\n<div class=\"wp-block-column is-layout-flow wp-block-column-is-layout-flow\" style=\"flex-basis:100%\">\n<h4 class=\"wp-block-heading\"><strong>\u2705 <strong><strong><strong><strong>Kommunikationsplan<\/strong><\/strong><\/strong><\/strong><\/strong><\/h4>\n\n\n\n<p>\u00dcberlegen Sie sich eine sinnvolle Strategie f\u00fcr die Kommunikation zur Einf\u00fchrung einer neuen L\u00f6sung an Ihre Kunden.<\/p>\n\n\n\n<p>\u25fd\ufe0f Wann m\u00f6chten Sie Ihre Kunden informieren?<br>\u25fd\ufe0f Welche Kan\u00e4le und Ressourcen stehen Ihnen hierf\u00fcr zur Verf\u00fcgung?<br>\u25fd\ufe0f Welches Infomaterial wird ben\u00f6tigt?<br><br><em>Tipp: Wir unterst\u00fctzen Sie gerne bei der Erstellung Ihrer individuellen Marketing-Materialien mit dem <strong>Marketing-Paket Premium<\/strong>. Mehr Informationen dazu finden Sie <a href=\"https:\/\/casavi.com\/de\/marketing-paket\/\">hier<\/a>.<\/em><\/p>\n<\/div>\n<\/div>\n<\/div>\n\n\n\n<div class=\"wp-block-group is-style-card is-layout-constrained wp-block-group-is-layout-constrained\">\n<div class=\"wp-block-columns is-layout-flex wp-container-core-columns-is-layout-28f84493 wp-block-columns-is-layout-flex\">\n<div class=\"wp-block-column is-layout-flow wp-block-column-is-layout-flow\" style=\"flex-basis:100%\">\n<h4 class=\"wp-block-heading\"><strong>\u2705 <strong><strong><strong>Pilotphase<\/strong><\/strong><\/strong><\/strong><\/h4>\n\n\n\n<p>Bestimmen Sie geeignete Objekte, mit denen Sie in die Test- und Pilotphase starten m\u00f6chten.<\/p>\n<\/div>\n<\/div>\n<\/div>\n\n\n\n<div class=\"wp-block-group is-style-card is-layout-constrained wp-block-group-is-layout-constrained\">\n<div class=\"wp-block-columns is-layout-flex wp-container-core-columns-is-layout-28f84493 wp-block-columns-is-layout-flex\">\n<div class=\"wp-block-column is-layout-flow wp-block-column-is-layout-flow\" style=\"flex-basis:100%\">\n<h4 class=\"wp-block-heading\"><strong>\u2705 <strong><strong><strong><strong>Rollout Plan f\u00fcr den Gesamtbestand<\/strong><\/strong><\/strong><\/strong><\/strong><\/h4>\n\n\n\n<p>Definieren Sie f\u00fcr Ihr Team und Ihren Objekte eine passende Vorgehensweise.<\/p>\n<\/div>\n<\/div>\n<\/div>\n\n\n\n<div style=\"height:39px\" aria-hidden=\"true\" class=\"wp-block-spacer\"><\/div>\n\n\n\n<p>Tipp: Sie k\u00f6nnen sich den <strong>Projektplan auch <a href=\"https:\/\/downloads.casavi.com\/de\/download\/download\/projektplan-zur-einfuehrung-von-casavi\/\" target=\"_blank\" rel=\"noreferrer noopener\">hier<\/a> auf unserem casavi Downloadportal als PDF herunterladen<\/strong>, um ihn dann als Checkliste auszudrucken und zu bearbeiten.<\/p>\n\n\n\n<div style=\"height:51px\" aria-hidden=\"true\" class=\"wp-block-spacer\"><\/div>\n\n\n\n<div class=\"wp-block-buttons is-layout-flex wp-block-buttons-is-layout-flex\">\n<div class=\"wp-block-button aligncenter\"><a class=\"wp-block-button__link wp-element-button\" href=\"https:\/\/training.casavi.com\/de\/abstimmung-schnittstelle\/\">Abstimmung Schnittstelle \u2192<\/a><\/div>\n<\/div>\n\n\n\n<p class=\"has-text-align-center has-small-font-size\"><a href=\"https:\/\/training.casavi.com\/de\/\">zur\u00fcck zur Startseite<\/a><\/p>\n","protected":false},"excerpt":{"rendered":"<p>Projektplan zur Einf\u00fchrung von casavi Um eine reibungslose und schnelle Einf\u00fchrung sicherzustellen, empfiehlt es sich, im Vorfeld einige \u00dcberlegungen zur Gestaltung des Einf\u00fchrungsprozesses anzustellen. Basierend auf unserer Erfahrung aus der Zusammenarbeit mit \u00fcber 1.400 Kundenempfehlen wir folgende Checkliste als Vorbereitung. \u2705 Projektteam Stellen Sie ein Team aus 2-4 Personen zusammen, die sich um die Einf\u00fchrung [&hellip;]<\/p>\n","protected":false},"author":3,"featured_media":0,"parent":0,"menu_order":0,"comment_status":"closed","ping_status":"closed","template":"","meta":{"_acf_changed":false,"_show_the_title":false,"footnotes":""},"class_list":["post-7535","page","type-page","status-publish","hentry"],"acf":[],"yoast_head":"<!-- This site is optimized with the Yoast SEO plugin v27.4 - https:\/\/yoast.com\/product\/yoast-seo-wordpress\/ -->\n<title>Projektplan - DE - casavi Training<\/title>\n<meta name=\"robots\" content=\"noindex, follow, max-snippet:-1, max-image-preview:large, max-video-preview:-1\" \/>\n<meta property=\"og:locale\" content=\"de_DE\" \/>\n<meta property=\"og:type\" content=\"article\" \/>\n<meta property=\"og:title\" content=\"Projektplan - DE - casavi Training\" \/>\n<meta property=\"og:description\" content=\"Projektplan zur Einf\u00fchrung von casavi Um eine reibungslose und schnelle Einf\u00fchrung sicherzustellen, empfiehlt es sich, im Vorfeld einige \u00dcberlegungen zur Gestaltung des Einf\u00fchrungsprozesses anzustellen. Basierend auf unserer Erfahrung aus der Zusammenarbeit mit \u00fcber 1.400 Kundenempfehlen wir folgende Checkliste als Vorbereitung. \u2705 Projektteam Stellen Sie ein Team aus 2-4 Personen zusammen, die sich um die Einf\u00fchrung [&hellip;]\" \/>\n<meta property=\"og:url\" content=\"https:\/\/training.casavi.com\/de\/projektplan\/\" \/>\n<meta property=\"og:site_name\" content=\"DE - casavi Training\" \/>\n<meta property=\"article:modified_time\" content=\"2025-08-01T08:41:21+00:00\" \/>\n<meta property=\"og:image\" content=\"https:\/\/training.casavi.com\/de\/wp-content\/uploads\/sites\/2\/2025\/07\/Gemini_Generated_Image_ste75zste75zste7-1024x559.jpg\" \/>\n<meta name=\"twitter:card\" content=\"summary_large_image\" \/>\n<meta name=\"twitter:label1\" content=\"Gesch\u00e4tzte Lesezeit\" \/>\n\t<meta name=\"twitter:data1\" content=\"2\u00a0Minuten\" \/>\n<script type=\"application\/ld+json\" class=\"yoast-schema-graph\">{\"@context\":\"https:\\\/\\\/schema.org\",\"@graph\":[{\"@type\":\"WebPage\",\"@id\":\"https:\\\/\\\/training.casavi.com\\\/de\\\/projektplan\\\/\",\"url\":\"https:\\\/\\\/training.casavi.com\\\/de\\\/projektplan\\\/\",\"name\":\"Projektplan - DE - casavi Training\",\"isPartOf\":{\"@id\":\"https:\\\/\\\/training.casavi.com\\\/de\\\/#website\"},\"primaryImageOfPage\":{\"@id\":\"https:\\\/\\\/training.casavi.com\\\/de\\\/projektplan\\\/#primaryimage\"},\"image\":{\"@id\":\"https:\\\/\\\/training.casavi.com\\\/de\\\/projektplan\\\/#primaryimage\"},\"thumbnailUrl\":\"https:\\\/\\\/training.casavi.com\\\/de\\\/wp-content\\\/uploads\\\/sites\\\/2\\\/2025\\\/07\\\/Gemini_Generated_Image_ste75zste75zste7-1024x559.jpg\",\"datePublished\":\"2024-08-28T09:13:02+00:00\",\"dateModified\":\"2025-08-01T08:41:21+00:00\",\"breadcrumb\":{\"@id\":\"https:\\\/\\\/training.casavi.com\\\/de\\\/projektplan\\\/#breadcrumb\"},\"inLanguage\":\"de\",\"potentialAction\":[{\"@type\":\"ReadAction\",\"target\":[\"https:\\\/\\\/training.casavi.com\\\/de\\\/projektplan\\\/\"]}]},{\"@type\":\"ImageObject\",\"inLanguage\":\"de\",\"@id\":\"https:\\\/\\\/training.casavi.com\\\/de\\\/projektplan\\\/#primaryimage\",\"url\":\"https:\\\/\\\/training.casavi.com\\\/de\\\/wp-content\\\/uploads\\\/sites\\\/2\\\/2025\\\/07\\\/Gemini_Generated_Image_ste75zste75zste7-scaled.jpg\",\"contentUrl\":\"https:\\\/\\\/training.casavi.com\\\/de\\\/wp-content\\\/uploads\\\/sites\\\/2\\\/2025\\\/07\\\/Gemini_Generated_Image_ste75zste75zste7-scaled.jpg\",\"width\":2560,\"height\":1396},{\"@type\":\"BreadcrumbList\",\"@id\":\"https:\\\/\\\/training.casavi.com\\\/de\\\/projektplan\\\/#breadcrumb\",\"itemListElement\":[{\"@type\":\"ListItem\",\"position\":1,\"name\":\"Startseite\",\"item\":\"https:\\\/\\\/training.casavi.com\\\/de\\\/\"},{\"@type\":\"ListItem\",\"position\":2,\"name\":\"Projektplan\"}]},{\"@type\":\"WebSite\",\"@id\":\"https:\\\/\\\/training.casavi.com\\\/de\\\/#website\",\"url\":\"https:\\\/\\\/training.casavi.com\\\/de\\\/\",\"name\":\"DE - casavi Training\",\"description\":\"\",\"potentialAction\":[{\"@type\":\"SearchAction\",\"target\":{\"@type\":\"EntryPoint\",\"urlTemplate\":\"https:\\\/\\\/training.casavi.com\\\/de\\\/?s={search_term_string}\"},\"query-input\":{\"@type\":\"PropertyValueSpecification\",\"valueRequired\":true,\"valueName\":\"search_term_string\"}}],\"inLanguage\":\"de\"}]}<\/script>\n<!-- \/ Yoast SEO plugin. -->","yoast_head_json":{"title":"Projektplan - DE - casavi Training","robots":{"index":"noindex","follow":"follow","max-snippet":"max-snippet:-1","max-image-preview":"max-image-preview:large","max-video-preview":"max-video-preview:-1"},"og_locale":"de_DE","og_type":"article","og_title":"Projektplan - DE - casavi Training","og_description":"Projektplan zur Einf\u00fchrung von casavi Um eine reibungslose und schnelle Einf\u00fchrung sicherzustellen, empfiehlt es sich, im Vorfeld einige \u00dcberlegungen zur Gestaltung des Einf\u00fchrungsprozesses anzustellen. Basierend auf unserer Erfahrung aus der Zusammenarbeit mit \u00fcber 1.400 Kundenempfehlen wir folgende Checkliste als Vorbereitung. \u2705 Projektteam Stellen Sie ein Team aus 2-4 Personen zusammen, die sich um die Einf\u00fchrung [&hellip;]","og_url":"https:\/\/training.casavi.com\/de\/projektplan\/","og_site_name":"DE - casavi Training","article_modified_time":"2025-08-01T08:41:21+00:00","og_image":[{"url":"https:\/\/training.casavi.com\/de\/wp-content\/uploads\/sites\/2\/2025\/07\/Gemini_Generated_Image_ste75zste75zste7-1024x559.jpg","type":"","width":"","height":""}],"twitter_card":"summary_large_image","twitter_misc":{"Gesch\u00e4tzte Lesezeit":"2\u00a0Minuten"},"schema":{"@context":"https:\/\/schema.org","@graph":[{"@type":"WebPage","@id":"https:\/\/training.casavi.com\/de\/projektplan\/","url":"https:\/\/training.casavi.com\/de\/projektplan\/","name":"Projektplan - DE - casavi Training","isPartOf":{"@id":"https:\/\/training.casavi.com\/de\/#website"},"primaryImageOfPage":{"@id":"https:\/\/training.casavi.com\/de\/projektplan\/#primaryimage"},"image":{"@id":"https:\/\/training.casavi.com\/de\/projektplan\/#primaryimage"},"thumbnailUrl":"https:\/\/training.casavi.com\/de\/wp-content\/uploads\/sites\/2\/2025\/07\/Gemini_Generated_Image_ste75zste75zste7-1024x559.jpg","datePublished":"2024-08-28T09:13:02+00:00","dateModified":"2025-08-01T08:41:21+00:00","breadcrumb":{"@id":"https:\/\/training.casavi.com\/de\/projektplan\/#breadcrumb"},"inLanguage":"de","potentialAction":[{"@type":"ReadAction","target":["https:\/\/training.casavi.com\/de\/projektplan\/"]}]},{"@type":"ImageObject","inLanguage":"de","@id":"https:\/\/training.casavi.com\/de\/projektplan\/#primaryimage","url":"https:\/\/training.casavi.com\/de\/wp-content\/uploads\/sites\/2\/2025\/07\/Gemini_Generated_Image_ste75zste75zste7-scaled.jpg","contentUrl":"https:\/\/training.casavi.com\/de\/wp-content\/uploads\/sites\/2\/2025\/07\/Gemini_Generated_Image_ste75zste75zste7-scaled.jpg","width":2560,"height":1396},{"@type":"BreadcrumbList","@id":"https:\/\/training.casavi.com\/de\/projektplan\/#breadcrumb","itemListElement":[{"@type":"ListItem","position":1,"name":"Startseite","item":"https:\/\/training.casavi.com\/de\/"},{"@type":"ListItem","position":2,"name":"Projektplan"}]},{"@type":"WebSite","@id":"https:\/\/training.casavi.com\/de\/#website","url":"https:\/\/training.casavi.com\/de\/","name":"DE - casavi Training","description":"","potentialAction":[{"@type":"SearchAction","target":{"@type":"EntryPoint","urlTemplate":"https:\/\/training.casavi.com\/de\/?s={search_term_string}"},"query-input":{"@type":"PropertyValueSpecification","valueRequired":true,"valueName":"search_term_string"}}],"inLanguage":"de"}]}},"_links":{"self":[{"href":"https:\/\/training.casavi.com\/de\/wp-json\/wp\/v2\/pages\/7535","targetHints":{"allow":["GET"]}}],"collection":[{"href":"https:\/\/training.casavi.com\/de\/wp-json\/wp\/v2\/pages"}],"about":[{"href":"https:\/\/training.casavi.com\/de\/wp-json\/wp\/v2\/types\/page"}],"author":[{"embeddable":true,"href":"https:\/\/training.casavi.com\/de\/wp-json\/wp\/v2\/users\/3"}],"replies":[{"embeddable":true,"href":"https:\/\/training.casavi.com\/de\/wp-json\/wp\/v2\/comments?post=7535"}],"version-history":[{"count":25,"href":"https:\/\/training.casavi.com\/de\/wp-json\/wp\/v2\/pages\/7535\/revisions"}],"predecessor-version":[{"id":7804,"href":"https:\/\/training.casavi.com\/de\/wp-json\/wp\/v2\/pages\/7535\/revisions\/7804"}],"wp:attachment":[{"href":"https:\/\/training.casavi.com\/de\/wp-json\/wp\/v2\/media?parent=7535"}],"curies":[{"name":"wp","href":"https:\/\/api.w.org\/{rel}","templated":true}]}}