{"id":7834,"date":"2025-09-30T17:05:11","date_gmt":"2025-09-30T15:05:11","guid":{"rendered":"https:\/\/training.casavi.com\/de\/?page_id=7834"},"modified":"2025-12-22T16:50:14","modified_gmt":"2025-12-22T15:50:14","slug":"ki-telefonassistent","status":"publish","type":"page","link":"https:\/\/training.casavi.com\/de\/ki-telefonassistent\/","title":{"rendered":"KI-Telefonassistent"},"content":{"rendered":"\n<p>Add-On:<\/p>\n\n\n\n<div class=\"wp-block-group is-style-cta-dark has-tertiary-background-color has-background is-layout-flow wp-block-group-is-layout-flow\">\n<h2 class=\"wp-block-heading has-text-align-center has-gray-0-color has-text-color\">Der intelligente Anrufassistent<\/h2>\n<\/div>\n\n\n\n<div style=\"height:42px\" aria-hidden=\"true\" class=\"wp-block-spacer\"><\/div>\n\n\n\n<div class=\"wp-block-group is-layout-constrained wp-block-group-is-layout-constrained\"><div class=\"lh-block-lh-video alignwide\">\n\t\t\t<div class=\"casavi-video\">\n\t\t\t\t\t\t<a href=\"https:\/\/youtu.be\/XJhGN-PKssk\" class=\"casavi-video__link\" data-title=\"02. casavi AI Answer Pro: Der KI-Telefonassistent &#8211; Funktionsbeschreibung\" data-description=\"\"><\/a>\n\n\t\t\t\t\t\t\t\t\t\t<img decoding=\"async\" src=\"https:\/\/training.casavi.com\/de\/wp-content\/themes\/cascpt\/img\/video-placeholder.jpg\" alt=\"02. casavi AI Answer Pro: Der KI-Telefonassistent &#8211; Funktionsbeschreibung\" class=\"casavi-video-thumbnail\" width=\"960\" height=\"540\" \/>\n\t\t\t\n\t\t\t\t\t\t<div class=\"casavi-video-info__title text-icon-label\">\n\t\t\t\t<span class=\"icon-label casavi-video-info__bubble the-video-title has-primary-500-background-color has-gray-0-color\">\n\t\t\t\t\t02. casavi AI Answer Pro: Der KI-Telefonassistent &#8211; Funktionsbeschreibung\t\t\t\t<\/span>\n\t\t\t\t<img decoding=\"async\" src=\"https:\/\/training.casavi.com\/de\/wp-content\/themes\/cascpt\/img\/logo-mobile.png\" alt=\"casavi\" class=\"casavi-logo\" width=\"89\" height=\"80\" \/>\n\t\t\t<\/div>\n\n\t\t\t\t\t\t<div class=\"casavi-video-play-button\"><\/div>\n\n\t\t\t\t\t\t<div class=\"casavi-video-info__bubble the-video-description has-primary-900-background-color has-gray-0-color\">\n\t\t\t\t<div class=\"icon icon-information\">\n\t<svg xmlns=\"http:\/\/www.w3.org\/2000\/svg\" role=\"presentation\" viewBox=\"0 0 32 32\">\n  <path d=\"M17 22v-8h-4v2h2v6h-3v2h8v-2h-3zM16 8a1.5 1.5 0 1 0 1.5 1.5A1.5 1.5 0 0 0 16 8z\"><\/path>\n  <path d=\"M16 30a14 14 0 1 1 14-14 14 14 0 0 1-14 14Zm0-26a12 12 0 1 0 12 12A12 12 0 0 0 16 4Z\"><\/path>\n<\/svg><\/div>\n\t\t\t\t<span class=\"casavi-video-info__description-text\"><\/span>\n\t\t\t<\/div>\n\n\t\t\t\t\t\t<div class=\"casavi-video-info__bubble the-video-youtube-flag text-icon-label has-primary-900-background-color has-gray-0-color\">\n\t\t\t\t<div class=\"icon icon-youtube\">\n\t<svg xmlns=\"http:\/\/www.w3.org\/2000\/svg\" role=\"presentation\" viewBox=\"0 0 32 32\">\n  <path d=\"M29.41 9.26a3.5 3.5 0 0 0-2.47-2.47C24.76 6.2 16 6.2 16 6.2s-8.76 0-10.94.59a3.5 3.5 0 0 0-2.47 2.47A36.13 36.13 0 0 0 2 16a36.13 36.13 0 0 0 .59 6.74 3.5 3.5 0 0 0 2.47 2.47c2.18.59 10.94.59 10.94.59s8.76 0 10.94-.59a3.5 3.5 0 0 0 2.47-2.47A36.13 36.13 0 0 0 30 16a36.13 36.13 0 0 0-.59-6.74ZM13.2 20.2v-8.4l7.27 4.2Z\"><\/path>\n<\/svg><\/div>\n\t\t\t\t<span class=\"icon-label\">\n\t\t\t\t\tYouTube Video\t\t\t\t<\/span>\n\t\t\t<\/div>\n\t\t<\/div>\n\t\t<\/div>\n<\/div>\n\n\n\n<p>Diese smarte Funktion <strong>\u00fcbernimmt die Annahme eingehender Kundenanrufe, interagiert mit dem Anrufer, transkribiert den Gespr\u00e4chsverlauf automatisch und legt diese als Vorgang in der SmartTask an<\/strong>. Das spart Ihnen wertvolle Zeit und stellt sicher, dass Sie keine Kundenanfrage mehr verpassen.<\/p>\n\n\n\n<p>Der KI-Telefonassistent erm\u00f6glicht Ihnen, die KI nicht nur als Anrufbeantworter zu nutzen, sondern sie auch aktiv mit Ihren Kunden interagieren zu lassen.<\/p>\n\n\n\n<h4 class=\"wp-block-heading has-text-align-left\">Die Vorteile auf einen Blick:<\/h4>\n\n\n<ul class=\"wp-block-list is-style-checklist\">\n<li><strong>Intelligenter Anrufbeantworter:<\/strong> Lassen Sie eingehende Kundenanrufe von der KI annehmen, den Gespr\u00e4chsverlauf automatisch transkribieren und als Vorgang in der SmartTask anlegen.<\/li>\n\n\n\n<li><strong>Sprach-KI-Interaktionen:<\/strong> Lassen Sie die KI nat\u00fcrliche Gespr\u00e4che mit Ihren Anrufern f\u00fchren und erhalten Sie immer vollst\u00e4ndige Tickets dank intelligenten R\u00fcckfragen.<\/li>\n\n\n\n<li><strong>Mehrere Telefonnummern verwalten:<\/strong> Binden Sie unbegrenzt viele Nummern ein.<\/li>\n\n\n\n<li><strong>Spezielle KI-Stimmen:<\/strong> W\u00e4hlen Sie aus unterschiedlichen Stimmen f\u00fcr Ihr Unternehmen.<\/li>\n\n\n\n<li><strong>Doppelmeldungen erkennen:<\/strong> Die KI vermeidet doppelte Vorg\u00e4nge.<\/li>\n<\/ul>\n\n\n<div style=\"height:63px\" aria-hidden=\"true\" class=\"wp-block-spacer\"><\/div>\n\n\n\n<div class=\"wp-block-group is-style-card has-primary-900-color has-gray-0-background-color has-text-color has-background has-link-color wp-elements-b9564ca82456591a8e133396c0088e53 is-layout-constrained wp-block-group-is-layout-constrained\">\n<div class=\"wp-block-group alignwide is-layout-constrained wp-block-group-is-layout-constrained\">\n<div class=\"wp-block-columns alignwide are-vertically-aligned-bottom is-layout-flex wp-container-core-columns-is-layout-28f84493 wp-block-columns-is-layout-flex\">\n<div class=\"wp-block-column is-vertically-aligned-bottom has-gray-0-color has-text-color has-link-color wp-elements-1e9d52a87b216fa7cda9a7566852e458 is-layout-flow wp-block-column-is-layout-flow\" style=\"flex-basis:100%\">\n<h4 class=\"wp-block-heading has-text-align-center has-primary-900-color has-text-color has-link-color wp-elements-ac6482fc4f0957034db9b0e9922eae63\">\u2699\ufe0f So richten Sie in wenigen Schritten den KI-Telefonassistenten in Ihrem MANAGBL.AI Account ein:<\/h4>\n<\/div>\n<\/div>\n<\/div>\n<\/div>\n\n\n\n<div style=\"height:42px\" aria-hidden=\"true\" class=\"wp-block-spacer\"><\/div>\n\n\n\n<p>Hier ein kurzes, \u00fcbersichtliches Video, das Ihnen die einzelnen Schritte der Einrichtung demonstriert.<\/p>\n\n\n\n<div style=\"height:63px\" aria-hidden=\"true\" class=\"wp-block-spacer\"><\/div>\n\n\n\n<figure class=\"wp-block-video\"><video height=\"1080\" style=\"aspect-ratio: 1664 \/ 1080;\" width=\"1664\" controls src=\"https:\/\/training.casavi.com\/de\/wp-content\/uploads\/sites\/2\/2025\/09\/Einfuehrung-AI-Voice-Pro.mp4\"><\/video><\/figure>\n\n\n\n<div class=\"wp-block-buttons is-content-justification-center is-layout-flex wp-container-core-buttons-is-layout-a89b3969 wp-block-buttons-is-layout-flex\">\n<div class=\"wp-block-button\"><a class=\"wp-block-button__link wp-element-button\" href=\"https:\/\/training.casavi.com\/de\/\">Zur\u00fcck zur Startseite \u2192<\/a><\/div>\n<\/div>\n","protected":false},"excerpt":{"rendered":"<p>Add-On: Der intelligente Anrufassistent Diese smarte Funktion \u00fcbernimmt die Annahme eingehender Kundenanrufe, interagiert mit dem Anrufer, transkribiert den Gespr\u00e4chsverlauf automatisch und legt diese als Vorgang in der SmartTask an. Das spart Ihnen wertvolle Zeit und stellt sicher, dass Sie keine Kundenanfrage mehr verpassen. Der KI-Telefonassistent erm\u00f6glicht Ihnen, die KI nicht nur als Anrufbeantworter zu nutzen, [&hellip;]<\/p>\n","protected":false},"author":3,"featured_media":0,"parent":0,"menu_order":0,"comment_status":"closed","ping_status":"closed","template":"","meta":{"_acf_changed":false,"_show_the_title":false,"footnotes":""},"class_list":["post-7834","page","type-page","status-publish","hentry"],"acf":[],"yoast_head":"<!-- This site is optimized with the Yoast SEO plugin v27.4 - https:\/\/yoast.com\/product\/yoast-seo-wordpress\/ -->\n<title>KI-Telefonassistent - DE - casavi Training<\/title>\n<meta name=\"robots\" content=\"noindex, follow, max-snippet:-1, max-image-preview:large, max-video-preview:-1\" \/>\n<meta property=\"og:locale\" content=\"de_DE\" \/>\n<meta property=\"og:type\" content=\"article\" \/>\n<meta property=\"og:title\" content=\"KI-Telefonassistent - DE - casavi Training\" \/>\n<meta property=\"og:description\" content=\"Add-On: Der intelligente Anrufassistent Diese smarte Funktion \u00fcbernimmt die Annahme eingehender Kundenanrufe, interagiert mit dem Anrufer, transkribiert den Gespr\u00e4chsverlauf automatisch und legt diese als Vorgang in der SmartTask an. Das spart Ihnen wertvolle Zeit und stellt sicher, dass Sie keine Kundenanfrage mehr verpassen. Der KI-Telefonassistent erm\u00f6glicht Ihnen, die KI nicht nur als Anrufbeantworter zu nutzen, [&hellip;]\" \/>\n<meta property=\"og:url\" content=\"https:\/\/training.casavi.com\/de\/ki-telefonassistent\/\" \/>\n<meta property=\"og:site_name\" content=\"DE - casavi Training\" \/>\n<meta property=\"article:modified_time\" content=\"2025-12-22T15:50:14+00:00\" \/>\n<meta name=\"twitter:card\" content=\"summary_large_image\" \/>\n<meta name=\"twitter:label1\" content=\"Gesch\u00e4tzte Lesezeit\" \/>\n\t<meta name=\"twitter:data1\" content=\"1\u00a0Minute\" \/>\n<script type=\"application\/ld+json\" class=\"yoast-schema-graph\">{\"@context\":\"https:\\\/\\\/schema.org\",\"@graph\":[{\"@type\":\"WebPage\",\"@id\":\"https:\\\/\\\/training.casavi.com\\\/de\\\/ki-telefonassistent\\\/\",\"url\":\"https:\\\/\\\/training.casavi.com\\\/de\\\/ki-telefonassistent\\\/\",\"name\":\"KI-Telefonassistent - DE - casavi Training\",\"isPartOf\":{\"@id\":\"https:\\\/\\\/training.casavi.com\\\/de\\\/#website\"},\"datePublished\":\"2025-09-30T15:05:11+00:00\",\"dateModified\":\"2025-12-22T15:50:14+00:00\",\"breadcrumb\":{\"@id\":\"https:\\\/\\\/training.casavi.com\\\/de\\\/ki-telefonassistent\\\/#breadcrumb\"},\"inLanguage\":\"de\",\"potentialAction\":[{\"@type\":\"ReadAction\",\"target\":[\"https:\\\/\\\/training.casavi.com\\\/de\\\/ki-telefonassistent\\\/\"]}]},{\"@type\":\"BreadcrumbList\",\"@id\":\"https:\\\/\\\/training.casavi.com\\\/de\\\/ki-telefonassistent\\\/#breadcrumb\",\"itemListElement\":[{\"@type\":\"ListItem\",\"position\":1,\"name\":\"Startseite\",\"item\":\"https:\\\/\\\/training.casavi.com\\\/de\\\/\"},{\"@type\":\"ListItem\",\"position\":2,\"name\":\"KI-Telefonassistent\"}]},{\"@type\":\"WebSite\",\"@id\":\"https:\\\/\\\/training.casavi.com\\\/de\\\/#website\",\"url\":\"https:\\\/\\\/training.casavi.com\\\/de\\\/\",\"name\":\"DE - casavi Training\",\"description\":\"\",\"potentialAction\":[{\"@type\":\"SearchAction\",\"target\":{\"@type\":\"EntryPoint\",\"urlTemplate\":\"https:\\\/\\\/training.casavi.com\\\/de\\\/?s={search_term_string}\"},\"query-input\":{\"@type\":\"PropertyValueSpecification\",\"valueRequired\":true,\"valueName\":\"search_term_string\"}}],\"inLanguage\":\"de\"}]}<\/script>\n<!-- \/ Yoast SEO plugin. -->","yoast_head_json":{"title":"KI-Telefonassistent - DE - casavi Training","robots":{"index":"noindex","follow":"follow","max-snippet":"max-snippet:-1","max-image-preview":"max-image-preview:large","max-video-preview":"max-video-preview:-1"},"og_locale":"de_DE","og_type":"article","og_title":"KI-Telefonassistent - DE - casavi Training","og_description":"Add-On: Der intelligente Anrufassistent Diese smarte Funktion \u00fcbernimmt die Annahme eingehender Kundenanrufe, interagiert mit dem Anrufer, transkribiert den Gespr\u00e4chsverlauf automatisch und legt diese als Vorgang in der SmartTask an. Das spart Ihnen wertvolle Zeit und stellt sicher, dass Sie keine Kundenanfrage mehr verpassen. Der KI-Telefonassistent erm\u00f6glicht Ihnen, die KI nicht nur als Anrufbeantworter zu nutzen, [&hellip;]","og_url":"https:\/\/training.casavi.com\/de\/ki-telefonassistent\/","og_site_name":"DE - casavi Training","article_modified_time":"2025-12-22T15:50:14+00:00","twitter_card":"summary_large_image","twitter_misc":{"Gesch\u00e4tzte Lesezeit":"1\u00a0Minute"},"schema":{"@context":"https:\/\/schema.org","@graph":[{"@type":"WebPage","@id":"https:\/\/training.casavi.com\/de\/ki-telefonassistent\/","url":"https:\/\/training.casavi.com\/de\/ki-telefonassistent\/","name":"KI-Telefonassistent - DE - casavi Training","isPartOf":{"@id":"https:\/\/training.casavi.com\/de\/#website"},"datePublished":"2025-09-30T15:05:11+00:00","dateModified":"2025-12-22T15:50:14+00:00","breadcrumb":{"@id":"https:\/\/training.casavi.com\/de\/ki-telefonassistent\/#breadcrumb"},"inLanguage":"de","potentialAction":[{"@type":"ReadAction","target":["https:\/\/training.casavi.com\/de\/ki-telefonassistent\/"]}]},{"@type":"BreadcrumbList","@id":"https:\/\/training.casavi.com\/de\/ki-telefonassistent\/#breadcrumb","itemListElement":[{"@type":"ListItem","position":1,"name":"Startseite","item":"https:\/\/training.casavi.com\/de\/"},{"@type":"ListItem","position":2,"name":"KI-Telefonassistent"}]},{"@type":"WebSite","@id":"https:\/\/training.casavi.com\/de\/#website","url":"https:\/\/training.casavi.com\/de\/","name":"DE - casavi Training","description":"","potentialAction":[{"@type":"SearchAction","target":{"@type":"EntryPoint","urlTemplate":"https:\/\/training.casavi.com\/de\/?s={search_term_string}"},"query-input":{"@type":"PropertyValueSpecification","valueRequired":true,"valueName":"search_term_string"}}],"inLanguage":"de"}]}},"_links":{"self":[{"href":"https:\/\/training.casavi.com\/de\/wp-json\/wp\/v2\/pages\/7834","targetHints":{"allow":["GET"]}}],"collection":[{"href":"https:\/\/training.casavi.com\/de\/wp-json\/wp\/v2\/pages"}],"about":[{"href":"https:\/\/training.casavi.com\/de\/wp-json\/wp\/v2\/types\/page"}],"author":[{"embeddable":true,"href":"https:\/\/training.casavi.com\/de\/wp-json\/wp\/v2\/users\/3"}],"replies":[{"embeddable":true,"href":"https:\/\/training.casavi.com\/de\/wp-json\/wp\/v2\/comments?post=7834"}],"version-history":[{"count":16,"href":"https:\/\/training.casavi.com\/de\/wp-json\/wp\/v2\/pages\/7834\/revisions"}],"predecessor-version":[{"id":7896,"href":"https:\/\/training.casavi.com\/de\/wp-json\/wp\/v2\/pages\/7834\/revisions\/7896"}],"wp:attachment":[{"href":"https:\/\/training.casavi.com\/de\/wp-json\/wp\/v2\/media?parent=7834"}],"curies":[{"name":"wp","href":"https:\/\/api.w.org\/{rel}","templated":true}]}}