{"id":160,"date":"2020-07-31T08:23:17","date_gmt":"2020-07-31T08:23:17","guid":{"rendered":"https:\/\/start.mycasavi.com\/?page_id=160"},"modified":"2023-11-10T16:53:33","modified_gmt":"2023-11-10T15:53:33","slug":"smarttask","status":"publish","type":"page","link":"https:\/\/training.casavi.com\/en\/smarttask\/","title":{"rendered":"SmartTask"},"content":{"rendered":"\n<p>Step 4:<\/p>\n\n\n\n<div class=\"wp-block-group is-style-cta-dark is-layout-constrained wp-block-group-is-layout-constrained\">\n<h2 class=\"wp-block-heading has-text-align-center has-gray-0-color has-text-color\">Working with the SmartTask<\/h2>\n<\/div>\n\n\n\n<div style=\"height:63px\" aria-hidden=\"true\" class=\"wp-block-spacer\"><\/div>\n\n\n\n<p>SmartTask is casavi&#8217;s ticket management system. See how you can communicate online with your tenants and owners or with your service providers about processes and orders.<\/p>\n\n\n\n<div class=\"wp-block-group alignwide is-style-card is-layout-constrained wp-block-group-is-layout-constrained\"><figure class=\"wp-block-image alignwide size-full\"><img decoding=\"async\" width=\"2537\" height=\"1247\" src=\"https:\/\/training.casavi.com\/en\/wp-content\/uploads\/sites\/5\/2023\/04\/Screenshot-2023-04-21-115434-300x147.png\" class=\"attachment-full size-full lazyload\" alt=\"\" data-sizes=\"auto\" data-srcset=\"https:\/\/training.casavi.com\/en\/wp-content\/uploads\/sites\/5\/2023\/04\/Screenshot-2023-04-21-115434-300x147.png 300w, https:\/\/training.casavi.com\/en\/wp-content\/uploads\/sites\/5\/2023\/04\/Screenshot-2023-04-21-115434-768x377.png 768w, https:\/\/training.casavi.com\/en\/wp-content\/uploads\/sites\/5\/2023\/04\/Screenshot-2023-04-21-115434-1024x503.png 1024w, https:\/\/training.casavi.com\/en\/wp-content\/uploads\/sites\/5\/2023\/04\/Screenshot-2023-04-21-115434-1536x755.png 1536w, https:\/\/training.casavi.com\/en\/wp-content\/uploads\/sites\/5\/2023\/04\/Screenshot-2023-04-21-115434-2048x1007.png 2048w, https:\/\/training.casavi.com\/en\/wp-content\/uploads\/sites\/5\/2023\/04\/Screenshot-2023-04-21-115434.png 2537w\" data-src=\"https:\/\/training.casavi.com\/en\/wp-content\/uploads\/sites\/5\/2023\/04\/Screenshot-2023-04-21-115434.png\"><figcaption class=\"wp-element-caption\">SmartTask: \u00dcbersicht \u00fcber Vorg\u00e4nge<\/figcaption><\/figure><\/div>\n\n\n\n<div style=\"height:63px\" aria-hidden=\"true\" class=\"wp-block-spacer\"><\/div>\n\n\n<ul class=\"wp-block-list is-style-checklist\">\n<li>See how your customers can submit a request via the preview in the customer portal<\/li>\n\n\n\n<li>Create a task yourself in SmartTask and then see how each function works<\/li>\n\n\n\n<li>Find out how to create an order to a service provider<\/li>\n\n\n\n<li>Go to the administration area and see what customizations you can make (task types, order types, checklists)<\/li>\n<\/ul>\n\n\n<p>The help material for the SmartTask can be found <strong><a href=\"https:\/\/downloads.casavi.com\/en\/download\/onboarding-paket\/smarttask\/overview-smarttask-application-possibilities\/\" target=\"_blank\" rel=\"noreferrer noopener\">here<\/a><\/strong>.<\/p>\n\n\n\n<div style=\"height:63px\" aria-hidden=\"true\" class=\"wp-block-spacer\"><\/div>\n\n\n<div class=\"lh-feature-card card image-position-left lh-block-lh-feature-card align has-text-color has--color has-background-color has-gray-0-background-color\">\n\t<div class=\"feature-card-image\">\n\t\t\t\t\t<img decoding=\"async\" width=\"637\" height=\"592\" src=\"https:\/\/training.casavi.com\/en\/wp-content\/uploads\/sites\/5\/2023\/04\/Screenshot-2023-04-21-114318-300x279.png\" class=\"attachment-full size-full lazyload\" alt=\"\" data-sizes=\"auto\" data-srcset=\"https:\/\/training.casavi.com\/en\/wp-content\/uploads\/sites\/5\/2023\/04\/Screenshot-2023-04-21-114318-300x279.png 300w, https:\/\/training.casavi.com\/en\/wp-content\/uploads\/sites\/5\/2023\/04\/Screenshot-2023-04-21-114318.png 637w\" data-src=\"https:\/\/training.casavi.com\/en\/wp-content\/uploads\/sites\/5\/2023\/04\/Screenshot-2023-04-21-114318.png\" \/>\t\t\t<\/div>\n\t<div class=\"feature-card-content stack\">\n\t\t\n\n<p><br>ATTENTION: If your operations are imported via the integration, please do not change anything in the settings we have made!<\/p>\n\n\t<\/div>\n<\/div>\n\n\n\n<div style=\"height:50px\" aria-hidden=\"true\" class=\"wp-block-spacer\"><\/div>\n\n\n\n<div class=\"wp-block-buttons is-content-justification-center is-layout-flex wp-container-core-buttons-is-layout-a89b3969 wp-block-buttons-is-layout-flex\">\n<div class=\"wp-block-button\"><a class=\"wp-block-button__link wp-element-button\" href=\"https:\/\/training.casavi.com\/en\/invitation-process\/\">Continue to step 5<\/a><\/div>\n<\/div>\n\n\n\n<p class=\"has-text-align-center has-small-font-size\"><a href=\"https:\/\/training.casavi.com\/en\">Back to homepage<\/a><\/p>\n","protected":false},"excerpt":{"rendered":"<p>Step 4: Working with the SmartTask SmartTask is casavi&#8217;s ticket management system. See how you can communicate online with your tenants and owners or with your service providers about processes and orders. The help material for the SmartTask can be found here. Back to homepage<\/p>\n","protected":false},"author":2,"featured_media":0,"parent":0,"menu_order":0,"comment_status":"closed","ping_status":"closed","template":"","meta":{"_acf_changed":false,"_show_the_title":false,"footnotes":""},"class_list":["post-160","page","type-page","status-publish","hentry"],"acf":[],"yoast_head":"<!-- This site is optimized with the Yoast SEO plugin v27.4 - https:\/\/yoast.com\/product\/yoast-seo-wordpress\/ -->\n<title>SmartTask - EN - casavi Training<\/title>\n<meta name=\"robots\" content=\"noindex, follow, max-snippet:-1, max-image-preview:large, max-video-preview:-1\" \/>\n<meta property=\"og:locale\" content=\"en_US\" \/>\n<meta property=\"og:type\" content=\"article\" \/>\n<meta property=\"og:title\" content=\"SmartTask - EN - casavi Training\" \/>\n<meta property=\"og:description\" content=\"Step 4: Working with the SmartTask SmartTask is casavi&#8217;s ticket management system. See how you can communicate online with your tenants and owners or with your service providers about processes and orders. The help material for the SmartTask can be found here. Back to homepage\" \/>\n<meta property=\"og:url\" content=\"https:\/\/training.casavi.com\/en\/smarttask\/\" \/>\n<meta property=\"og:site_name\" content=\"EN - casavi Training\" \/>\n<meta property=\"article:modified_time\" content=\"2023-11-10T15:53:33+00:00\" \/>\n<meta property=\"og:image\" content=\"https:\/\/training.casavi.com\/en\/wp-content\/uploads\/sites\/5\/2023\/04\/Screenshot-2023-04-21-115434.png\" \/>\n<meta name=\"twitter:card\" content=\"summary_large_image\" \/>\n<meta name=\"twitter:label1\" content=\"Est. reading time\" \/>\n\t<meta name=\"twitter:data1\" content=\"1 minute\" \/>\n<script type=\"application\/ld+json\" class=\"yoast-schema-graph\">{\"@context\":\"https:\\\/\\\/schema.org\",\"@graph\":[{\"@type\":\"WebPage\",\"@id\":\"https:\\\/\\\/training.casavi.com\\\/en\\\/smarttask\\\/\",\"url\":\"https:\\\/\\\/training.casavi.com\\\/en\\\/smarttask\\\/\",\"name\":\"SmartTask - EN - casavi Training\",\"isPartOf\":{\"@id\":\"https:\\\/\\\/training.casavi.com\\\/en\\\/#website\"},\"primaryImageOfPage\":{\"@id\":\"https:\\\/\\\/training.casavi.com\\\/en\\\/smarttask\\\/#primaryimage\"},\"image\":{\"@id\":\"https:\\\/\\\/training.casavi.com\\\/en\\\/smarttask\\\/#primaryimage\"},\"thumbnailUrl\":\"https:\\\/\\\/training.casavi.com\\\/en\\\/wp-content\\\/uploads\\\/sites\\\/5\\\/2023\\\/04\\\/Screenshot-2023-04-21-115434.png\",\"datePublished\":\"2020-07-31T08:23:17+00:00\",\"dateModified\":\"2023-11-10T15:53:33+00:00\",\"breadcrumb\":{\"@id\":\"https:\\\/\\\/training.casavi.com\\\/en\\\/smarttask\\\/#breadcrumb\"},\"inLanguage\":\"en-US\",\"potentialAction\":[{\"@type\":\"ReadAction\",\"target\":[\"https:\\\/\\\/training.casavi.com\\\/en\\\/smarttask\\\/\"]}]},{\"@type\":\"ImageObject\",\"inLanguage\":\"en-US\",\"@id\":\"https:\\\/\\\/training.casavi.com\\\/en\\\/smarttask\\\/#primaryimage\",\"url\":\"https:\\\/\\\/training.casavi.com\\\/en\\\/wp-content\\\/uploads\\\/sites\\\/5\\\/2023\\\/04\\\/Screenshot-2023-04-21-115434.png\",\"contentUrl\":\"https:\\\/\\\/training.casavi.com\\\/en\\\/wp-content\\\/uploads\\\/sites\\\/5\\\/2023\\\/04\\\/Screenshot-2023-04-21-115434.png\",\"width\":2537,\"height\":1247},{\"@type\":\"BreadcrumbList\",\"@id\":\"https:\\\/\\\/training.casavi.com\\\/en\\\/smarttask\\\/#breadcrumb\",\"itemListElement\":[{\"@type\":\"ListItem\",\"position\":1,\"name\":\"Homepage\",\"item\":\"https:\\\/\\\/training.casavi.com\\\/en\\\/\"},{\"@type\":\"ListItem\",\"position\":2,\"name\":\"SmartTask\"}]},{\"@type\":\"WebSite\",\"@id\":\"https:\\\/\\\/training.casavi.com\\\/en\\\/#website\",\"url\":\"https:\\\/\\\/training.casavi.com\\\/en\\\/\",\"name\":\"EN - casavi Training\",\"description\":\"\",\"potentialAction\":[{\"@type\":\"SearchAction\",\"target\":{\"@type\":\"EntryPoint\",\"urlTemplate\":\"https:\\\/\\\/training.casavi.com\\\/en\\\/?s={search_term_string}\"},\"query-input\":{\"@type\":\"PropertyValueSpecification\",\"valueRequired\":true,\"valueName\":\"search_term_string\"}}],\"inLanguage\":\"en-US\"}]}<\/script>\n<!-- \/ Yoast SEO plugin. -->","yoast_head_json":{"title":"SmartTask - EN - casavi Training","robots":{"index":"noindex","follow":"follow","max-snippet":"max-snippet:-1","max-image-preview":"max-image-preview:large","max-video-preview":"max-video-preview:-1"},"og_locale":"en_US","og_type":"article","og_title":"SmartTask - EN - casavi Training","og_description":"Step 4: Working with the SmartTask SmartTask is casavi&#8217;s ticket management system. See how you can communicate online with your tenants and owners or with your service providers about processes and orders. The help material for the SmartTask can be found here. Back to homepage","og_url":"https:\/\/training.casavi.com\/en\/smarttask\/","og_site_name":"EN - casavi Training","article_modified_time":"2023-11-10T15:53:33+00:00","og_image":[{"url":"https:\/\/training.casavi.com\/en\/wp-content\/uploads\/sites\/5\/2023\/04\/Screenshot-2023-04-21-115434.png","type":"","width":"","height":""}],"twitter_card":"summary_large_image","twitter_misc":{"Est. reading time":"1 minute"},"schema":{"@context":"https:\/\/schema.org","@graph":[{"@type":"WebPage","@id":"https:\/\/training.casavi.com\/en\/smarttask\/","url":"https:\/\/training.casavi.com\/en\/smarttask\/","name":"SmartTask - EN - casavi Training","isPartOf":{"@id":"https:\/\/training.casavi.com\/en\/#website"},"primaryImageOfPage":{"@id":"https:\/\/training.casavi.com\/en\/smarttask\/#primaryimage"},"image":{"@id":"https:\/\/training.casavi.com\/en\/smarttask\/#primaryimage"},"thumbnailUrl":"https:\/\/training.casavi.com\/en\/wp-content\/uploads\/sites\/5\/2023\/04\/Screenshot-2023-04-21-115434.png","datePublished":"2020-07-31T08:23:17+00:00","dateModified":"2023-11-10T15:53:33+00:00","breadcrumb":{"@id":"https:\/\/training.casavi.com\/en\/smarttask\/#breadcrumb"},"inLanguage":"en-US","potentialAction":[{"@type":"ReadAction","target":["https:\/\/training.casavi.com\/en\/smarttask\/"]}]},{"@type":"ImageObject","inLanguage":"en-US","@id":"https:\/\/training.casavi.com\/en\/smarttask\/#primaryimage","url":"https:\/\/training.casavi.com\/en\/wp-content\/uploads\/sites\/5\/2023\/04\/Screenshot-2023-04-21-115434.png","contentUrl":"https:\/\/training.casavi.com\/en\/wp-content\/uploads\/sites\/5\/2023\/04\/Screenshot-2023-04-21-115434.png","width":2537,"height":1247},{"@type":"BreadcrumbList","@id":"https:\/\/training.casavi.com\/en\/smarttask\/#breadcrumb","itemListElement":[{"@type":"ListItem","position":1,"name":"Homepage","item":"https:\/\/training.casavi.com\/en\/"},{"@type":"ListItem","position":2,"name":"SmartTask"}]},{"@type":"WebSite","@id":"https:\/\/training.casavi.com\/en\/#website","url":"https:\/\/training.casavi.com\/en\/","name":"EN - casavi Training","description":"","potentialAction":[{"@type":"SearchAction","target":{"@type":"EntryPoint","urlTemplate":"https:\/\/training.casavi.com\/en\/?s={search_term_string}"},"query-input":{"@type":"PropertyValueSpecification","valueRequired":true,"valueName":"search_term_string"}}],"inLanguage":"en-US"}]}},"_links":{"self":[{"href":"https:\/\/training.casavi.com\/en\/wp-json\/wp\/v2\/pages\/160","targetHints":{"allow":["GET"]}}],"collection":[{"href":"https:\/\/training.casavi.com\/en\/wp-json\/wp\/v2\/pages"}],"about":[{"href":"https:\/\/training.casavi.com\/en\/wp-json\/wp\/v2\/types\/page"}],"author":[{"embeddable":true,"href":"https:\/\/training.casavi.com\/en\/wp-json\/wp\/v2\/users\/2"}],"replies":[{"embeddable":true,"href":"https:\/\/training.casavi.com\/en\/wp-json\/wp\/v2\/comments?post=160"}],"version-history":[{"count":17,"href":"https:\/\/training.casavi.com\/en\/wp-json\/wp\/v2\/pages\/160\/revisions"}],"predecessor-version":[{"id":7535,"href":"https:\/\/training.casavi.com\/en\/wp-json\/wp\/v2\/pages\/160\/revisions\/7535"}],"wp:attachment":[{"href":"https:\/\/training.casavi.com\/en\/wp-json\/wp\/v2\/media?parent=160"}],"curies":[{"name":"wp","href":"https:\/\/api.w.org\/{rel}","templated":true}]}}