{"id":180,"date":"2020-07-31T08:27:35","date_gmt":"2020-07-31T06:27:35","guid":{"rendered":"https:\/\/start.mycasavi.com\/?page_id=180"},"modified":"2024-06-13T16:48:49","modified_gmt":"2024-06-13T14:48:49","slug":"dati-anagrafici","status":"publish","type":"page","link":"https:\/\/training.casavi.com\/it\/dati-anagrafici\/","title":{"rendered":"Dati anagrafici"},"content":{"rendered":"\n<div class=\"wp-block-group is-style-cta-dark is-layout-constrained wp-block-group-is-layout-constrained\">\n<h2 class=\"wp-block-heading has-text-align-center has-gray-0-color has-text-color\">Importa dati anagrafici manualmente<\/h2>\n<\/div>\n\n\n\n<p>Se non disponi di un&#8217;interfaccia con un altro sistema di inventario, puoi importare manualmente i dati anagrafici da file Excel. Usa le istruzioni nella sezione &#8220;centro assistenza&#8221; per preparare l&#8217;elenco da importare.<\/p>\n\n\n<ul class=\"wp-block-list is-style-checklist\">\n<li>Utilizza le istruzioni nel &#8220;<strong>centro assistenza&#8221;<\/strong> per preparare l&#8217;elenco da importare. Scarica <a href=\"https:\/\/downloads.comunicasa.it\/download-category\/comunicasa-pacchetto-di-onboarding\/importazione-manuale\/\">qui<\/a> dei modelli di esempio di importazione. <\/li>\n\n\n\n<li>Utilizza <strong>l&#8217;elenco di importazione di esempio<\/strong> per orientarti sul formato dei dati e facilitare il passaggio a comunicasa. <\/li>\n\n\n\n<li>Inserisci i tuoi dati esportati nel <strong>modello vuoto di importazione<\/strong> ed inoltraci il file su: <a href=\"mailto:onboarding@casavi.de\">onboarding@casavi.de<\/a>. Il nostro team controller\u00e0 il tuo file, eseguir\u00e0 l&#8217;importazione iniziale per te e ti fornir\u00e0 un feedback tempestivo.<\/li>\n\n\n\n<li>Potrai trovare maggiori informazioni su come aggiornare in autonomia i dati anagrafici in futuro nella sezione addendum.<\/li>\n\n\n\n<li>Scopri come aggiungere condomini manualmente su casavi nella sezione <strong>panoramica<\/strong>.<\/li>\n\n\n\n<li>Guarda il nostro video di formazione sul processo di importazione anagrafiche: <a href=\"https:\/\/youtu.be\/iHltMisbTpI\">IMPORTAZIONE MANUALE ANAGRAFICHE<\/a><\/li>\n<\/ul>\n\n\n<div style=\"height:36px\" aria-hidden=\"true\" class=\"wp-block-spacer\"><\/div>\n\n\n\n<p><strong>Puoi trovare materiale utile relativo al processo di importazione manuale <\/strong><a href=\"https:\/\/downloads.comunicasa.it\/download-category\/comunicasa-pacchetto-di-onboarding\/importazione-manuale\/\"><strong>qui<\/strong>.<\/a><\/p>\n\n\n\n<div style=\"height:51px\" aria-hidden=\"true\" class=\"wp-block-spacer\"><\/div>\n\n\n\n<div class=\"wp-block-buttons is-layout-flex wp-block-buttons-is-layout-flex\">\n<div class=\"wp-block-button aligncenter is-style-primary\"><a class=\"wp-block-button__link wp-element-button\" href=\"https:\/\/training.casavi.com\/en\/\">Ritorna alla home page<\/a><\/div>\n<\/div>\n","protected":false},"excerpt":{"rendered":"<p>Importa dati anagrafici manualmente Se non disponi di un&#8217;interfaccia con un altro sistema di inventario, puoi importare manualmente i dati anagrafici da file Excel. Usa le istruzioni nella sezione &#8220;centro assistenza&#8221; per preparare l&#8217;elenco da importare. Puoi trovare materiale utile relativo al processo di importazione manuale qui.<\/p>\n","protected":false},"author":2,"featured_media":0,"parent":0,"menu_order":0,"comment_status":"closed","ping_status":"closed","template":"","meta":{"_acf_changed":false,"_show_the_title":false,"footnotes":""},"class_list":["post-180","page","type-page","status-publish","hentry"],"acf":[],"yoast_head":"<!-- This site is optimized with the Yoast SEO plugin v27.4 - https:\/\/yoast.com\/product\/yoast-seo-wordpress\/ -->\n<title>Dati anagrafici - IT - casavi Training<\/title>\n<meta name=\"robots\" content=\"noindex, follow, max-snippet:-1, max-image-preview:large, max-video-preview:-1\" \/>\n<meta property=\"og:locale\" content=\"it_IT\" \/>\n<meta property=\"og:type\" content=\"article\" \/>\n<meta property=\"og:title\" content=\"Dati anagrafici - IT - casavi Training\" \/>\n<meta property=\"og:description\" content=\"Importa dati anagrafici manualmente Se non disponi di un&#8217;interfaccia con un altro sistema di inventario, puoi importare manualmente i dati anagrafici da file Excel. Usa le istruzioni nella sezione &#8220;centro assistenza&#8221; per preparare l&#8217;elenco da importare. Puoi trovare materiale utile relativo al processo di importazione manuale qui.\" \/>\n<meta property=\"og:url\" content=\"https:\/\/training.casavi.com\/it\/dati-anagrafici\/\" \/>\n<meta property=\"og:site_name\" content=\"IT - casavi Training\" \/>\n<meta property=\"article:modified_time\" content=\"2024-06-13T14:48:49+00:00\" \/>\n<meta name=\"twitter:card\" content=\"summary_large_image\" \/>\n<meta name=\"twitter:label1\" content=\"Tempo di lettura stimato\" \/>\n\t<meta name=\"twitter:data1\" content=\"1 minuto\" \/>\n<script type=\"application\/ld+json\" class=\"yoast-schema-graph\">{\"@context\":\"https:\\\/\\\/schema.org\",\"@graph\":[{\"@type\":\"WebPage\",\"@id\":\"https:\\\/\\\/training.casavi.com\\\/it\\\/dati-anagrafici\\\/\",\"url\":\"https:\\\/\\\/training.casavi.com\\\/it\\\/dati-anagrafici\\\/\",\"name\":\"Dati anagrafici - IT - casavi Training\",\"isPartOf\":{\"@id\":\"https:\\\/\\\/training.casavi.com\\\/it\\\/#website\"},\"datePublished\":\"2020-07-31T06:27:35+00:00\",\"dateModified\":\"2024-06-13T14:48:49+00:00\",\"breadcrumb\":{\"@id\":\"https:\\\/\\\/training.casavi.com\\\/it\\\/dati-anagrafici\\\/#breadcrumb\"},\"inLanguage\":\"it-IT\",\"potentialAction\":[{\"@type\":\"ReadAction\",\"target\":[\"https:\\\/\\\/training.casavi.com\\\/it\\\/dati-anagrafici\\\/\"]}]},{\"@type\":\"BreadcrumbList\",\"@id\":\"https:\\\/\\\/training.casavi.com\\\/it\\\/dati-anagrafici\\\/#breadcrumb\",\"itemListElement\":[{\"@type\":\"ListItem\",\"position\":1,\"name\":\"Homepage\",\"item\":\"https:\\\/\\\/training.casavi.com\\\/it\\\/\"},{\"@type\":\"ListItem\",\"position\":2,\"name\":\"Dati anagrafici\"}]},{\"@type\":\"WebSite\",\"@id\":\"https:\\\/\\\/training.casavi.com\\\/it\\\/#website\",\"url\":\"https:\\\/\\\/training.casavi.com\\\/it\\\/\",\"name\":\"IT - casavi Training\",\"description\":\"\",\"potentialAction\":[{\"@type\":\"SearchAction\",\"target\":{\"@type\":\"EntryPoint\",\"urlTemplate\":\"https:\\\/\\\/training.casavi.com\\\/it\\\/?s={search_term_string}\"},\"query-input\":{\"@type\":\"PropertyValueSpecification\",\"valueRequired\":true,\"valueName\":\"search_term_string\"}}],\"inLanguage\":\"it-IT\"}]}<\/script>\n<!-- \/ Yoast SEO plugin. -->","yoast_head_json":{"title":"Dati anagrafici - IT - casavi Training","robots":{"index":"noindex","follow":"follow","max-snippet":"max-snippet:-1","max-image-preview":"max-image-preview:large","max-video-preview":"max-video-preview:-1"},"og_locale":"it_IT","og_type":"article","og_title":"Dati anagrafici - IT - casavi Training","og_description":"Importa dati anagrafici manualmente Se non disponi di un&#8217;interfaccia con un altro sistema di inventario, puoi importare manualmente i dati anagrafici da file Excel. Usa le istruzioni nella sezione &#8220;centro assistenza&#8221; per preparare l&#8217;elenco da importare. Puoi trovare materiale utile relativo al processo di importazione manuale qui.","og_url":"https:\/\/training.casavi.com\/it\/dati-anagrafici\/","og_site_name":"IT - casavi Training","article_modified_time":"2024-06-13T14:48:49+00:00","twitter_card":"summary_large_image","twitter_misc":{"Tempo di lettura stimato":"1 minuto"},"schema":{"@context":"https:\/\/schema.org","@graph":[{"@type":"WebPage","@id":"https:\/\/training.casavi.com\/it\/dati-anagrafici\/","url":"https:\/\/training.casavi.com\/it\/dati-anagrafici\/","name":"Dati anagrafici - IT - casavi Training","isPartOf":{"@id":"https:\/\/training.casavi.com\/it\/#website"},"datePublished":"2020-07-31T06:27:35+00:00","dateModified":"2024-06-13T14:48:49+00:00","breadcrumb":{"@id":"https:\/\/training.casavi.com\/it\/dati-anagrafici\/#breadcrumb"},"inLanguage":"it-IT","potentialAction":[{"@type":"ReadAction","target":["https:\/\/training.casavi.com\/it\/dati-anagrafici\/"]}]},{"@type":"BreadcrumbList","@id":"https:\/\/training.casavi.com\/it\/dati-anagrafici\/#breadcrumb","itemListElement":[{"@type":"ListItem","position":1,"name":"Homepage","item":"https:\/\/training.casavi.com\/it\/"},{"@type":"ListItem","position":2,"name":"Dati anagrafici"}]},{"@type":"WebSite","@id":"https:\/\/training.casavi.com\/it\/#website","url":"https:\/\/training.casavi.com\/it\/","name":"IT - casavi Training","description":"","potentialAction":[{"@type":"SearchAction","target":{"@type":"EntryPoint","urlTemplate":"https:\/\/training.casavi.com\/it\/?s={search_term_string}"},"query-input":{"@type":"PropertyValueSpecification","valueRequired":true,"valueName":"search_term_string"}}],"inLanguage":"it-IT"}]}},"_links":{"self":[{"href":"https:\/\/training.casavi.com\/it\/wp-json\/wp\/v2\/pages\/180","targetHints":{"allow":["GET"]}}],"collection":[{"href":"https:\/\/training.casavi.com\/it\/wp-json\/wp\/v2\/pages"}],"about":[{"href":"https:\/\/training.casavi.com\/it\/wp-json\/wp\/v2\/types\/page"}],"author":[{"embeddable":true,"href":"https:\/\/training.casavi.com\/it\/wp-json\/wp\/v2\/users\/2"}],"replies":[{"embeddable":true,"href":"https:\/\/training.casavi.com\/it\/wp-json\/wp\/v2\/comments?post=180"}],"version-history":[{"count":15,"href":"https:\/\/training.casavi.com\/it\/wp-json\/wp\/v2\/pages\/180\/revisions"}],"predecessor-version":[{"id":7668,"href":"https:\/\/training.casavi.com\/it\/wp-json\/wp\/v2\/pages\/180\/revisions\/7668"}],"wp:attachment":[{"href":"https:\/\/training.casavi.com\/it\/wp-json\/wp\/v2\/media?parent=180"}],"curies":[{"name":"wp","href":"https:\/\/api.w.org\/{rel}","templated":true}]}}