{"id":184,"date":"2020-07-31T08:28:13","date_gmt":"2020-07-31T06:28:13","guid":{"rendered":"https:\/\/start.mycasavi.com\/?page_id=184"},"modified":"2023-11-16T09:09:34","modified_gmt":"2023-11-16T08:09:34","slug":"fornitori-di-servizi","status":"publish","type":"page","link":"https:\/\/training.casavi.com\/it\/fornitori-di-servizi\/","title":{"rendered":"Fornitori di servizi"},"content":{"rendered":"\n<p>Step 3:<\/p>\n\n\n\n<div class=\"wp-block-group is-style-cta-dark is-layout-flow wp-block-group-is-layout-flow\">\n<div class=\"wp-block-group is-layout-flow wp-block-group-is-layout-flow\">\n<div class=\"wp-block-group is-layout-flow wp-block-group-is-layout-flow\">\n<h2 class=\"wp-block-heading has-text-align-center has-gray-0-color has-text-color\">Crea i contatti dei fornitori di servizi<\/h2>\n<\/div>\n<\/div>\n<\/div>\n\n\n\n<div style=\"height:38px\" aria-hidden=\"true\" class=\"wp-block-spacer\"><\/div>\n\n\n<div class=\"lh-feature-card card image-position-left lh-block-lh-feature-card align has-text-color has--color has-background-color has-gray-0-background-color\">\n\t<div class=\"feature-card-image\">\n\t\t\t\t\t<img loading=\"lazy\" decoding=\"async\" width=\"637\" height=\"592\" src=\"https:\/\/training.casavi.com\/it\/wp-content\/uploads\/sites\/3\/2023\/04\/Screenshot-2023-04-21-114318-300x279.png\" class=\"attachment-full size-full lazyload\" alt=\"\" data-sizes=\"auto\" data-srcset=\"https:\/\/training.casavi.com\/it\/wp-content\/uploads\/sites\/3\/2023\/04\/Screenshot-2023-04-21-114318-300x279.png 300w, https:\/\/training.casavi.com\/it\/wp-content\/uploads\/sites\/3\/2023\/04\/Screenshot-2023-04-21-114318.png 637w\" data-src=\"https:\/\/training.casavi.com\/it\/wp-content\/uploads\/sites\/3\/2023\/04\/Screenshot-2023-04-21-114318.png\" \/>\t\t\t<\/div>\n\t<div class=\"feature-card-content stack\">\n\t\t\n\n<p><\/p>\n\n\n\n<p>ATTENZIONE: Se i fornitorI di servizi possono essere importati tramite l&#8217;interfaccia, puoi saltare questo passaggio.<\/p>\n\n\t<\/div>\n<\/div>\n\n\n\n<div style=\"height:45px\" aria-hidden=\"true\" class=\"wp-block-spacer\"><\/div>\n\n\n\n<p>Hai due opzioni per memorizzare i contatti dei tuoi fornitori di servizi:<\/p>\n\n\n<ol class=\"wp-block-list\">\n<li>Creando manualmente i contatti, sotto la voce del menu &#8220;Contatti&#8221;.<\/li>\n\n\n\n<li>Compilando e caricando il nostro modello di importazione &#8220;<strong>Esempio di importazione dei fornitori di servizi_modello vuoto<\/strong>&#8220;. Puoi trovarlo <a href=\"https:\/\/downloads.comunicasa.it\/download-category\/comunicasa-pacchetto-di-onboarding\/importazione-manuale\/\"><strong>qui<\/strong><\/a> nel download center per i nostri clienti.<\/li>\n<\/ol>\n\n\n<p>Successivamente, invia il file con oggetto &#8220;Importa Fornitori di Servizi&#8221; a <a href=\"mailto:onboarding@casavi.de\">onboarding@casavi.de<\/a>. Il nostro team controller\u00e0 il tuo file, eseguir\u00e0 l&#8217;importazione iniziale e ti fornir\u00e0 un feedback tempestivo. <br><br>Una volta che i fornitori di servizi saranno stati importati su comunicasa, potrai collegarli alle rispettive propriet\u00e0 e ai tipi di servizi corrispondenti, potrai quindi memorizzarli internamente o renderli visibili ai tuoi clienti nel portale. Puoi trovare una spiegazione dettagliata <strong><a href=\"https:\/\/downloads.comunicasa.it\/download\/comunicasa-pacchetto-di-onboarding\/importazione-manuale\/importazione-fornitori-di-servizi\/importazione-fornitori-di-servizi\/\">qui<\/a><\/strong>.<\/p>\n\n\n\n<div style=\"height:43px\" aria-hidden=\"true\" class=\"wp-block-spacer\"><\/div>\n\n\n\n<div class=\"wp-block-buttons is-layout-flex wp-block-buttons-is-layout-flex\"><\/div>\n\n\n\n<div class=\"wp-block-buttons is-content-justification-center is-layout-flex wp-container-core-buttons-is-layout-a89b3969 wp-block-buttons-is-layout-flex\">\n<div class=\"wp-block-button\"><a class=\"wp-block-button__link wp-element-button\" href=\"https:\/\/training.comunicasa.it\/smarttask\/\">Continua con lo step 4<\/a><\/div>\n<\/div>\n\n\n\n<p class=\"has-text-align-center has-small-font-size\"><a href=\"https:\/\/training.comunicasa.it\/\">Ritorna alla home page<\/a><\/p>\n","protected":false},"excerpt":{"rendered":"<p>Step 3: Crea i contatti dei fornitori di servizi Hai due opzioni per memorizzare i contatti dei tuoi fornitori di servizi: Successivamente, invia il file con oggetto &#8220;Importa Fornitori di Servizi&#8221; a onboarding@casavi.de. Il nostro team controller\u00e0 il tuo file, eseguir\u00e0 l&#8217;importazione iniziale e ti fornir\u00e0 un feedback tempestivo. Una volta che i fornitori di [&hellip;]<\/p>\n","protected":false},"author":2,"featured_media":0,"parent":0,"menu_order":0,"comment_status":"closed","ping_status":"closed","template":"","meta":{"_acf_changed":false,"_show_the_title":false,"footnotes":""},"class_list":["post-184","page","type-page","status-publish","hentry"],"acf":[],"yoast_head":"<!-- This site is optimized with the Yoast SEO plugin v27.4 - https:\/\/yoast.com\/product\/yoast-seo-wordpress\/ -->\n<title>Fornitori di servizi - IT - casavi Training<\/title>\n<meta name=\"robots\" content=\"noindex, follow, max-snippet:-1, max-image-preview:large, max-video-preview:-1\" \/>\n<meta property=\"og:locale\" content=\"it_IT\" \/>\n<meta property=\"og:type\" content=\"article\" \/>\n<meta property=\"og:title\" content=\"Fornitori di servizi - IT - casavi Training\" \/>\n<meta property=\"og:description\" content=\"Step 3: Crea i contatti dei fornitori di servizi Hai due opzioni per memorizzare i contatti dei tuoi fornitori di servizi: Successivamente, invia il file con oggetto &#8220;Importa Fornitori di Servizi&#8221; a onboarding@casavi.de. Il nostro team controller\u00e0 il tuo file, eseguir\u00e0 l&#8217;importazione iniziale e ti fornir\u00e0 un feedback tempestivo. Una volta che i fornitori di [&hellip;]\" \/>\n<meta property=\"og:url\" content=\"https:\/\/training.casavi.com\/it\/fornitori-di-servizi\/\" \/>\n<meta property=\"og:site_name\" content=\"IT - casavi Training\" \/>\n<meta property=\"article:modified_time\" content=\"2023-11-16T08:09:34+00:00\" \/>\n<meta name=\"twitter:card\" content=\"summary_large_image\" \/>\n<meta name=\"twitter:label1\" content=\"Tempo di lettura stimato\" \/>\n\t<meta name=\"twitter:data1\" content=\"1 minuto\" \/>\n<script type=\"application\/ld+json\" class=\"yoast-schema-graph\">{\"@context\":\"https:\\\/\\\/schema.org\",\"@graph\":[{\"@type\":\"WebPage\",\"@id\":\"https:\\\/\\\/training.casavi.com\\\/it\\\/fornitori-di-servizi\\\/\",\"url\":\"https:\\\/\\\/training.casavi.com\\\/it\\\/fornitori-di-servizi\\\/\",\"name\":\"Fornitori di servizi - IT - casavi Training\",\"isPartOf\":{\"@id\":\"https:\\\/\\\/training.casavi.com\\\/it\\\/#website\"},\"datePublished\":\"2020-07-31T06:28:13+00:00\",\"dateModified\":\"2023-11-16T08:09:34+00:00\",\"breadcrumb\":{\"@id\":\"https:\\\/\\\/training.casavi.com\\\/it\\\/fornitori-di-servizi\\\/#breadcrumb\"},\"inLanguage\":\"it-IT\",\"potentialAction\":[{\"@type\":\"ReadAction\",\"target\":[\"https:\\\/\\\/training.casavi.com\\\/it\\\/fornitori-di-servizi\\\/\"]}]},{\"@type\":\"BreadcrumbList\",\"@id\":\"https:\\\/\\\/training.casavi.com\\\/it\\\/fornitori-di-servizi\\\/#breadcrumb\",\"itemListElement\":[{\"@type\":\"ListItem\",\"position\":1,\"name\":\"Homepage\",\"item\":\"https:\\\/\\\/training.casavi.com\\\/it\\\/\"},{\"@type\":\"ListItem\",\"position\":2,\"name\":\"Fornitori di servizi\"}]},{\"@type\":\"WebSite\",\"@id\":\"https:\\\/\\\/training.casavi.com\\\/it\\\/#website\",\"url\":\"https:\\\/\\\/training.casavi.com\\\/it\\\/\",\"name\":\"IT - casavi Training\",\"description\":\"\",\"potentialAction\":[{\"@type\":\"SearchAction\",\"target\":{\"@type\":\"EntryPoint\",\"urlTemplate\":\"https:\\\/\\\/training.casavi.com\\\/it\\\/?s={search_term_string}\"},\"query-input\":{\"@type\":\"PropertyValueSpecification\",\"valueRequired\":true,\"valueName\":\"search_term_string\"}}],\"inLanguage\":\"it-IT\"}]}<\/script>\n<!-- \/ Yoast SEO plugin. -->","yoast_head_json":{"title":"Fornitori di servizi - IT - casavi Training","robots":{"index":"noindex","follow":"follow","max-snippet":"max-snippet:-1","max-image-preview":"max-image-preview:large","max-video-preview":"max-video-preview:-1"},"og_locale":"it_IT","og_type":"article","og_title":"Fornitori di servizi - IT - casavi Training","og_description":"Step 3: Crea i contatti dei fornitori di servizi Hai due opzioni per memorizzare i contatti dei tuoi fornitori di servizi: Successivamente, invia il file con oggetto &#8220;Importa Fornitori di Servizi&#8221; a onboarding@casavi.de. Il nostro team controller\u00e0 il tuo file, eseguir\u00e0 l&#8217;importazione iniziale e ti fornir\u00e0 un feedback tempestivo. Una volta che i fornitori di [&hellip;]","og_url":"https:\/\/training.casavi.com\/it\/fornitori-di-servizi\/","og_site_name":"IT - casavi Training","article_modified_time":"2023-11-16T08:09:34+00:00","twitter_card":"summary_large_image","twitter_misc":{"Tempo di lettura stimato":"1 minuto"},"schema":{"@context":"https:\/\/schema.org","@graph":[{"@type":"WebPage","@id":"https:\/\/training.casavi.com\/it\/fornitori-di-servizi\/","url":"https:\/\/training.casavi.com\/it\/fornitori-di-servizi\/","name":"Fornitori di servizi - IT - casavi Training","isPartOf":{"@id":"https:\/\/training.casavi.com\/it\/#website"},"datePublished":"2020-07-31T06:28:13+00:00","dateModified":"2023-11-16T08:09:34+00:00","breadcrumb":{"@id":"https:\/\/training.casavi.com\/it\/fornitori-di-servizi\/#breadcrumb"},"inLanguage":"it-IT","potentialAction":[{"@type":"ReadAction","target":["https:\/\/training.casavi.com\/it\/fornitori-di-servizi\/"]}]},{"@type":"BreadcrumbList","@id":"https:\/\/training.casavi.com\/it\/fornitori-di-servizi\/#breadcrumb","itemListElement":[{"@type":"ListItem","position":1,"name":"Homepage","item":"https:\/\/training.casavi.com\/it\/"},{"@type":"ListItem","position":2,"name":"Fornitori di servizi"}]},{"@type":"WebSite","@id":"https:\/\/training.casavi.com\/it\/#website","url":"https:\/\/training.casavi.com\/it\/","name":"IT - casavi Training","description":"","potentialAction":[{"@type":"SearchAction","target":{"@type":"EntryPoint","urlTemplate":"https:\/\/training.casavi.com\/it\/?s={search_term_string}"},"query-input":{"@type":"PropertyValueSpecification","valueRequired":true,"valueName":"search_term_string"}}],"inLanguage":"it-IT"}]}},"_links":{"self":[{"href":"https:\/\/training.casavi.com\/it\/wp-json\/wp\/v2\/pages\/184","targetHints":{"allow":["GET"]}}],"collection":[{"href":"https:\/\/training.casavi.com\/it\/wp-json\/wp\/v2\/pages"}],"about":[{"href":"https:\/\/training.casavi.com\/it\/wp-json\/wp\/v2\/types\/page"}],"author":[{"embeddable":true,"href":"https:\/\/training.casavi.com\/it\/wp-json\/wp\/v2\/users\/2"}],"replies":[{"embeddable":true,"href":"https:\/\/training.casavi.com\/it\/wp-json\/wp\/v2\/comments?post=184"}],"version-history":[{"count":12,"href":"https:\/\/training.casavi.com\/it\/wp-json\/wp\/v2\/pages\/184\/revisions"}],"predecessor-version":[{"id":7567,"href":"https:\/\/training.casavi.com\/it\/wp-json\/wp\/v2\/pages\/184\/revisions\/7567"}],"wp:attachment":[{"href":"https:\/\/training.casavi.com\/it\/wp-json\/wp\/v2\/media?parent=184"}],"curies":[{"name":"wp","href":"https:\/\/api.w.org\/{rel}","templated":true}]}}