{"id":6328,"date":"2022-06-02T08:52:02","date_gmt":"2022-06-02T06:52:02","guid":{"rendered":"https:\/\/start.mycasavi.com\/?page_id=6328"},"modified":"2023-11-06T16:51:27","modified_gmt":"2023-11-06T15:51:27","slug":"mybrand-premium","status":"publish","type":"page","link":"https:\/\/training.casavi.com\/it\/mybrand-premium\/","title":{"rendered":"MyBrand Premium"},"content":{"rendered":"\n<p>Add-on:<\/p>\n\n\n\n<div class=\"wp-block-group is-style-cta-dark is-layout-constrained wp-block-group-is-layout-constrained\">\n<h2 class=\"wp-block-heading has-text-align-center has-gray-0-color has-text-color\">Guida a MyBrand Premium<\/h2>\n<\/div>\n\n\n\n<div style=\"height:63px\" aria-hidden=\"true\" class=\"wp-block-spacer\"><\/div>\n\n\n\n<p>Metti a disposizione dei tuoi clienti la piattaforma aziendale con il <strong>design del tuo Brand<\/strong> ed il dominio personalizzato e sorprendi proprietari ed inquilini con la tua App personale.  <\/p>\n\n\n\n<div style=\"height:63px\" aria-hidden=\"true\" class=\"wp-block-spacer\"><\/div>\n\n\n\n<div class=\"wp-block-group is-style-card has-gray-100-background-color has-background is-layout-constrained wp-block-group-is-layout-constrained\">\n<div class=\"wp-block-columns is-layout-flex wp-container-core-columns-is-layout-28f84493 wp-block-columns-is-layout-flex\">\n<div class=\"wp-block-column is-layout-flow wp-block-column-is-layout-flow\" style=\"flex-basis:33.33%\"><figure class=\"wp-block-image size-full is-resized\"><img loading=\"lazy\" decoding=\"async\" width=\"166\" height=\"359\" src=\"https:\/\/training.casavi.com\/it\/wp-content\/uploads\/sites\/3\/2023\/10\/MyBrand-MyApp-Mockup-02-Home-Screen-Italian-139x300.png\" class=\"attachment-full size-full lazyload\" alt=\"\" data-sizes=\"auto\" data-srcset=\"https:\/\/training.casavi.com\/it\/wp-content\/uploads\/sites\/3\/2023\/10\/MyBrand-MyApp-Mockup-02-Home-Screen-Italian-139x300.png 139w, https:\/\/training.casavi.com\/it\/wp-content\/uploads\/sites\/3\/2023\/10\/MyBrand-MyApp-Mockup-02-Home-Screen-Italian.png 390w\" data-src=\"https:\/\/training.casavi.com\/it\/wp-content\/uploads\/sites\/3\/2023\/10\/MyBrand-MyApp-Mockup-02-Home-Screen-Italian.png\"><\/figure><\/div>\n\n\n\n<div class=\"wp-block-column is-vertically-aligned-center is-layout-flow wp-block-column-is-layout-flow\" style=\"flex-basis:66.66%\"><figure class=\"wp-block-image size-full\"><img loading=\"lazy\" decoding=\"async\" width=\"812\" height=\"435\" src=\"https:\/\/training.casavi.com\/it\/wp-content\/uploads\/sites\/3\/2023\/04\/2022-06-01-17_55_54-casavi-MyBrand-Jetzt-mehr-erfahren-e1682088402949-300x161.png\" class=\"attachment-full size-full lazyload\" alt=\"\" data-sizes=\"auto\" data-srcset=\"https:\/\/training.casavi.com\/it\/wp-content\/uploads\/sites\/3\/2023\/04\/2022-06-01-17_55_54-casavi-MyBrand-Jetzt-mehr-erfahren-e1682088402949-300x161.png 300w, https:\/\/training.casavi.com\/it\/wp-content\/uploads\/sites\/3\/2023\/04\/2022-06-01-17_55_54-casavi-MyBrand-Jetzt-mehr-erfahren-e1682088402949-768x411.png 768w, https:\/\/training.casavi.com\/it\/wp-content\/uploads\/sites\/3\/2023\/04\/2022-06-01-17_55_54-casavi-MyBrand-Jetzt-mehr-erfahren-e1682088402949.png 812w\" data-src=\"https:\/\/training.casavi.com\/it\/wp-content\/uploads\/sites\/3\/2023\/04\/2022-06-01-17_55_54-casavi-MyBrand-Jetzt-mehr-erfahren-e1682088402949.png\"><\/figure><\/div>\n<\/div>\n<\/div>\n\n\n\n<div style=\"height:63px\" aria-hidden=\"true\" class=\"wp-block-spacer\"><\/div>\n\n\n\n<p>Il pacchetto <strong>MyBrand Premium <\/strong>comprende l&#8217;App personalizzata, il dominio e la soluzione &#8220;White-Label&#8221;. <\/p>\n\n\n\n<p>Affinch\u00e9 possiamo apportare le modifiche desiderate nel pi\u00f9 breve tempo possibile, \u00e8 necessario seguire le guide corrispondenti per tutti e tre gli argomenti:<\/p>\n\n\n\n<div style=\"height:63px\" aria-hidden=\"true\" class=\"wp-block-spacer\"><\/div>\n\n\n\n<div class=\"wp-block-columns is-layout-flex wp-container-core-columns-is-layout-28f84493 wp-block-columns-is-layout-flex\">\n<div class=\"wp-block-column is-layout-flow wp-block-column-is-layout-flow\" style=\"flex-basis:25%\">\n<p>Guida per:<\/p>\n<\/div>\n\n\n\n<div class=\"wp-block-column is-layout-flow wp-block-column-is-layout-flow\" style=\"flex-basis:80%\">\n<div class=\"wp-block-buttons is-content-justification-center is-layout-flex wp-container-core-buttons-is-layout-b02886af wp-block-buttons-is-layout-flex\">\n<div class=\"wp-block-button\"><a class=\"wp-block-button__link wp-element-button\" href=\"https:\/\/training.casavi.com\/it\/myapp\/\">MyApp \u2192<\/a><\/div>\n\n\n\n<div class=\"wp-block-button\"><a class=\"wp-block-button__link wp-element-button\" href=\"https:\/\/training.casavi.com\/it\/mydomain\/\">MyDomain \u2192<\/a><\/div>\n\n\n\n<div class=\"wp-block-button\"><a class=\"wp-block-button__link wp-element-button\" href=\"https:\/\/training.casavi.com\/it\/mywhitelabel\/\">MyWhiteLabel \u2192<\/a><\/div>\n<\/div>\n<\/div>\n<\/div>\n\n\n\n<div style=\"height:63px\" aria-hidden=\"true\" class=\"wp-block-spacer\"><\/div>\n\n\n\n<p class=\"has-text-align-center has-small-font-size\"><a href=\"https:\/\/training.comunicasa.it\/\">Ritorna alla home page<\/a><\/p>\n","protected":false},"excerpt":{"rendered":"<p>Add-on: Guida a MyBrand Premium Metti a disposizione dei tuoi clienti la piattaforma aziendale con il design del tuo Brand ed il dominio personalizzato e sorprendi proprietari ed inquilini con la tua App personale. Il pacchetto MyBrand Premium comprende l&#8217;App personalizzata, il dominio e la soluzione &#8220;White-Label&#8221;. Affinch\u00e9 possiamo apportare le modifiche desiderate nel pi\u00f9 [&hellip;]<\/p>\n","protected":false},"author":2,"featured_media":0,"parent":0,"menu_order":0,"comment_status":"closed","ping_status":"closed","template":"","meta":{"_acf_changed":false,"_show_the_title":false,"footnotes":""},"class_list":["post-6328","page","type-page","status-publish","hentry"],"acf":[],"yoast_head":"<!-- This site is optimized with the Yoast SEO plugin v27.4 - https:\/\/yoast.com\/product\/yoast-seo-wordpress\/ -->\n<title>MyBrand Premium - IT - casavi Training<\/title>\n<meta name=\"robots\" content=\"noindex, follow, max-snippet:-1, max-image-preview:large, max-video-preview:-1\" \/>\n<meta property=\"og:locale\" content=\"it_IT\" \/>\n<meta property=\"og:type\" content=\"article\" \/>\n<meta property=\"og:title\" content=\"MyBrand Premium - IT - casavi Training\" \/>\n<meta property=\"og:description\" content=\"Add-on: Guida a MyBrand Premium Metti a disposizione dei tuoi clienti la piattaforma aziendale con il design del tuo Brand ed il dominio personalizzato e sorprendi proprietari ed inquilini con la tua App personale. Il pacchetto MyBrand Premium comprende l&#8217;App personalizzata, il dominio e la soluzione &#8220;White-Label&#8221;. Affinch\u00e9 possiamo apportare le modifiche desiderate nel pi\u00f9 [&hellip;]\" \/>\n<meta property=\"og:url\" content=\"https:\/\/training.casavi.com\/it\/mybrand-premium\/\" \/>\n<meta property=\"og:site_name\" content=\"IT - casavi Training\" \/>\n<meta property=\"article:modified_time\" content=\"2023-11-06T15:51:27+00:00\" \/>\n<meta property=\"og:image\" content=\"https:\/\/training.casavi.com\/it\/wp-content\/uploads\/sites\/3\/2023\/10\/MyBrand-MyApp-Mockup-02-Home-Screen-Italian.png\" \/>\n<meta name=\"twitter:card\" content=\"summary_large_image\" \/>\n<meta name=\"twitter:label1\" content=\"Tempo di lettura stimato\" \/>\n\t<meta name=\"twitter:data1\" content=\"1 minuto\" \/>\n<script type=\"application\/ld+json\" class=\"yoast-schema-graph\">{\"@context\":\"https:\\\/\\\/schema.org\",\"@graph\":[{\"@type\":\"WebPage\",\"@id\":\"https:\\\/\\\/training.casavi.com\\\/it\\\/mybrand-premium\\\/\",\"url\":\"https:\\\/\\\/training.casavi.com\\\/it\\\/mybrand-premium\\\/\",\"name\":\"MyBrand Premium - IT - casavi Training\",\"isPartOf\":{\"@id\":\"https:\\\/\\\/training.casavi.com\\\/it\\\/#website\"},\"primaryImageOfPage\":{\"@id\":\"https:\\\/\\\/training.casavi.com\\\/it\\\/mybrand-premium\\\/#primaryimage\"},\"image\":{\"@id\":\"https:\\\/\\\/training.casavi.com\\\/it\\\/mybrand-premium\\\/#primaryimage\"},\"thumbnailUrl\":\"https:\\\/\\\/training.casavi.com\\\/it\\\/wp-content\\\/uploads\\\/sites\\\/3\\\/2023\\\/10\\\/MyBrand-MyApp-Mockup-02-Home-Screen-Italian.png\",\"datePublished\":\"2022-06-02T06:52:02+00:00\",\"dateModified\":\"2023-11-06T15:51:27+00:00\",\"breadcrumb\":{\"@id\":\"https:\\\/\\\/training.casavi.com\\\/it\\\/mybrand-premium\\\/#breadcrumb\"},\"inLanguage\":\"it-IT\",\"potentialAction\":[{\"@type\":\"ReadAction\",\"target\":[\"https:\\\/\\\/training.casavi.com\\\/it\\\/mybrand-premium\\\/\"]}]},{\"@type\":\"ImageObject\",\"inLanguage\":\"it-IT\",\"@id\":\"https:\\\/\\\/training.casavi.com\\\/it\\\/mybrand-premium\\\/#primaryimage\",\"url\":\"https:\\\/\\\/training.casavi.com\\\/it\\\/wp-content\\\/uploads\\\/sites\\\/3\\\/2023\\\/10\\\/MyBrand-MyApp-Mockup-02-Home-Screen-Italian.png\",\"contentUrl\":\"https:\\\/\\\/training.casavi.com\\\/it\\\/wp-content\\\/uploads\\\/sites\\\/3\\\/2023\\\/10\\\/MyBrand-MyApp-Mockup-02-Home-Screen-Italian.png\",\"width\":390,\"height\":844},{\"@type\":\"BreadcrumbList\",\"@id\":\"https:\\\/\\\/training.casavi.com\\\/it\\\/mybrand-premium\\\/#breadcrumb\",\"itemListElement\":[{\"@type\":\"ListItem\",\"position\":1,\"name\":\"Homepage\",\"item\":\"https:\\\/\\\/training.casavi.com\\\/it\\\/\"},{\"@type\":\"ListItem\",\"position\":2,\"name\":\"MyBrand Premium\"}]},{\"@type\":\"WebSite\",\"@id\":\"https:\\\/\\\/training.casavi.com\\\/it\\\/#website\",\"url\":\"https:\\\/\\\/training.casavi.com\\\/it\\\/\",\"name\":\"IT - casavi Training\",\"description\":\"\",\"potentialAction\":[{\"@type\":\"SearchAction\",\"target\":{\"@type\":\"EntryPoint\",\"urlTemplate\":\"https:\\\/\\\/training.casavi.com\\\/it\\\/?s={search_term_string}\"},\"query-input\":{\"@type\":\"PropertyValueSpecification\",\"valueRequired\":true,\"valueName\":\"search_term_string\"}}],\"inLanguage\":\"it-IT\"}]}<\/script>\n<!-- \/ Yoast SEO plugin. -->","yoast_head_json":{"title":"MyBrand Premium - IT - casavi Training","robots":{"index":"noindex","follow":"follow","max-snippet":"max-snippet:-1","max-image-preview":"max-image-preview:large","max-video-preview":"max-video-preview:-1"},"og_locale":"it_IT","og_type":"article","og_title":"MyBrand Premium - IT - casavi Training","og_description":"Add-on: Guida a MyBrand Premium Metti a disposizione dei tuoi clienti la piattaforma aziendale con il design del tuo Brand ed il dominio personalizzato e sorprendi proprietari ed inquilini con la tua App personale. Il pacchetto MyBrand Premium comprende l&#8217;App personalizzata, il dominio e la soluzione &#8220;White-Label&#8221;. Affinch\u00e9 possiamo apportare le modifiche desiderate nel pi\u00f9 [&hellip;]","og_url":"https:\/\/training.casavi.com\/it\/mybrand-premium\/","og_site_name":"IT - casavi Training","article_modified_time":"2023-11-06T15:51:27+00:00","og_image":[{"url":"https:\/\/training.casavi.com\/it\/wp-content\/uploads\/sites\/3\/2023\/10\/MyBrand-MyApp-Mockup-02-Home-Screen-Italian.png","type":"","width":"","height":""}],"twitter_card":"summary_large_image","twitter_misc":{"Tempo di lettura stimato":"1 minuto"},"schema":{"@context":"https:\/\/schema.org","@graph":[{"@type":"WebPage","@id":"https:\/\/training.casavi.com\/it\/mybrand-premium\/","url":"https:\/\/training.casavi.com\/it\/mybrand-premium\/","name":"MyBrand Premium - IT - casavi Training","isPartOf":{"@id":"https:\/\/training.casavi.com\/it\/#website"},"primaryImageOfPage":{"@id":"https:\/\/training.casavi.com\/it\/mybrand-premium\/#primaryimage"},"image":{"@id":"https:\/\/training.casavi.com\/it\/mybrand-premium\/#primaryimage"},"thumbnailUrl":"https:\/\/training.casavi.com\/it\/wp-content\/uploads\/sites\/3\/2023\/10\/MyBrand-MyApp-Mockup-02-Home-Screen-Italian.png","datePublished":"2022-06-02T06:52:02+00:00","dateModified":"2023-11-06T15:51:27+00:00","breadcrumb":{"@id":"https:\/\/training.casavi.com\/it\/mybrand-premium\/#breadcrumb"},"inLanguage":"it-IT","potentialAction":[{"@type":"ReadAction","target":["https:\/\/training.casavi.com\/it\/mybrand-premium\/"]}]},{"@type":"ImageObject","inLanguage":"it-IT","@id":"https:\/\/training.casavi.com\/it\/mybrand-premium\/#primaryimage","url":"https:\/\/training.casavi.com\/it\/wp-content\/uploads\/sites\/3\/2023\/10\/MyBrand-MyApp-Mockup-02-Home-Screen-Italian.png","contentUrl":"https:\/\/training.casavi.com\/it\/wp-content\/uploads\/sites\/3\/2023\/10\/MyBrand-MyApp-Mockup-02-Home-Screen-Italian.png","width":390,"height":844},{"@type":"BreadcrumbList","@id":"https:\/\/training.casavi.com\/it\/mybrand-premium\/#breadcrumb","itemListElement":[{"@type":"ListItem","position":1,"name":"Homepage","item":"https:\/\/training.casavi.com\/it\/"},{"@type":"ListItem","position":2,"name":"MyBrand Premium"}]},{"@type":"WebSite","@id":"https:\/\/training.casavi.com\/it\/#website","url":"https:\/\/training.casavi.com\/it\/","name":"IT - casavi Training","description":"","potentialAction":[{"@type":"SearchAction","target":{"@type":"EntryPoint","urlTemplate":"https:\/\/training.casavi.com\/it\/?s={search_term_string}"},"query-input":{"@type":"PropertyValueSpecification","valueRequired":true,"valueName":"search_term_string"}}],"inLanguage":"it-IT"}]}},"_links":{"self":[{"href":"https:\/\/training.casavi.com\/it\/wp-json\/wp\/v2\/pages\/6328","targetHints":{"allow":["GET"]}}],"collection":[{"href":"https:\/\/training.casavi.com\/it\/wp-json\/wp\/v2\/pages"}],"about":[{"href":"https:\/\/training.casavi.com\/it\/wp-json\/wp\/v2\/types\/page"}],"author":[{"embeddable":true,"href":"https:\/\/training.casavi.com\/it\/wp-json\/wp\/v2\/users\/2"}],"replies":[{"embeddable":true,"href":"https:\/\/training.casavi.com\/it\/wp-json\/wp\/v2\/comments?post=6328"}],"version-history":[{"count":12,"href":"https:\/\/training.casavi.com\/it\/wp-json\/wp\/v2\/pages\/6328\/revisions"}],"predecessor-version":[{"id":7533,"href":"https:\/\/training.casavi.com\/it\/wp-json\/wp\/v2\/pages\/6328\/revisions\/7533"}],"wp:attachment":[{"href":"https:\/\/training.casavi.com\/it\/wp-json\/wp\/v2\/media?parent=6328"}],"curies":[{"name":"wp","href":"https:\/\/api.w.org\/{rel}","templated":true}]}}